{"id":316730,"date":"2024-11-21T17:10:40","date_gmt":"2024-11-21T16:10:40","guid":{"rendered":"https:\/\/rwp.rizoma.com\/negozio\/cupula-con-kit-de-montaje-zvp010\/"},"modified":"2025-06-06T06:27:02","modified_gmt":"2025-06-06T04:27:02","slug":"cupula-con-kit-de-montaje-zvp010","status":"publish","type":"product","link":"https:\/\/www.rizoma.com\/es\/negozio\/cupulas\/ZVP010\/cupula-con-kit-de-montaje-zvp010\/motorbike\/3981\/kawasaki\/ninja-900-zx-9r\/","title":{"rendered":"C\u00fapula con Kit de montaje"},"content":{"rendered":"<p>El carenado Rizoma est\u00e1 hecho de aluminio mecanizado y ofrece m\u00e1s opciones de ajuste de altura. El aspecto funcional se completa con el est\u00e9tico, a trav\u00e9s de una gran atenci\u00f3n al detalle. Las escrituras externas trazan las fases de dise\u00f1o de su realizaci\u00f3n, mientras que las internas indican la calidad de los materiales.<\/p>\n","protected":false},"excerpt":{"rendered":"<p>El carenado Rizoma est\u00e1 hecho de aluminio mecanizado y ofrece m\u00e1s opciones de ajuste de altura. El aspecto funcional se completa con el est\u00e9tico, a trav\u00e9s de una gran atenci\u00f3n al detalle. Las escrituras externas trazan las fases de dise\u00f1o de su realizaci\u00f3n, mientras que las internas indican la calidad de los materiales.<\/p>\n","protected":false},"featured_media":302007,"template":"","meta":{"_acf_changed":false},"rizoma_assembly_time":[42742],"rizoma_bike":[42558,42557,42561,42560],"rizoma_division":[42653],"rizoma_family":[],"rizoma_model_category":[],"rizoma_product_template":[],"product_brand":[],"product_cat":[42829],"product_tag":[],"class_list":{"0":"post-316730","1":"product","2":"type-product","3":"status-publish","4":"has-post-thumbnail","6":"rizoma_bike-gts-2015-2017","7":"rizoma_bike-gts-2018-2022","8":"rizoma_bike-gts-super-2015-2017","9":"rizoma_bike-gts-super-2018-2022","10":"product_cat-cupulas","12":"first","13":"instock","14":"sale","15":"taxable","16":"shipping-taxable","17":"purchasable","18":"product-type-variable"},"acf":[],"_links":{"self":[{"href":"https:\/\/www.rizoma.com\/es\/wp-json\/wp\/v2\/product\/316730","targetHints":{"allow":["GET"]}}],"collection":[{"href":"https:\/\/www.rizoma.com\/es\/wp-json\/wp\/v2\/product"}],"about":[{"href":"https:\/\/www.rizoma.com\/es\/wp-json\/wp\/v2\/types\/product"}],"wp:featuredmedia":[{"embeddable":true,"href":"https:\/\/www.rizoma.com\/es\/wp-json\/wp\/v2\/media\/302007"}],"wp:attachment":[{"href":"https:\/\/www.rizoma.com\/es\/wp-json\/wp\/v2\/media?parent=316730"}],"wp:term":[{"taxonomy":"rizoma_assembly_time","embeddable":true,"href":"https:\/\/www.rizoma.com\/es\/wp-json\/wp\/v2\/rizoma_assembly_time?post=316730"},{"taxonomy":"rizoma_bike","embeddable":true,"href":"https:\/\/www.rizoma.com\/es\/wp-json\/wp\/v2\/rizoma_bike?post=316730"},{"taxonomy":"rizoma_division","embeddable":true,"href":"https:\/\/www.rizoma.com\/es\/wp-json\/wp\/v2\/rizoma_division?post=316730"},{"taxonomy":"rizoma_family","embeddable":true,"href":"https:\/\/www.rizoma.com\/es\/wp-json\/wp\/v2\/rizoma_family?post=316730"},{"taxonomy":"rizoma_model_category","embeddable":true,"href":"https:\/\/www.rizoma.com\/es\/wp-json\/wp\/v2\/rizoma_model_category?post=316730"},{"taxonomy":"rizoma_product_template","embeddable":true,"href":"https:\/\/www.rizoma.com\/es\/wp-json\/wp\/v2\/rizoma_product_template?post=316730"},{"taxonomy":"product_brand","embeddable":true,"href":"https:\/\/www.rizoma.com\/es\/wp-json\/wp\/v2\/product_brand?post=316730"},{"taxonomy":"product_cat","embeddable":true,"href":"https:\/\/www.rizoma.com\/es\/wp-json\/wp\/v2\/product_cat?post=316730"},{"taxonomy":"product_tag","embeddable":true,"href":"https:\/\/www.rizoma.com\/es\/wp-json\/wp\/v2\/product_tag?post=316730"}],"curies":[{"name":"wp","href":"https:\/\/api.w.org\/{rel}","templated":true}]}}