{"id":316700,"date":"2024-11-21T17:09:54","date_gmt":"2024-11-21T16:09:54","guid":{"rendered":"https:\/\/rwp.rizoma.com\/negozio\/cupula-con-kit-de-montaje-zdm149\/"},"modified":"2025-07-03T18:31:00","modified_gmt":"2025-07-03T16:31:00","slug":"cupula-con-kit-de-montaje-zdm149","status":"publish","type":"product","link":"https:\/\/www.rizoma.com\/es\/negozio\/cupulas\/ZDM149\/cupula-con-kit-de-montaje-zdm149\/motorbike\/4775\/ducati\/st4-s\/","title":{"rendered":"C\u00fapula con Kit de montaje"},"content":{"rendered":"<p>Un dise\u00f1o innovador para la c\u00fapula de Rizoma, creada para atraer todas las miradas. Fabricada en carbono, un material ligero y resistente, en l\u00ednea con el estilo din\u00e1mico de esta moto. Incluye un kit de montaje completo.<\/p>\n","protected":false},"excerpt":{"rendered":"<p>Un dise\u00f1o innovador para la c\u00fapula de Rizoma, creada para atraer todas las miradas. Fabricada en carbono, un material ligero y resistente, en l\u00ednea con el estilo din\u00e1mico de esta moto. Incluye un kit de montaje completo.<\/p>\n","protected":false},"featured_media":308791,"template":"","meta":{"_acf_changed":false},"rizoma_assembly_time":[42675],"rizoma_bike":[42527,42218,42313,42219,42314,42431,42580,42523,42524],"rizoma_division":[42653],"rizoma_family":[],"rizoma_model_category":[],"rizoma_product_template":[],"product_brand":[],"product_cat":[42829],"product_tag":[],"class_list":{"0":"post-316700","1":"product","2":"type-product","3":"status-publish","4":"has-post-thumbnail","6":"rizoma_bike-streetfighter-v4-2023-24","7":"rizoma_bike-streetfighter-v4-1100-2020","8":"rizoma_bike-streetfighter-v4-1100-2021-22","9":"rizoma_bike-streetfighter-v4-1100-s-2020","10":"rizoma_bike-streetfighter-v4-1100-s-2021-22","11":"rizoma_bike-streetfighter-v4-1100-sp-2022","12":"rizoma_bike-streetfighter-v4-lamborghini-2023-24","13":"rizoma_bike-streetfighter-v4-s-2023-24","14":"rizoma_bike-streetfighter-v4-sp2-2023-24","15":"product_cat-cupulas","17":"first","18":"instock","19":"taxable","20":"shipping-taxable","21":"purchasable","22":"product-type-variable"},"acf":[],"_links":{"self":[{"href":"https:\/\/www.rizoma.com\/es\/wp-json\/wp\/v2\/product\/316700","targetHints":{"allow":["GET"]}}],"collection":[{"href":"https:\/\/www.rizoma.com\/es\/wp-json\/wp\/v2\/product"}],"about":[{"href":"https:\/\/www.rizoma.com\/es\/wp-json\/wp\/v2\/types\/product"}],"wp:featuredmedia":[{"embeddable":true,"href":"https:\/\/www.rizoma.com\/es\/wp-json\/wp\/v2\/media\/308791"}],"wp:attachment":[{"href":"https:\/\/www.rizoma.com\/es\/wp-json\/wp\/v2\/media?parent=316700"}],"wp:term":[{"taxonomy":"rizoma_assembly_time","embeddable":true,"href":"https:\/\/www.rizoma.com\/es\/wp-json\/wp\/v2\/rizoma_assembly_time?post=316700"},{"taxonomy":"rizoma_bike","embeddable":true,"href":"https:\/\/www.rizoma.com\/es\/wp-json\/wp\/v2\/rizoma_bike?post=316700"},{"taxonomy":"rizoma_division","embeddable":true,"href":"https:\/\/www.rizoma.com\/es\/wp-json\/wp\/v2\/rizoma_division?post=316700"},{"taxonomy":"rizoma_family","embeddable":true,"href":"https:\/\/www.rizoma.com\/es\/wp-json\/wp\/v2\/rizoma_family?post=316700"},{"taxonomy":"rizoma_model_category","embeddable":true,"href":"https:\/\/www.rizoma.com\/es\/wp-json\/wp\/v2\/rizoma_model_category?post=316700"},{"taxonomy":"rizoma_product_template","embeddable":true,"href":"https:\/\/www.rizoma.com\/es\/wp-json\/wp\/v2\/rizoma_product_template?post=316700"},{"taxonomy":"product_brand","embeddable":true,"href":"https:\/\/www.rizoma.com\/es\/wp-json\/wp\/v2\/product_brand?post=316700"},{"taxonomy":"product_cat","embeddable":true,"href":"https:\/\/www.rizoma.com\/es\/wp-json\/wp\/v2\/product_cat?post=316700"},{"taxonomy":"product_tag","embeddable":true,"href":"https:\/\/www.rizoma.com\/es\/wp-json\/wp\/v2\/product_tag?post=316700"}],"curies":[{"name":"wp","href":"https:\/\/api.w.org\/{rel}","templated":true}]}}