{"id":316490,"date":"2024-11-21T17:05:10","date_gmt":"2024-11-21T16:05:10","guid":{"rendered":"https:\/\/rwp.rizoma.com\/negozio\/protector-eje-rueda-trasera-sport-r-pwr108\/"},"modified":"2025-12-18T00:37:14","modified_gmt":"2025-12-17T23:37:14","slug":"protector-eje-rueda-trasera-sport-r-pwr108","status":"publish","type":"product","link":"https:\/\/www.rizoma.com\/es\/negozio\/protectores-eje-rueda\/PWR108\/protector-eje-rueda-trasera-sport-r-pwr108\/","title":{"rendered":"Protector eje rueda trasera Sport R"},"content":{"rendered":"<p>La horquilla y el basculante figuran entre las primeras piezas expuestas al contacto con el suelo en caso de ca\u00edda. Los protectores de eje de rueda &#8220;SPORT R&#8221; han sido creados para motos superdeportivas y su uso en circuito. Adem\u00e1s de reducir el rozamiento al suelo y reducir los posibles da\u00f1os en caso de ca\u00edda, han sido dise\u00f1ados para agilizar la extracci\u00f3n y la inserci\u00f3n del eje de rueda, simplificando as\u00ed la sustituci\u00f3n de la rueda delantera o trasera. Parte estructural en aluminio mecanizado a partir de un bloque macizo y deslizador reemplazable en Delrin\u00ae. Un excelente compromiso entre est\u00e9tica, ligereza y funcionalidad.<\/p>\n","protected":false},"excerpt":{"rendered":"<p>La horquilla y el basculante figuran entre las primeras piezas expuestas al contacto con el suelo en caso de ca\u00edda. Los protectores de eje de rueda &#8220;SPORT R&#8221; han sido creados para motos superdeportivas y su uso en circuito. Adem\u00e1s de reducir el rozamiento al suelo y reducir los posibles da\u00f1os en caso de ca\u00edda, [&hellip;]<\/p>\n","protected":false},"featured_media":296542,"template":"","meta":{"_acf_changed":false},"rizoma_assembly_time":[42664],"rizoma_bike":[42053,41947,41992,42058],"rizoma_division":[42653],"rizoma_family":[],"rizoma_model_category":[],"rizoma_product_template":[],"product_brand":[],"product_cat":[42995],"product_tag":[],"class_list":{"0":"post-316490","1":"product","2":"type-product","3":"status-publish","4":"has-post-thumbnail","6":"rizoma_bike-mt-10-2017-20","7":"rizoma_bike-mt-10-abs-2016-17","8":"rizoma_bike-mt-10-sp-2017-20","9":"rizoma_bike-mt-10-tourer-edition-2017-20","10":"product_cat-protectores-eje-rueda","12":"first","13":"instock","14":"sale","15":"taxable","16":"shipping-taxable","17":"purchasable","18":"product-type-variable"},"acf":[],"_links":{"self":[{"href":"https:\/\/www.rizoma.com\/es\/wp-json\/wp\/v2\/product\/316490","targetHints":{"allow":["GET"]}}],"collection":[{"href":"https:\/\/www.rizoma.com\/es\/wp-json\/wp\/v2\/product"}],"about":[{"href":"https:\/\/www.rizoma.com\/es\/wp-json\/wp\/v2\/types\/product"}],"wp:featuredmedia":[{"embeddable":true,"href":"https:\/\/www.rizoma.com\/es\/wp-json\/wp\/v2\/media\/296542"}],"wp:attachment":[{"href":"https:\/\/www.rizoma.com\/es\/wp-json\/wp\/v2\/media?parent=316490"}],"wp:term":[{"taxonomy":"rizoma_assembly_time","embeddable":true,"href":"https:\/\/www.rizoma.com\/es\/wp-json\/wp\/v2\/rizoma_assembly_time?post=316490"},{"taxonomy":"rizoma_bike","embeddable":true,"href":"https:\/\/www.rizoma.com\/es\/wp-json\/wp\/v2\/rizoma_bike?post=316490"},{"taxonomy":"rizoma_division","embeddable":true,"href":"https:\/\/www.rizoma.com\/es\/wp-json\/wp\/v2\/rizoma_division?post=316490"},{"taxonomy":"rizoma_family","embeddable":true,"href":"https:\/\/www.rizoma.com\/es\/wp-json\/wp\/v2\/rizoma_family?post=316490"},{"taxonomy":"rizoma_model_category","embeddable":true,"href":"https:\/\/www.rizoma.com\/es\/wp-json\/wp\/v2\/rizoma_model_category?post=316490"},{"taxonomy":"rizoma_product_template","embeddable":true,"href":"https:\/\/www.rizoma.com\/es\/wp-json\/wp\/v2\/rizoma_product_template?post=316490"},{"taxonomy":"product_brand","embeddable":true,"href":"https:\/\/www.rizoma.com\/es\/wp-json\/wp\/v2\/product_brand?post=316490"},{"taxonomy":"product_cat","embeddable":true,"href":"https:\/\/www.rizoma.com\/es\/wp-json\/wp\/v2\/product_cat?post=316490"},{"taxonomy":"product_tag","embeddable":true,"href":"https:\/\/www.rizoma.com\/es\/wp-json\/wp\/v2\/product_tag?post=316490"}],"curies":[{"name":"wp","href":"https:\/\/api.w.org\/{rel}","templated":true}]}}