{"id":316440,"date":"2024-11-21T17:04:03","date_gmt":"2024-11-21T16:04:03","guid":{"rendered":"https:\/\/rwp.rizoma.com\/negozio\/kit-portamatricula-fox-pt820\/"},"modified":"2025-01-14T11:55:16","modified_gmt":"2025-01-14T10:55:16","slug":"kit-portamatricula-fox-pt820","status":"publish","type":"product","link":"https:\/\/www.rizoma.com\/es\/negozio\/portamatricula\/PT820\/kit-portamatricula-fox-pt820\/","title":{"rendered":"Kit Portam\u00e1tricula Fox"},"content":{"rendered":"<p>Realizado en aluminio, cada kit Portamatr\u00edcula Fox ha sido estudiado espec\u00edficamente para cada modelo de moto en cuesti\u00f3n. Esto no s\u00f3lo hace que se adapte perfectamente a la l\u00ednea de la moto, sino que tambi\u00e9n permite una f\u00e1cil y r\u00e1pida instalaci\u00f3n. En efecto, cada kit se suministra equipado con todo lo necesario para su montaje sin necesidad de modificar ninguna pieza original. Gran funcionalidad con unas dimensiones reducidas al m\u00ednimo, siempre cumpliendo con las normativas vigentes. Los kits Fox est\u00e1n dotados de luz de matr\u00edcula LED SMD, catadi\u00f3ptrico, soportes de intermitentes Rizoma, son regulables e incluyen tornillos de seguridad para garantizar la correcta inclinaci\u00f3n.<\/p>\n","protected":false},"excerpt":{"rendered":"<p>Realizado en aluminio, cada kit Portamatr\u00edcula Fox ha sido estudiado espec\u00edficamente para cada modelo de moto en cuesti\u00f3n. Esto no s\u00f3lo hace que se adapte perfectamente a la l\u00ednea de la moto, sino que tambi\u00e9n permite una f\u00e1cil y r\u00e1pida instalaci\u00f3n. En efecto, cada kit se suministra equipado con todo lo necesario para su montaje [&hellip;]<\/p>\n","protected":false},"featured_media":296497,"template":"","meta":{"_acf_changed":false},"rizoma_assembly_time":[42789],"rizoma_bike":[44421,42012,42013,42168,42189,42241,41778],"rizoma_division":[42653],"rizoma_family":[],"rizoma_model_category":[],"rizoma_product_template":[],"product_brand":[],"product_cat":[42768],"product_tag":[],"class_list":{"0":"post-316440","1":"product","2":"type-product","3":"status-publish","4":"has-post-thumbnail","6":"rizoma_bike-v7-850-stone-special-abs-2021","7":"rizoma_bike-v7-iii-special-2017-20","8":"rizoma_bike-v7-iii-stone-2017-20","9":"rizoma_bike-v7-iii-stone-2019","10":"rizoma_bike-v7-iii-stone-night-pack-2019-20","11":"rizoma_bike-v7-iii-stone-s-2020","12":"rizoma_bike-v7-stone-2012-15","13":"product_cat-portamatricula","15":"first","16":"instock","17":"sale","18":"taxable","19":"shipping-taxable","20":"purchasable","21":"product-type-variable"},"acf":[],"_links":{"self":[{"href":"https:\/\/www.rizoma.com\/es\/wp-json\/wp\/v2\/product\/316440","targetHints":{"allow":["GET"]}}],"collection":[{"href":"https:\/\/www.rizoma.com\/es\/wp-json\/wp\/v2\/product"}],"about":[{"href":"https:\/\/www.rizoma.com\/es\/wp-json\/wp\/v2\/types\/product"}],"wp:featuredmedia":[{"embeddable":true,"href":"https:\/\/www.rizoma.com\/es\/wp-json\/wp\/v2\/media\/296497"}],"wp:attachment":[{"href":"https:\/\/www.rizoma.com\/es\/wp-json\/wp\/v2\/media?parent=316440"}],"wp:term":[{"taxonomy":"rizoma_assembly_time","embeddable":true,"href":"https:\/\/www.rizoma.com\/es\/wp-json\/wp\/v2\/rizoma_assembly_time?post=316440"},{"taxonomy":"rizoma_bike","embeddable":true,"href":"https:\/\/www.rizoma.com\/es\/wp-json\/wp\/v2\/rizoma_bike?post=316440"},{"taxonomy":"rizoma_division","embeddable":true,"href":"https:\/\/www.rizoma.com\/es\/wp-json\/wp\/v2\/rizoma_division?post=316440"},{"taxonomy":"rizoma_family","embeddable":true,"href":"https:\/\/www.rizoma.com\/es\/wp-json\/wp\/v2\/rizoma_family?post=316440"},{"taxonomy":"rizoma_model_category","embeddable":true,"href":"https:\/\/www.rizoma.com\/es\/wp-json\/wp\/v2\/rizoma_model_category?post=316440"},{"taxonomy":"rizoma_product_template","embeddable":true,"href":"https:\/\/www.rizoma.com\/es\/wp-json\/wp\/v2\/rizoma_product_template?post=316440"},{"taxonomy":"product_brand","embeddable":true,"href":"https:\/\/www.rizoma.com\/es\/wp-json\/wp\/v2\/product_brand?post=316440"},{"taxonomy":"product_cat","embeddable":true,"href":"https:\/\/www.rizoma.com\/es\/wp-json\/wp\/v2\/product_cat?post=316440"},{"taxonomy":"product_tag","embeddable":true,"href":"https:\/\/www.rizoma.com\/es\/wp-json\/wp\/v2\/product_tag?post=316440"}],"curies":[{"name":"wp","href":"https:\/\/api.w.org\/{rel}","templated":true}]}}