{"id":316150,"date":"2024-11-21T16:57:23","date_gmt":"2024-11-21T15:57:23","guid":{"rendered":"https:\/\/rwp.rizoma.com\/negozio\/protectores-laterales-sport-r-pm592\/"},"modified":"2025-12-18T00:39:37","modified_gmt":"2025-12-17T23:39:37","slug":"protectores-laterales-sport-r-pm592","status":"publish","type":"product","link":"https:\/\/www.rizoma.com\/es\/negozio\/protectores-laterales\/PM592\/protectores-laterales-sport-r-pm592\/","title":{"rendered":"Protectores laterales Sport R"},"content":{"rendered":"<p>Las protecciones SPORT R Rizoma est\u00e1n desarrolladas espec\u00edficamente para el modelo de moto al que van dedicadas, a fin de garantizar la mejor compatibilidad y funcionalidad posible, as\u00ed como un montaje sencillo y r\u00e1pido.<br \/>La estructura principal est\u00e1 realizada en aluminio mecanizado a partir de un bloque macizo, mientras que el deslizador est\u00e1 fabricado en Delrin\u00ae, lo que permite sustituirlo en caso de ca\u00edda. Nacidas con una especial atenci\u00f3n por las motos superdeportivas y su uso en circuito, a\u00f1aden un absoluto cuidado por el detalle que va m\u00e1s all\u00e1 de su uso normal para convertirlas en un elemento de dise\u00f1o.<\/p>\n","protected":false},"excerpt":{"rendered":"<p>Las protecciones SPORT R Rizoma est\u00e1n desarrolladas espec\u00edficamente para el modelo de moto al que van dedicadas, a fin de garantizar la mejor compatibilidad y funcionalidad posible, as\u00ed como un montaje sencillo y r\u00e1pido.La estructura principal est\u00e1 realizada en aluminio mecanizado a partir de un bloque macizo, mientras que el deslizador est\u00e1 fabricado en Delrin\u00ae, [&hellip;]<\/p>\n","protected":false},"featured_media":298482,"template":"","meta":{"_acf_changed":false},"rizoma_assembly_time":[42675],"rizoma_bike":[42167,42302],"rizoma_division":[42653],"rizoma_family":[],"rizoma_model_category":[],"rizoma_product_template":[],"product_brand":[],"product_cat":[42758],"product_tag":[],"class_list":{"0":"post-316150","1":"product","2":"type-product","3":"status-publish","4":"has-post-thumbnail","6":"rizoma_bike-s-1000-rr-2019-20","7":"rizoma_bike-s-1000-rr-2021-22","8":"product_cat-protectores-laterales","10":"first","11":"instock","12":"sale","13":"taxable","14":"shipping-taxable","15":"purchasable","16":"product-type-variable"},"acf":[],"_links":{"self":[{"href":"https:\/\/www.rizoma.com\/es\/wp-json\/wp\/v2\/product\/316150","targetHints":{"allow":["GET"]}}],"collection":[{"href":"https:\/\/www.rizoma.com\/es\/wp-json\/wp\/v2\/product"}],"about":[{"href":"https:\/\/www.rizoma.com\/es\/wp-json\/wp\/v2\/types\/product"}],"wp:featuredmedia":[{"embeddable":true,"href":"https:\/\/www.rizoma.com\/es\/wp-json\/wp\/v2\/media\/298482"}],"wp:attachment":[{"href":"https:\/\/www.rizoma.com\/es\/wp-json\/wp\/v2\/media?parent=316150"}],"wp:term":[{"taxonomy":"rizoma_assembly_time","embeddable":true,"href":"https:\/\/www.rizoma.com\/es\/wp-json\/wp\/v2\/rizoma_assembly_time?post=316150"},{"taxonomy":"rizoma_bike","embeddable":true,"href":"https:\/\/www.rizoma.com\/es\/wp-json\/wp\/v2\/rizoma_bike?post=316150"},{"taxonomy":"rizoma_division","embeddable":true,"href":"https:\/\/www.rizoma.com\/es\/wp-json\/wp\/v2\/rizoma_division?post=316150"},{"taxonomy":"rizoma_family","embeddable":true,"href":"https:\/\/www.rizoma.com\/es\/wp-json\/wp\/v2\/rizoma_family?post=316150"},{"taxonomy":"rizoma_model_category","embeddable":true,"href":"https:\/\/www.rizoma.com\/es\/wp-json\/wp\/v2\/rizoma_model_category?post=316150"},{"taxonomy":"rizoma_product_template","embeddable":true,"href":"https:\/\/www.rizoma.com\/es\/wp-json\/wp\/v2\/rizoma_product_template?post=316150"},{"taxonomy":"product_brand","embeddable":true,"href":"https:\/\/www.rizoma.com\/es\/wp-json\/wp\/v2\/product_brand?post=316150"},{"taxonomy":"product_cat","embeddable":true,"href":"https:\/\/www.rizoma.com\/es\/wp-json\/wp\/v2\/product_cat?post=316150"},{"taxonomy":"product_tag","embeddable":true,"href":"https:\/\/www.rizoma.com\/es\/wp-json\/wp\/v2\/product_tag?post=316150"}],"curies":[{"name":"wp","href":"https:\/\/api.w.org\/{rel}","templated":true}]}}