{"id":316060,"date":"2024-11-21T16:55:30","date_gmt":"2024-11-21T15:55:30","guid":{"rendered":"https:\/\/rwp.rizoma.com\/negozio\/protector-carter-motor-shape-pm118\/"},"modified":"2025-01-14T11:54:14","modified_gmt":"2025-01-14T10:54:14","slug":"protector-carter-motor-shape-pm118","status":"publish","type":"product","link":"https:\/\/www.rizoma.com\/es\/negozio\/protectores-laterales\/PM118\/protector-carter-motor-shape-pm118\/motorbike\/8387\/mv-agusta\/brutale-800\/","title":{"rendered":"Protector c\u00e1rter motor Shape"},"content":{"rendered":"<p>Cada protecci\u00f3n de motor Rizoma est\u00e1 desarrollada espec\u00edficamente para el modelo de moto al que va dedicado, a fin de garantizar la mejor compatibilidad y funcionalidad posible, as\u00ed como un montaje sencillo y r\u00e1pido. Realizada enteramente en aluminio mecanizado a partir de un bloque macizo, un material ligero pero resistente, y posteriormente sometida a un proceso de anodizado con el fin de mejorar el rendimiento est\u00e9tico con el paso del tiempo. Adem\u00e1s, la protecci\u00f3n de c\u00e1rter motor Rizoma est\u00e1 dotada de deslizadera en Delrin\u00ae sustituible.<\/p>\n","protected":false},"excerpt":{"rendered":"<p>Cada protecci\u00f3n de motor Rizoma est\u00e1 desarrollada espec\u00edficamente para el modelo de moto al que va dedicado, a fin de garantizar la mejor compatibilidad y funcionalidad posible, as\u00ed como un montaje sencillo y r\u00e1pido. Realizada enteramente en aluminio mecanizado a partir de un bloque macizo, un material ligero pero resistente, y posteriormente sometida a un [&hellip;]<\/p>\n","protected":false},"featured_media":297047,"template":"","meta":{"_acf_changed":false},"rizoma_assembly_time":[42664],"rizoma_bike":[42165,42315,43869,43870],"rizoma_division":[42653],"rizoma_family":[42937],"rizoma_model_category":[],"rizoma_product_template":[],"product_brand":[],"product_cat":[42758],"product_tag":[],"class_list":{"0":"post-316060","1":"product","2":"type-product","3":"status-publish","4":"has-post-thumbnail","6":"rizoma_bike-cb-650-r-2019-20","7":"rizoma_bike-cb-650-r-2021-23","8":"rizoma_bike-cb-650-r-2024-25","9":"rizoma_bike-cb-650-r-e-clutch-2024-26","10":"product_cat-protectores-laterales","12":"first","13":"instock","14":"taxable","15":"shipping-taxable","16":"purchasable","17":"product-type-variable"},"acf":[],"_links":{"self":[{"href":"https:\/\/www.rizoma.com\/es\/wp-json\/wp\/v2\/product\/316060","targetHints":{"allow":["GET"]}}],"collection":[{"href":"https:\/\/www.rizoma.com\/es\/wp-json\/wp\/v2\/product"}],"about":[{"href":"https:\/\/www.rizoma.com\/es\/wp-json\/wp\/v2\/types\/product"}],"wp:featuredmedia":[{"embeddable":true,"href":"https:\/\/www.rizoma.com\/es\/wp-json\/wp\/v2\/media\/297047"}],"wp:attachment":[{"href":"https:\/\/www.rizoma.com\/es\/wp-json\/wp\/v2\/media?parent=316060"}],"wp:term":[{"taxonomy":"rizoma_assembly_time","embeddable":true,"href":"https:\/\/www.rizoma.com\/es\/wp-json\/wp\/v2\/rizoma_assembly_time?post=316060"},{"taxonomy":"rizoma_bike","embeddable":true,"href":"https:\/\/www.rizoma.com\/es\/wp-json\/wp\/v2\/rizoma_bike?post=316060"},{"taxonomy":"rizoma_division","embeddable":true,"href":"https:\/\/www.rizoma.com\/es\/wp-json\/wp\/v2\/rizoma_division?post=316060"},{"taxonomy":"rizoma_family","embeddable":true,"href":"https:\/\/www.rizoma.com\/es\/wp-json\/wp\/v2\/rizoma_family?post=316060"},{"taxonomy":"rizoma_model_category","embeddable":true,"href":"https:\/\/www.rizoma.com\/es\/wp-json\/wp\/v2\/rizoma_model_category?post=316060"},{"taxonomy":"rizoma_product_template","embeddable":true,"href":"https:\/\/www.rizoma.com\/es\/wp-json\/wp\/v2\/rizoma_product_template?post=316060"},{"taxonomy":"product_brand","embeddable":true,"href":"https:\/\/www.rizoma.com\/es\/wp-json\/wp\/v2\/product_brand?post=316060"},{"taxonomy":"product_cat","embeddable":true,"href":"https:\/\/www.rizoma.com\/es\/wp-json\/wp\/v2\/product_cat?post=316060"},{"taxonomy":"product_tag","embeddable":true,"href":"https:\/\/www.rizoma.com\/es\/wp-json\/wp\/v2\/product_tag?post=316060"}],"curies":[{"name":"wp","href":"https:\/\/api.w.org\/{rel}","templated":true}]}}