{"id":316005,"date":"2024-11-21T16:54:15","date_gmt":"2024-11-21T15:54:15","guid":{"rendered":"https:\/\/rwp.rizoma.com\/negozio\/kit-de-montaje-para-estriberas-rizoma-pe800\/"},"modified":"2025-01-14T11:43:24","modified_gmt":"2025-01-14T10:43:24","slug":"kit-de-montaje-para-estriberas-rizoma-pe800","status":"publish","type":"product","link":"https:\/\/www.rizoma.com\/es\/negozio\/estriberas\/PE800\/kit-de-montaje-para-estriberas-rizoma-pe800\/","title":{"rendered":"Kit de montaje para estriberas Rizoma"},"content":{"rendered":"<p>Todos los adaptadores de estriberas est\u00e1n realizados en aluminio mecanizado a partir de un bloque macizo y estudiados de forma espec\u00edfica para los diferentes modelos de moto, garantizando as\u00ed la perfecta compatibilidad y la mejor soluci\u00f3n de fijaci\u00f3n. Los adaptadores Rizoma permiten montar las estriberas Rizoma sobre anclajes OEM. Adaptadores dotados de homologaci\u00f3n T\u00dcV.<\/p>\n","protected":false},"excerpt":{"rendered":"<p>Todos los adaptadores de estriberas est\u00e1n realizados en aluminio mecanizado a partir de un bloque macizo y estudiados de forma espec\u00edfica para los diferentes modelos de moto, garantizando as\u00ed la perfecta compatibilidad y la mejor soluci\u00f3n de fijaci\u00f3n. Los adaptadores Rizoma permiten montar las estriberas Rizoma sobre anclajes OEM. Adaptadores dotados de homologaci\u00f3n T\u00dcV.<\/p>\n","protected":false},"featured_media":297207,"template":"","meta":{"_acf_changed":false},"rizoma_assembly_time":[42664],"rizoma_bike":[42096,41809,41970,41838,41971,42111,42289,42128,42301,42290,42283,42305,42177,42575,41894,41986],"rizoma_division":[42653],"rizoma_family":[42747],"rizoma_model_category":[],"rizoma_product_template":[],"product_brand":[],"product_cat":[42752],"product_tag":[],"class_list":{"0":"post-316005","1":"product","2":"type-product","3":"status-publish","4":"has-post-thumbnail","6":"rizoma_bike-f-850-gs-2018-20","7":"rizoma_bike-r-1200-gs-2013-16","8":"rizoma_bike-r-1200-gs-2017-18","9":"rizoma_bike-r-1200-gs-adventure-2013-16","10":"rizoma_bike-r-1200-gs-adventure-2017-18","11":"rizoma_bike-r-1200-gs-rallye-2017-18","12":"rizoma_bike-r-1250-gs-edition-40-years-gs-2021","13":"rizoma_bike-r-1250-gs-2019-20","14":"rizoma_bike-r-1250-gs-2021-24","15":"rizoma_bike-r-1250-gs-adventure-edition-40-years-gs-2020-21","16":"rizoma_bike-r-1250-gs-adventure-2019-20","17":"rizoma_bike-r-1250-gs-adventure-2021-24","18":"rizoma_bike-r-1250-gs-hp-2019","19":"rizoma_bike-r-1250-gs-ultimate-edition-2023","20":"rizoma_bike-s-1000-xr-2015-16","21":"rizoma_bike-s-1000-xr-2017-19","22":"product_cat-estriberas","24":"first","25":"instock","26":"sale","27":"taxable","28":"shipping-taxable","29":"purchasable","30":"product-type-variable"},"acf":[],"_links":{"self":[{"href":"https:\/\/www.rizoma.com\/es\/wp-json\/wp\/v2\/product\/316005","targetHints":{"allow":["GET"]}}],"collection":[{"href":"https:\/\/www.rizoma.com\/es\/wp-json\/wp\/v2\/product"}],"about":[{"href":"https:\/\/www.rizoma.com\/es\/wp-json\/wp\/v2\/types\/product"}],"wp:featuredmedia":[{"embeddable":true,"href":"https:\/\/www.rizoma.com\/es\/wp-json\/wp\/v2\/media\/297207"}],"wp:attachment":[{"href":"https:\/\/www.rizoma.com\/es\/wp-json\/wp\/v2\/media?parent=316005"}],"wp:term":[{"taxonomy":"rizoma_assembly_time","embeddable":true,"href":"https:\/\/www.rizoma.com\/es\/wp-json\/wp\/v2\/rizoma_assembly_time?post=316005"},{"taxonomy":"rizoma_bike","embeddable":true,"href":"https:\/\/www.rizoma.com\/es\/wp-json\/wp\/v2\/rizoma_bike?post=316005"},{"taxonomy":"rizoma_division","embeddable":true,"href":"https:\/\/www.rizoma.com\/es\/wp-json\/wp\/v2\/rizoma_division?post=316005"},{"taxonomy":"rizoma_family","embeddable":true,"href":"https:\/\/www.rizoma.com\/es\/wp-json\/wp\/v2\/rizoma_family?post=316005"},{"taxonomy":"rizoma_model_category","embeddable":true,"href":"https:\/\/www.rizoma.com\/es\/wp-json\/wp\/v2\/rizoma_model_category?post=316005"},{"taxonomy":"rizoma_product_template","embeddable":true,"href":"https:\/\/www.rizoma.com\/es\/wp-json\/wp\/v2\/rizoma_product_template?post=316005"},{"taxonomy":"product_brand","embeddable":true,"href":"https:\/\/www.rizoma.com\/es\/wp-json\/wp\/v2\/product_brand?post=316005"},{"taxonomy":"product_cat","embeddable":true,"href":"https:\/\/www.rizoma.com\/es\/wp-json\/wp\/v2\/product_cat?post=316005"},{"taxonomy":"product_tag","embeddable":true,"href":"https:\/\/www.rizoma.com\/es\/wp-json\/wp\/v2\/product_tag?post=316005"}],"curies":[{"name":"wp","href":"https:\/\/api.w.org\/{rel}","templated":true}]}}