{"id":315890,"date":"2024-11-21T16:51:43","date_gmt":"2024-11-21T15:51:43","guid":{"rendered":"https:\/\/rwp.rizoma.com\/negozio\/urlo-grx222\/"},"modified":"2025-06-06T05:47:12","modified_gmt":"2025-06-06T03:47:12","slug":"urlo-grx222","status":"publish","type":"product","link":"https:\/\/www.rizoma.com\/es\/negozio\/kit-para-manillar\/GRX222\/urlo-grx222\/","title":{"rendered":"Urlo"},"content":{"rendered":"<p>Enteramente en aluminio mecanizado a partir de un bloque macizo, el pu\u00f1o Urlo (\u00d8 22 mm) se caracteriza por una forma ergon\u00f3mica y con un particular tratamiento de la goma que garantiza el m\u00e1ximo agarre.<\/p>\n","protected":false},"excerpt":{"rendered":"<p>Enteramente en aluminio mecanizado a partir de un bloque macizo, el pu\u00f1o Urlo (\u00d8 22 mm) se caracteriza por una forma ergon\u00f3mica y con un particular tratamiento de la goma que garantiza el m\u00e1ximo agarre.<\/p>\n","protected":false},"featured_media":298627,"template":"","meta":{"_acf_changed":false},"rizoma_assembly_time":[42742],"rizoma_bike":[42225,42386],"rizoma_division":[42653],"rizoma_family":[42952],"rizoma_model_category":[],"rizoma_product_template":[],"product_brand":[],"product_cat":[42663],"product_tag":[],"class_list":{"0":"post-315890","1":"product","2":"type-product","3":"status-publish","4":"has-post-thumbnail","6":"rizoma_bike-t-max-560-2020-21","7":"rizoma_bike-t-max-560-20-anniversario-2021","8":"product_cat-kit-para-manillar","10":"first","11":"instock","12":"taxable","13":"shipping-taxable","14":"purchasable","15":"product-type-variable"},"acf":[],"_links":{"self":[{"href":"https:\/\/www.rizoma.com\/es\/wp-json\/wp\/v2\/product\/315890","targetHints":{"allow":["GET"]}}],"collection":[{"href":"https:\/\/www.rizoma.com\/es\/wp-json\/wp\/v2\/product"}],"about":[{"href":"https:\/\/www.rizoma.com\/es\/wp-json\/wp\/v2\/types\/product"}],"wp:featuredmedia":[{"embeddable":true,"href":"https:\/\/www.rizoma.com\/es\/wp-json\/wp\/v2\/media\/298627"}],"wp:attachment":[{"href":"https:\/\/www.rizoma.com\/es\/wp-json\/wp\/v2\/media?parent=315890"}],"wp:term":[{"taxonomy":"rizoma_assembly_time","embeddable":true,"href":"https:\/\/www.rizoma.com\/es\/wp-json\/wp\/v2\/rizoma_assembly_time?post=315890"},{"taxonomy":"rizoma_bike","embeddable":true,"href":"https:\/\/www.rizoma.com\/es\/wp-json\/wp\/v2\/rizoma_bike?post=315890"},{"taxonomy":"rizoma_division","embeddable":true,"href":"https:\/\/www.rizoma.com\/es\/wp-json\/wp\/v2\/rizoma_division?post=315890"},{"taxonomy":"rizoma_family","embeddable":true,"href":"https:\/\/www.rizoma.com\/es\/wp-json\/wp\/v2\/rizoma_family?post=315890"},{"taxonomy":"rizoma_model_category","embeddable":true,"href":"https:\/\/www.rizoma.com\/es\/wp-json\/wp\/v2\/rizoma_model_category?post=315890"},{"taxonomy":"rizoma_product_template","embeddable":true,"href":"https:\/\/www.rizoma.com\/es\/wp-json\/wp\/v2\/rizoma_product_template?post=315890"},{"taxonomy":"product_brand","embeddable":true,"href":"https:\/\/www.rizoma.com\/es\/wp-json\/wp\/v2\/product_brand?post=315890"},{"taxonomy":"product_cat","embeddable":true,"href":"https:\/\/www.rizoma.com\/es\/wp-json\/wp\/v2\/product_cat?post=315890"},{"taxonomy":"product_tag","embeddable":true,"href":"https:\/\/www.rizoma.com\/es\/wp-json\/wp\/v2\/product_tag?post=315890"}],"curies":[{"name":"wp","href":"https:\/\/api.w.org\/{rel}","templated":true}]}}