{"id":315745,"date":"2024-11-21T16:48:33","date_gmt":"2024-11-21T15:48:33","guid":{"rendered":"https:\/\/rwp.rizoma.com\/negozio\/kit-de-montaje-para-intermitentes-delanteros-y-traseros-en-portamatricula-oem-fr237\/"},"modified":"2025-12-23T12:12:07","modified_gmt":"2025-12-23T11:12:07","slug":"kit-de-montaje-para-intermitentes-delanteros-y-traseros-en-portamatricula-oem-fr237","status":"publish","type":"product","link":"https:\/\/www.rizoma.com\/es\/negozio\/intermitentes\/FR237\/kit-de-montaje-para-intermitentes-delanteros-y-traseros-en-portamatricula-oem-fr237\/","title":{"rendered":"Kit de montaje para intermitentes delanteros y traseros en Portamatr\u00edcula OEM"},"content":{"rendered":"<p>Cada adaptador de espejo est\u00e1 expresamente realizado para el modelo de moto correspondiente, con el fin de garantizar la mejor fijaci\u00f3n posible. Estos adaptadores est\u00e1n fabricados en Poliamida.<\/p>\n","protected":false},"excerpt":{"rendered":"<p>Cada adaptador de espejo est\u00e1 expresamente realizado para el modelo de moto correspondiente, con el fin de garantizar la mejor fijaci\u00f3n posible. Estos adaptadores est\u00e1n fabricados en Poliamida.<\/p>\n","protected":false},"featured_media":295667,"template":"","meta":{"_acf_changed":false},"rizoma_assembly_time":[42664],"rizoma_bike":[43702,43703,42165,42315,43869,43870,42228,42483,43719,42229,42540,43720,42550,42373,43721,42166,42316,42630,42645,42300,43871,42506,42590,42507,42508,42509,42414,42415,42416,42555,42584,42585,42586,42018,42112,42323,42484,43872,43873,42510,42417,42418,42419,42119,43874,44012,43875,42068,42113],"rizoma_division":[42653],"rizoma_family":[42711],"rizoma_model_category":[],"rizoma_product_template":[],"product_brand":[],"product_cat":[42716],"product_tag":[],"class_list":{"0":"post-315745","1":"product","2":"type-product","3":"status-publish","4":"has-post-thumbnail","6":"rizoma_bike-cb-1000-hornet-2025-26","7":"rizoma_bike-cb-1000-hornet-sp-2025-26","8":"rizoma_bike-cb-650-r-2019-20","9":"rizoma_bike-cb-650-r-2021-23","10":"rizoma_bike-cb-650-r-2024-25","11":"rizoma_bike-cb-650-r-e-clutch-2024-26","12":"rizoma_bike-cbr-1000-rr-r-fireblade-2020-21","13":"rizoma_bike-cbr-1000-rr-r-fireblade-2022-23","14":"rizoma_bike-cbr-1000-rr-r-fireblade-2024-26","15":"rizoma_bike-cbr-1000-rr-r-fireblade-sp-2020-21","16":"rizoma_bike-cbr-1000-rr-r-fireblade-sp-2022-23","17":"rizoma_bike-cbr-1000-rr-r-fireblade-sp-2024-26","18":"rizoma_bike-cbr-1000-rr-r-fireblade-sp-30th-anniversary-2022-23","19":"rizoma_bike-cbr-1000-rr-r-fireblade-sp-carbon-2021","20":"rizoma_bike-cbr-1000-rr-r-fireblade-sp-carbon-edition-2024-26","21":"rizoma_bike-cbr-650-r-2019-20","22":"rizoma_bike-cbr-650-r-2021-23","23":"rizoma_bike-cbr-650-r-2024-26","24":"rizoma_bike-cbr-650-r-e-clutch-2024-26","25":"rizoma_bike-forza-750-2021-22","26":"rizoma_bike-forza-750-2025-26","27":"rizoma_bike-forza-750-dct-2021-24","28":"rizoma_bike-forza-750-dct-special-edition-2024","29":"rizoma_bike-forza-750-dct-style-2021-24","30":"rizoma_bike-forza-750-dct-travel-2021-24","31":"rizoma_bike-forza-750-dct-urban-2021-24","32":"rizoma_bike-forza-750-style-2021-22","33":"rizoma_bike-forza-750-travel-2021-22","34":"rizoma_bike-forza-750-urban-2021-22","35":"rizoma_bike-transalp-xl750-2023-24","36":"rizoma_bike-transalp-xl750-easy-travel-2023-24","37":"rizoma_bike-transalp-xl750-travel-edition-2023-24","38":"rizoma_bike-transalp-xl750-urban-2023-24","39":"rizoma_bike-x-adv-750-2017","40":"rizoma_bike-x-adv-750-2018-20","41":"rizoma_bike-x-adv-750-2021","42":"rizoma_bike-x-adv-750-2022","43":"rizoma_bike-x-adv-750-2025-26","44":"rizoma_bike-x-adv-750-adventure-2025-26","45":"rizoma_bike-x-adv-750-dct-2021-24","46":"rizoma_bike-x-adv-750-dct-adventure-2021-24","47":"rizoma_bike-x-adv-750-dct-gravel-2021-24","48":"rizoma_bike-x-adv-750-dct-travel-2021-24","49":"rizoma_bike-x-adv-750-desert-track-2018-20","50":"rizoma_bike-x-adv-750-gravel-2025-26","51":"rizoma_bike-x-adv-750-special-edition-2026","52":"rizoma_bike-x-adv-750-travel-2025-26","53":"rizoma_bike-x-adv-750-travel-edition-2017","54":"rizoma_bike-x-adv-750-travel-edition-2018-20","55":"product_cat-intermitentes","57":"first","58":"instock","59":"taxable","60":"shipping-taxable","61":"purchasable","62":"product-type-variable"},"acf":[],"_links":{"self":[{"href":"https:\/\/www.rizoma.com\/es\/wp-json\/wp\/v2\/product\/315745","targetHints":{"allow":["GET"]}}],"collection":[{"href":"https:\/\/www.rizoma.com\/es\/wp-json\/wp\/v2\/product"}],"about":[{"href":"https:\/\/www.rizoma.com\/es\/wp-json\/wp\/v2\/types\/product"}],"wp:featuredmedia":[{"embeddable":true,"href":"https:\/\/www.rizoma.com\/es\/wp-json\/wp\/v2\/media\/295667"}],"wp:attachment":[{"href":"https:\/\/www.rizoma.com\/es\/wp-json\/wp\/v2\/media?parent=315745"}],"wp:term":[{"taxonomy":"rizoma_assembly_time","embeddable":true,"href":"https:\/\/www.rizoma.com\/es\/wp-json\/wp\/v2\/rizoma_assembly_time?post=315745"},{"taxonomy":"rizoma_bike","embeddable":true,"href":"https:\/\/www.rizoma.com\/es\/wp-json\/wp\/v2\/rizoma_bike?post=315745"},{"taxonomy":"rizoma_division","embeddable":true,"href":"https:\/\/www.rizoma.com\/es\/wp-json\/wp\/v2\/rizoma_division?post=315745"},{"taxonomy":"rizoma_family","embeddable":true,"href":"https:\/\/www.rizoma.com\/es\/wp-json\/wp\/v2\/rizoma_family?post=315745"},{"taxonomy":"rizoma_model_category","embeddable":true,"href":"https:\/\/www.rizoma.com\/es\/wp-json\/wp\/v2\/rizoma_model_category?post=315745"},{"taxonomy":"rizoma_product_template","embeddable":true,"href":"https:\/\/www.rizoma.com\/es\/wp-json\/wp\/v2\/rizoma_product_template?post=315745"},{"taxonomy":"product_brand","embeddable":true,"href":"https:\/\/www.rizoma.com\/es\/wp-json\/wp\/v2\/product_brand?post=315745"},{"taxonomy":"product_cat","embeddable":true,"href":"https:\/\/www.rizoma.com\/es\/wp-json\/wp\/v2\/product_cat?post=315745"},{"taxonomy":"product_tag","embeddable":true,"href":"https:\/\/www.rizoma.com\/es\/wp-json\/wp\/v2\/product_tag?post=315745"}],"curies":[{"name":"wp","href":"https:\/\/api.w.org\/{rel}","templated":true}]}}