{"id":315620,"date":"2024-11-21T16:45:51","date_gmt":"2024-11-21T15:45:51","guid":{"rendered":"https:\/\/rwp.rizoma.com\/negozio\/kit-luz-de-matricula-ee190\/"},"modified":"2025-05-29T04:10:48","modified_gmt":"2025-05-29T02:10:48","slug":"kit-luz-de-matricula-ee190","status":"publish","type":"product","link":"https:\/\/www.rizoma.com\/es\/negozio\/portamatricula\/EE190\/kit-luz-de-matricula-ee190\/motorbike\/9733\/ducati\/monster-1200\/","title":{"rendered":"Kit luz de matr\u00edcula"},"content":{"rendered":"<p>El Kit de luz de matr\u00edcula Rizoma (homologado) incluye el anclaje correspondiente. Equipado con tecnolog\u00eda LED SMD en cumplimiento de las normativas, tiene un tama\u00f1o reducido y un cuidado dise\u00f1o para mejorar considerablemente el impacto est\u00e9tico de este importante elemento.<\/p>\n","protected":false},"excerpt":{"rendered":"<p>El Kit de luz de matr\u00edcula Rizoma (homologado) incluye el anclaje correspondiente. Equipado con tecnolog\u00eda LED SMD en cumplimiento de las normativas, tiene un tama\u00f1o reducido y un cuidado dise\u00f1o para mejorar considerablemente el impacto est\u00e9tico de este importante elemento.<\/p>\n","protected":false},"featured_media":300577,"template":"","meta":{"_acf_changed":false},"rizoma_assembly_time":[42664],"rizoma_bike":[],"rizoma_division":[42653],"rizoma_family":[42916],"rizoma_model_category":[],"rizoma_product_template":[],"product_brand":[],"product_cat":[42768],"product_tag":[],"class_list":{"0":"post-315620","1":"product","2":"type-product","3":"status-publish","4":"has-post-thumbnail","6":"product_cat-portamatricula","8":"first","9":"instock","10":"taxable","11":"shipping-taxable","12":"purchasable","13":"product-type-variable"},"acf":[],"_links":{"self":[{"href":"https:\/\/www.rizoma.com\/es\/wp-json\/wp\/v2\/product\/315620","targetHints":{"allow":["GET"]}}],"collection":[{"href":"https:\/\/www.rizoma.com\/es\/wp-json\/wp\/v2\/product"}],"about":[{"href":"https:\/\/www.rizoma.com\/es\/wp-json\/wp\/v2\/types\/product"}],"wp:featuredmedia":[{"embeddable":true,"href":"https:\/\/www.rizoma.com\/es\/wp-json\/wp\/v2\/media\/300577"}],"wp:attachment":[{"href":"https:\/\/www.rizoma.com\/es\/wp-json\/wp\/v2\/media?parent=315620"}],"wp:term":[{"taxonomy":"rizoma_assembly_time","embeddable":true,"href":"https:\/\/www.rizoma.com\/es\/wp-json\/wp\/v2\/rizoma_assembly_time?post=315620"},{"taxonomy":"rizoma_bike","embeddable":true,"href":"https:\/\/www.rizoma.com\/es\/wp-json\/wp\/v2\/rizoma_bike?post=315620"},{"taxonomy":"rizoma_division","embeddable":true,"href":"https:\/\/www.rizoma.com\/es\/wp-json\/wp\/v2\/rizoma_division?post=315620"},{"taxonomy":"rizoma_family","embeddable":true,"href":"https:\/\/www.rizoma.com\/es\/wp-json\/wp\/v2\/rizoma_family?post=315620"},{"taxonomy":"rizoma_model_category","embeddable":true,"href":"https:\/\/www.rizoma.com\/es\/wp-json\/wp\/v2\/rizoma_model_category?post=315620"},{"taxonomy":"rizoma_product_template","embeddable":true,"href":"https:\/\/www.rizoma.com\/es\/wp-json\/wp\/v2\/rizoma_product_template?post=315620"},{"taxonomy":"product_brand","embeddable":true,"href":"https:\/\/www.rizoma.com\/es\/wp-json\/wp\/v2\/product_brand?post=315620"},{"taxonomy":"product_cat","embeddable":true,"href":"https:\/\/www.rizoma.com\/es\/wp-json\/wp\/v2\/product_cat?post=315620"},{"taxonomy":"product_tag","embeddable":true,"href":"https:\/\/www.rizoma.com\/es\/wp-json\/wp\/v2\/product_tag?post=315620"}],"curies":[{"name":"wp","href":"https:\/\/api.w.org\/{rel}","templated":true}]}}