{"id":315545,"date":"2024-11-21T16:44:15","date_gmt":"2024-11-21T15:44:15","guid":{"rendered":"https:\/\/rwp.rizoma.com\/negozio\/kit-cableado-con-resistencias-para-intermitentes-rizoma-ee149\/"},"modified":"2025-11-28T14:32:52","modified_gmt":"2025-11-28T13:32:52","slug":"kit-cableado-con-resistencias-para-intermitentes-rizoma-ee149","status":"publish","type":"product","link":"https:\/\/www.rizoma.com\/es\/negozio\/intermitentes\/EE149\/kit-cableado-con-resistencias-para-intermitentes-rizoma-ee149\/motorbike\/8146\/mv-agusta\/brutale-1090\/","title":{"rendered":"Kit cableado con resistencias para intermitentes Rizoma"},"content":{"rendered":"<p>En las motos equipadas con un testigo de control en la instrumentaci\u00f3n, puede ser necesaria la instalaci\u00f3n de resistencias activadas en paralelo con el circuito el\u00e9ctrico, con el fin de evitar el encendido del testigo de control. En los modelos mencionados, en los que el valor de las resistencias suministrado no es suficiente, Rizoma aconseja la compra del kit de resistencias EE149H que evita el encendido err\u00f3neo del testigo de control.<\/p>\n","protected":false},"excerpt":{"rendered":"<p>En las motos equipadas con un testigo de control en la instrumentaci\u00f3n, puede ser necesaria la instalaci\u00f3n de resistencias activadas en paralelo con el circuito el\u00e9ctrico, con el fin de evitar el encendido del testigo de control. En los modelos mencionados, en los que el valor de las resistencias suministrado no es suficiente, Rizoma aconseja [&hellip;]<\/p>\n","protected":false},"featured_media":298577,"template":"","meta":{"_acf_changed":false},"rizoma_assembly_time":[42753],"rizoma_bike":[42296,42551,42006,41979,42248,41981,41953,42297,42298,42299,42372,42003,42178],"rizoma_division":[42653],"rizoma_family":[42860],"rizoma_model_category":[],"rizoma_product_template":[],"product_brand":[],"product_cat":[42716],"product_tag":[],"class_list":{"0":"post-315545","1":"product","2":"type-product","3":"status-publish","4":"has-post-thumbnail","6":"rizoma_bike-r-ninet-2021-24","7":"rizoma_bike-r-ninet-100-years-2023","8":"rizoma_bike-r-ninet-1200-2017-20","9":"rizoma_bike-r-ninet-1200-pure-2017-20","10":"rizoma_bike-r-ninet-1200-pure-2020","11":"rizoma_bike-r-ninet-1200-racer-2017-20","12":"rizoma_bike-r-ninet-1200-scrambler-2016-20","13":"rizoma_bike-r-ninet-pure-2021-24","14":"rizoma_bike-r-ninet-scrambler-2021-24","15":"rizoma_bike-r-ninet-urban-gs-2021-24","16":"rizoma_bike-r-ninet-urban-gs-1200-edition-40-years-gs-2021","17":"rizoma_bike-r-ninet-urban-gs-1200-2017-20","18":"rizoma_bike-r-ninet-5-1200-2019-20","19":"product_cat-intermitentes","21":"first","22":"instock","23":"taxable","24":"shipping-taxable","25":"purchasable","26":"product-type-variable"},"acf":[],"_links":{"self":[{"href":"https:\/\/www.rizoma.com\/es\/wp-json\/wp\/v2\/product\/315545","targetHints":{"allow":["GET"]}}],"collection":[{"href":"https:\/\/www.rizoma.com\/es\/wp-json\/wp\/v2\/product"}],"about":[{"href":"https:\/\/www.rizoma.com\/es\/wp-json\/wp\/v2\/types\/product"}],"wp:featuredmedia":[{"embeddable":true,"href":"https:\/\/www.rizoma.com\/es\/wp-json\/wp\/v2\/media\/298577"}],"wp:attachment":[{"href":"https:\/\/www.rizoma.com\/es\/wp-json\/wp\/v2\/media?parent=315545"}],"wp:term":[{"taxonomy":"rizoma_assembly_time","embeddable":true,"href":"https:\/\/www.rizoma.com\/es\/wp-json\/wp\/v2\/rizoma_assembly_time?post=315545"},{"taxonomy":"rizoma_bike","embeddable":true,"href":"https:\/\/www.rizoma.com\/es\/wp-json\/wp\/v2\/rizoma_bike?post=315545"},{"taxonomy":"rizoma_division","embeddable":true,"href":"https:\/\/www.rizoma.com\/es\/wp-json\/wp\/v2\/rizoma_division?post=315545"},{"taxonomy":"rizoma_family","embeddable":true,"href":"https:\/\/www.rizoma.com\/es\/wp-json\/wp\/v2\/rizoma_family?post=315545"},{"taxonomy":"rizoma_model_category","embeddable":true,"href":"https:\/\/www.rizoma.com\/es\/wp-json\/wp\/v2\/rizoma_model_category?post=315545"},{"taxonomy":"rizoma_product_template","embeddable":true,"href":"https:\/\/www.rizoma.com\/es\/wp-json\/wp\/v2\/rizoma_product_template?post=315545"},{"taxonomy":"product_brand","embeddable":true,"href":"https:\/\/www.rizoma.com\/es\/wp-json\/wp\/v2\/product_brand?post=315545"},{"taxonomy":"product_cat","embeddable":true,"href":"https:\/\/www.rizoma.com\/es\/wp-json\/wp\/v2\/product_cat?post=315545"},{"taxonomy":"product_tag","embeddable":true,"href":"https:\/\/www.rizoma.com\/es\/wp-json\/wp\/v2\/product_tag?post=315545"}],"curies":[{"name":"wp","href":"https:\/\/api.w.org\/{rel}","templated":true}]}}