{"id":315423,"date":"2024-11-21T16:41:34","date_gmt":"2024-11-21T15:41:34","guid":{"rendered":"https:\/\/rwp.rizoma.com\/negozio\/deposito-de-fluido-embrague-wave-para-aceites-minerales-ctm135\/"},"modified":"2025-07-16T17:32:05","modified_gmt":"2025-07-16T15:32:05","slug":"deposito-de-fluido-embrague-wave-para-aceites-minerales-ctm135","status":"publish","type":"product","link":"https:\/\/www.rizoma.com\/es\/negozio\/depositos-de-fluido\/CTM135\/deposito-de-fluido-embrague-wave-para-aceites-minerales-ctm135\/motorbike\/9418\/yamaha\/xsr-900\/","title":{"rendered":"Dep\u00f3sito de fluido embrague Wave para aceites minerales"},"content":{"rendered":"<p>Los dep\u00f3sitos de fluido Wave abandonan la idea exclusivamente funcional de este elemento, proponiendo una soluci\u00f3n est\u00e9tica de fuerte impacto. Fabricados en aluminio mecanizado a partir de un bloque macizo con vaso transparente asim\u00e9trico, han recibido un tratamiento superficial de anodizado. Dotados de homologaci\u00f3n T\u00dcV\/ABE y junta en NBR, compatible con aceites minerales, est\u00e1n disponibles en tres dimensiones diferentes, cubriendo por tanto, diferentes aplicaciones.<\/p>\n","protected":false},"excerpt":{"rendered":"<p>Los dep\u00f3sitos de fluido Wave abandonan la idea exclusivamente funcional de este elemento, proponiendo una soluci\u00f3n est\u00e9tica de fuerte impacto. Fabricados en aluminio mecanizado a partir de un bloque macizo con vaso transparente asim\u00e9trico, han recibido un tratamiento superficial de anodizado. Dotados de homologaci\u00f3n T\u00dcV\/ABE y junta en NBR, compatible con aceites minerales, est\u00e1n disponibles [&hellip;]<\/p>\n","protected":false},"featured_media":293662,"template":"","meta":{"_acf_changed":false},"rizoma_assembly_time":[42691],"rizoma_bike":[],"rizoma_division":[42653],"rizoma_family":[42696],"rizoma_model_category":[],"rizoma_product_template":[],"product_brand":[],"product_cat":[42690],"product_tag":[],"class_list":{"0":"post-315423","1":"product","2":"type-product","3":"status-publish","4":"has-post-thumbnail","6":"product_cat-depositos-de-fluido","8":"first","9":"instock","10":"taxable","11":"shipping-taxable","12":"purchasable","13":"product-type-variable"},"acf":[],"_links":{"self":[{"href":"https:\/\/www.rizoma.com\/es\/wp-json\/wp\/v2\/product\/315423","targetHints":{"allow":["GET"]}}],"collection":[{"href":"https:\/\/www.rizoma.com\/es\/wp-json\/wp\/v2\/product"}],"about":[{"href":"https:\/\/www.rizoma.com\/es\/wp-json\/wp\/v2\/types\/product"}],"wp:featuredmedia":[{"embeddable":true,"href":"https:\/\/www.rizoma.com\/es\/wp-json\/wp\/v2\/media\/293662"}],"wp:attachment":[{"href":"https:\/\/www.rizoma.com\/es\/wp-json\/wp\/v2\/media?parent=315423"}],"wp:term":[{"taxonomy":"rizoma_assembly_time","embeddable":true,"href":"https:\/\/www.rizoma.com\/es\/wp-json\/wp\/v2\/rizoma_assembly_time?post=315423"},{"taxonomy":"rizoma_bike","embeddable":true,"href":"https:\/\/www.rizoma.com\/es\/wp-json\/wp\/v2\/rizoma_bike?post=315423"},{"taxonomy":"rizoma_division","embeddable":true,"href":"https:\/\/www.rizoma.com\/es\/wp-json\/wp\/v2\/rizoma_division?post=315423"},{"taxonomy":"rizoma_family","embeddable":true,"href":"https:\/\/www.rizoma.com\/es\/wp-json\/wp\/v2\/rizoma_family?post=315423"},{"taxonomy":"rizoma_model_category","embeddable":true,"href":"https:\/\/www.rizoma.com\/es\/wp-json\/wp\/v2\/rizoma_model_category?post=315423"},{"taxonomy":"rizoma_product_template","embeddable":true,"href":"https:\/\/www.rizoma.com\/es\/wp-json\/wp\/v2\/rizoma_product_template?post=315423"},{"taxonomy":"product_brand","embeddable":true,"href":"https:\/\/www.rizoma.com\/es\/wp-json\/wp\/v2\/product_brand?post=315423"},{"taxonomy":"product_cat","embeddable":true,"href":"https:\/\/www.rizoma.com\/es\/wp-json\/wp\/v2\/product_cat?post=315423"},{"taxonomy":"product_tag","embeddable":true,"href":"https:\/\/www.rizoma.com\/es\/wp-json\/wp\/v2\/product_tag?post=315423"}],"curies":[{"name":"wp","href":"https:\/\/api.w.org\/{rel}","templated":true}]}}