{"id":315408,"date":"2024-11-21T16:41:14","date_gmt":"2024-11-21T15:41:14","guid":{"rendered":"https:\/\/rwp.rizoma.com\/negozio\/kit-de-montaje-para-espejo-de-puno-bs818\/"},"modified":"2025-11-29T16:04:15","modified_gmt":"2025-11-29T15:04:15","slug":"kit-de-montaje-para-espejo-de-puno-bs818","status":"publish","type":"product","link":"https:\/\/www.rizoma.com\/es\/negozio\/espejos-retrovisores\/BS818\/kit-de-montaje-para-espejo-de-puno-bs818\/motorbike\/5307\/kawasaki\/er-6n\/","title":{"rendered":"Kit de montaje para espejo de pu\u00f1o"},"content":{"rendered":"<p>Cada adaptador de espejo est\u00e1 expresamente realizado para el modelo de moto correspondiente, con el fin de garantizar la mejor fijaci\u00f3n al manillar, combinando funcionalidad y confort, con un impacto est\u00e9tico reducido al m\u00ednimo.<\/p>\n","protected":false},"excerpt":{"rendered":"<p>Cada adaptador de espejo est\u00e1 expresamente realizado para el modelo de moto correspondiente, con el fin de garantizar la mejor fijaci\u00f3n al manillar, combinando funcionalidad y confort, con un impacto est\u00e9tico reducido al m\u00ednimo.<\/p>\n","protected":false},"featured_media":342979,"template":"","meta":{"_acf_changed":false},"rizoma_assembly_time":[42664],"rizoma_bike":[42593,43389,42144,41940,42115,42116,41941,42365,44372,44376,42169,42396,43684,42475,43683,42603,42528,42548,43388,42549,42044,42252,42045,42208,42046,42247,41936,42303,42648,42634,43896],"rizoma_division":[42653],"rizoma_family":[42669],"rizoma_model_category":[],"rizoma_product_template":[],"product_brand":[],"product_cat":[43943],"product_tag":[],"class_list":{"0":"post-315408","1":"product","2":"type-product","3":"status-publish","4":"has-post-thumbnail","6":"rizoma_bike-scrambler-1200-x-2024-26","7":"rizoma_bike-scrambler-1200-x-icon-edition-2025-26","8":"rizoma_bike-scrambler-1200-xc-2019-20","9":"rizoma_bike-speed-triple-1050-r-abs-2016-17","10":"rizoma_bike-speed-triple-1050-rs-2018-20","11":"rizoma_bike-speed-triple-1050-s-2018-20","12":"rizoma_bike-speed-triple-1050-s-abs-2016-17","13":"rizoma_bike-speed-triple-1200-rs-2021-24","14":"rizoma_bike-speed-triple-1200-rs-2025-26","15":"rizoma_bike-speed-triple-1200-rx-2025-26","16":"rizoma_bike-speed-twin-1200-2019-20","17":"rizoma_bike-speed-twin-1200-2021-24","18":"rizoma_bike-speed-twin-1200-2025-26","19":"rizoma_bike-speed-twin-1200-breitling-limited-edition-2022-24","20":"rizoma_bike-speed-twin-1200-rs-2025-26","21":"rizoma_bike-speed-twin-1200-stealth-edition-2024","22":"rizoma_bike-street-triple-765-moto2-edition-2023-24","23":"rizoma_bike-street-triple-765-r-2023-26","24":"rizoma_bike-street-triple-765-r-a2-2024-26","25":"rizoma_bike-street-triple-765-rs-2023-26","26":"rizoma_bike-street-triple-r-2017-20","27":"rizoma_bike-street-triple-r-2020-22","28":"rizoma_bike-street-triple-rs-2017-19","29":"rizoma_bike-street-triple-rs-2020-22","30":"rizoma_bike-street-triple-s-2017-19","31":"rizoma_bike-street-triple-s-2020-23","32":"rizoma_bike-street-twin-900-2016","33":"rizoma_bike-trident-660-2021-24","34":"rizoma_bike-trident-660-2025","35":"rizoma_bike-trident-660-triple-tribute-edition-2024","36":"rizoma_bike-trident-660-triple-tribute-edition-2025-26","37":"product_cat-espejos-retrovisores","39":"first","40":"instock","41":"taxable","42":"shipping-taxable","43":"purchasable","44":"product-type-variable"},"acf":[],"_links":{"self":[{"href":"https:\/\/www.rizoma.com\/es\/wp-json\/wp\/v2\/product\/315408","targetHints":{"allow":["GET"]}}],"collection":[{"href":"https:\/\/www.rizoma.com\/es\/wp-json\/wp\/v2\/product"}],"about":[{"href":"https:\/\/www.rizoma.com\/es\/wp-json\/wp\/v2\/types\/product"}],"wp:featuredmedia":[{"embeddable":true,"href":"https:\/\/www.rizoma.com\/es\/wp-json\/wp\/v2\/media\/342979"}],"wp:attachment":[{"href":"https:\/\/www.rizoma.com\/es\/wp-json\/wp\/v2\/media?parent=315408"}],"wp:term":[{"taxonomy":"rizoma_assembly_time","embeddable":true,"href":"https:\/\/www.rizoma.com\/es\/wp-json\/wp\/v2\/rizoma_assembly_time?post=315408"},{"taxonomy":"rizoma_bike","embeddable":true,"href":"https:\/\/www.rizoma.com\/es\/wp-json\/wp\/v2\/rizoma_bike?post=315408"},{"taxonomy":"rizoma_division","embeddable":true,"href":"https:\/\/www.rizoma.com\/es\/wp-json\/wp\/v2\/rizoma_division?post=315408"},{"taxonomy":"rizoma_family","embeddable":true,"href":"https:\/\/www.rizoma.com\/es\/wp-json\/wp\/v2\/rizoma_family?post=315408"},{"taxonomy":"rizoma_model_category","embeddable":true,"href":"https:\/\/www.rizoma.com\/es\/wp-json\/wp\/v2\/rizoma_model_category?post=315408"},{"taxonomy":"rizoma_product_template","embeddable":true,"href":"https:\/\/www.rizoma.com\/es\/wp-json\/wp\/v2\/rizoma_product_template?post=315408"},{"taxonomy":"product_brand","embeddable":true,"href":"https:\/\/www.rizoma.com\/es\/wp-json\/wp\/v2\/product_brand?post=315408"},{"taxonomy":"product_cat","embeddable":true,"href":"https:\/\/www.rizoma.com\/es\/wp-json\/wp\/v2\/product_cat?post=315408"},{"taxonomy":"product_tag","embeddable":true,"href":"https:\/\/www.rizoma.com\/es\/wp-json\/wp\/v2\/product_tag?post=315408"}],"curies":[{"name":"wp","href":"https:\/\/api.w.org\/{rel}","templated":true}]}}