{"id":315393,"date":"2024-11-21T16:40:54","date_gmt":"2024-11-21T15:40:54","guid":{"rendered":"https:\/\/rwp.rizoma.com\/negozio\/kit-de-montaje-para-espejo-con-anclaje-original-bs804\/"},"modified":"2025-01-14T10:49:26","modified_gmt":"2025-01-14T09:49:26","slug":"kit-de-montaje-para-espejo-con-anclaje-original-bs804","status":"publish","type":"product","link":"https:\/\/www.rizoma.com\/es\/negozio\/espejos-retrovisores\/BS804\/kit-de-montaje-para-espejo-con-anclaje-original-bs804\/","title":{"rendered":"Kit de montaje para espejo con anclaje original"},"content":{"rendered":"<p>Cada adaptador espec\u00edfico de espejo est\u00e1 expresamente realizado para el modelo de moto correspondiente, con el fin de garantizar la mejor fijaci\u00f3n al manillar. En armon\u00eda con las l\u00edneas de los espejos, el adaptador garantiza la continuidad del dise\u00f1o, combinando funcionalidad y confort sin olvidar el aspecto est\u00e9tico. Tambi\u00e9n est\u00e1n realizados en aluminio mecanizado a partir de un bloque macizo para conferir resistencia y durabilidad.<\/p>\n","protected":false},"excerpt":{"rendered":"<p>Cada adaptador espec\u00edfico de espejo est\u00e1 expresamente realizado para el modelo de moto correspondiente, con el fin de garantizar la mejor fijaci\u00f3n al manillar. En armon\u00eda con las l\u00edneas de los espejos, el adaptador garantiza la continuidad del dise\u00f1o, combinando funcionalidad y confort sin olvidar el aspecto est\u00e9tico. Tambi\u00e9n est\u00e1n realizados en aluminio mecanizado a [&hellip;]<\/p>\n","protected":false},"featured_media":297512,"template":"","meta":{"_acf_changed":false},"rizoma_assembly_time":[42664],"rizoma_bike":[41568,41569,41935,44379,44380,42598,42601,42552,43391,43392,42602,41937,42047,41575,41886,42554,42599],"rizoma_division":[42653],"rizoma_family":[42669],"rizoma_model_category":[],"rizoma_product_template":[],"product_brand":[],"product_cat":[43943],"product_tag":[],"class_list":{"0":"post-315393","1":"product","2":"type-product","3":"status-publish","4":"has-post-thumbnail","6":"rizoma_bike-bonneville-t100-2001-07","7":"rizoma_bike-bonneville-t100-2008-16","8":"rizoma_bike-bonneville-t120-2016-20","9":"rizoma_bike-bonneville-t120-2026","10":"rizoma_bike-bonneville-t120-black-2026","11":"rizoma_bike-bonneville-t120-black-dgr-limited-edition-2023","12":"rizoma_bike-bonneville-t120-black-stealth-edition-2024","13":"rizoma_bike-bonneville-t120-chrome-edition-2023","14":"rizoma_bike-bonneville-t120-elvis-2024-26","15":"rizoma_bike-bonneville-t120-icon-edition-2025-26","16":"rizoma_bike-bonneville-t120-stealth-edition-2024","17":"rizoma_bike-thruxton-1200-r-2016","18":"rizoma_bike-thruxton-1200-r-2017-18","19":"rizoma_bike-thruxton-900-2004-15","20":"rizoma_bike-thruxton-900-ace-2014-15","21":"rizoma_bike-thruxton-rs-chrome-edition-2023","22":"rizoma_bike-thruxton-rs-final-edition-2024-25","23":"product_cat-espejos-retrovisores","25":"first","26":"instock","27":"taxable","28":"shipping-taxable","29":"purchasable","30":"product-type-variable"},"acf":[],"_links":{"self":[{"href":"https:\/\/www.rizoma.com\/es\/wp-json\/wp\/v2\/product\/315393","targetHints":{"allow":["GET"]}}],"collection":[{"href":"https:\/\/www.rizoma.com\/es\/wp-json\/wp\/v2\/product"}],"about":[{"href":"https:\/\/www.rizoma.com\/es\/wp-json\/wp\/v2\/types\/product"}],"wp:featuredmedia":[{"embeddable":true,"href":"https:\/\/www.rizoma.com\/es\/wp-json\/wp\/v2\/media\/297512"}],"wp:attachment":[{"href":"https:\/\/www.rizoma.com\/es\/wp-json\/wp\/v2\/media?parent=315393"}],"wp:term":[{"taxonomy":"rizoma_assembly_time","embeddable":true,"href":"https:\/\/www.rizoma.com\/es\/wp-json\/wp\/v2\/rizoma_assembly_time?post=315393"},{"taxonomy":"rizoma_bike","embeddable":true,"href":"https:\/\/www.rizoma.com\/es\/wp-json\/wp\/v2\/rizoma_bike?post=315393"},{"taxonomy":"rizoma_division","embeddable":true,"href":"https:\/\/www.rizoma.com\/es\/wp-json\/wp\/v2\/rizoma_division?post=315393"},{"taxonomy":"rizoma_family","embeddable":true,"href":"https:\/\/www.rizoma.com\/es\/wp-json\/wp\/v2\/rizoma_family?post=315393"},{"taxonomy":"rizoma_model_category","embeddable":true,"href":"https:\/\/www.rizoma.com\/es\/wp-json\/wp\/v2\/rizoma_model_category?post=315393"},{"taxonomy":"rizoma_product_template","embeddable":true,"href":"https:\/\/www.rizoma.com\/es\/wp-json\/wp\/v2\/rizoma_product_template?post=315393"},{"taxonomy":"product_brand","embeddable":true,"href":"https:\/\/www.rizoma.com\/es\/wp-json\/wp\/v2\/product_brand?post=315393"},{"taxonomy":"product_cat","embeddable":true,"href":"https:\/\/www.rizoma.com\/es\/wp-json\/wp\/v2\/product_cat?post=315393"},{"taxonomy":"product_tag","embeddable":true,"href":"https:\/\/www.rizoma.com\/es\/wp-json\/wp\/v2\/product_tag?post=315393"}],"curies":[{"name":"wp","href":"https:\/\/api.w.org\/{rel}","templated":true}]}}