{"id":315128,"date":"2024-11-21T16:35:06","date_gmt":"2024-11-21T15:35:06","guid":{"rendered":"https:\/\/rwp.rizoma.com\/negozio\/guardabarros-delantero-zhd141\/"},"modified":"2026-04-04T07:24:09","modified_gmt":"2026-04-04T05:24:09","slug":"guardabarros-delantero-zhd141","status":"publish","type":"product","link":"https:\/\/www.rizoma.com\/es\/negozio\/guardabarros\/ZHD141\/guardabarros-delantero-zhd141\/","title":{"rendered":"Guardabarros delantero"},"content":{"rendered":"<p>El Guardabarros delantero (0,25 kg) est\u00e1 realizado en aluminio estampado y, luego, cepillado y anodizado. Junto con la C\u00fapula de la l\u00ednea de accesorios Rizoma para FXDR, armoniza el perfil completo, puro metal para tu moto.<\/p>\n","protected":false},"excerpt":{"rendered":"<p>El Guardabarros delantero (0,25 kg) est\u00e1 realizado en aluminio estampado y, luego, cepillado y anodizado. Junto con la C\u00fapula de la l\u00ednea de accesorios Rizoma para FXDR, armoniza el perfil completo, puro metal para tu moto.<\/p>\n","protected":false},"featured_media":294962,"template":"","meta":{"_acf_changed":false},"rizoma_assembly_time":[42664],"rizoma_bike":[43785],"rizoma_division":[42653],"rizoma_family":[],"rizoma_model_category":[],"rizoma_product_template":[],"product_brand":[],"product_cat":[42875],"product_tag":[],"class_list":{"0":"post-315128","1":"product","2":"type-product","3":"status-publish","4":"has-post-thumbnail","6":"rizoma_bike-1200-forty-eight-2016-20","7":"product_cat-guardabarros","9":"first","10":"instock","11":"taxable","12":"shipping-taxable","13":"purchasable","14":"product-type-variable"},"acf":[],"_links":{"self":[{"href":"https:\/\/www.rizoma.com\/es\/wp-json\/wp\/v2\/product\/315128","targetHints":{"allow":["GET"]}}],"collection":[{"href":"https:\/\/www.rizoma.com\/es\/wp-json\/wp\/v2\/product"}],"about":[{"href":"https:\/\/www.rizoma.com\/es\/wp-json\/wp\/v2\/types\/product"}],"wp:featuredmedia":[{"embeddable":true,"href":"https:\/\/www.rizoma.com\/es\/wp-json\/wp\/v2\/media\/294962"}],"wp:attachment":[{"href":"https:\/\/www.rizoma.com\/es\/wp-json\/wp\/v2\/media?parent=315128"}],"wp:term":[{"taxonomy":"rizoma_assembly_time","embeddable":true,"href":"https:\/\/www.rizoma.com\/es\/wp-json\/wp\/v2\/rizoma_assembly_time?post=315128"},{"taxonomy":"rizoma_bike","embeddable":true,"href":"https:\/\/www.rizoma.com\/es\/wp-json\/wp\/v2\/rizoma_bike?post=315128"},{"taxonomy":"rizoma_division","embeddable":true,"href":"https:\/\/www.rizoma.com\/es\/wp-json\/wp\/v2\/rizoma_division?post=315128"},{"taxonomy":"rizoma_family","embeddable":true,"href":"https:\/\/www.rizoma.com\/es\/wp-json\/wp\/v2\/rizoma_family?post=315128"},{"taxonomy":"rizoma_model_category","embeddable":true,"href":"https:\/\/www.rizoma.com\/es\/wp-json\/wp\/v2\/rizoma_model_category?post=315128"},{"taxonomy":"rizoma_product_template","embeddable":true,"href":"https:\/\/www.rizoma.com\/es\/wp-json\/wp\/v2\/rizoma_product_template?post=315128"},{"taxonomy":"product_brand","embeddable":true,"href":"https:\/\/www.rizoma.com\/es\/wp-json\/wp\/v2\/product_brand?post=315128"},{"taxonomy":"product_cat","embeddable":true,"href":"https:\/\/www.rizoma.com\/es\/wp-json\/wp\/v2\/product_cat?post=315128"},{"taxonomy":"product_tag","embeddable":true,"href":"https:\/\/www.rizoma.com\/es\/wp-json\/wp\/v2\/product_tag?post=315128"}],"curies":[{"name":"wp","href":"https:\/\/api.w.org\/{rel}","templated":true}]}}