{"id":314973,"date":"2024-11-21T16:31:48","date_gmt":"2024-11-21T15:31:48","guid":{"rendered":"https:\/\/rwp.rizoma.com\/negozio\/embellecedor-deposito-de-combustible-zhd128\/"},"modified":"2025-05-29T04:10:22","modified_gmt":"2025-05-29T02:10:22","slug":"embellecedor-deposito-de-combustible-zhd128","status":"publish","type":"product","link":"https:\/\/www.rizoma.com\/es\/negozio\/mas-para-tu-harley-davidson\/ZHD128\/embellecedor-deposito-de-combustible-zhd128\/","title":{"rendered":"Embellecedor dep\u00f3sito de Combustible"},"content":{"rendered":"<p>El Embellecedor dep\u00f3sito de combustible de Rizoma, en aluminio mecanizado a partir de un bloque macizo, es puro estilo para tu FXDR. Material de calidad y elaboraci\u00f3n detallada, caracterizado por el cl\u00e1sico gr\u00e1fico Rizoma obtenido mediante proceso de anodizado que garantiza un mayor rendimiento est\u00e9tico frente al paso del tiempo.<\/p>\n","protected":false},"excerpt":{"rendered":"<p>El Embellecedor dep\u00f3sito de combustible de Rizoma, en aluminio mecanizado a partir de un bloque macizo, es puro estilo para tu FXDR. Material de calidad y elaboraci\u00f3n detallada, caracterizado por el cl\u00e1sico gr\u00e1fico Rizoma obtenido mediante proceso de anodizado que garantiza un mayor rendimiento est\u00e9tico frente al paso del tiempo.<\/p>\n","protected":false},"featured_media":294927,"template":"","meta":{"_acf_changed":false},"rizoma_assembly_time":[42664],"rizoma_bike":[43812],"rizoma_division":[42653],"rizoma_family":[],"rizoma_model_category":[],"rizoma_product_template":[],"product_brand":[],"product_cat":[42788],"product_tag":[],"class_list":{"0":"post-314973","1":"product","2":"type-product","3":"status-publish","4":"has-post-thumbnail","6":"rizoma_bike-114-fxdr-2019-20","7":"product_cat-mas-para-tu-harley-davidson","9":"first","10":"instock","11":"sale","12":"taxable","13":"shipping-taxable","14":"purchasable","15":"product-type-variable"},"acf":[],"_links":{"self":[{"href":"https:\/\/www.rizoma.com\/es\/wp-json\/wp\/v2\/product\/314973","targetHints":{"allow":["GET"]}}],"collection":[{"href":"https:\/\/www.rizoma.com\/es\/wp-json\/wp\/v2\/product"}],"about":[{"href":"https:\/\/www.rizoma.com\/es\/wp-json\/wp\/v2\/types\/product"}],"wp:featuredmedia":[{"embeddable":true,"href":"https:\/\/www.rizoma.com\/es\/wp-json\/wp\/v2\/media\/294927"}],"wp:attachment":[{"href":"https:\/\/www.rizoma.com\/es\/wp-json\/wp\/v2\/media?parent=314973"}],"wp:term":[{"taxonomy":"rizoma_assembly_time","embeddable":true,"href":"https:\/\/www.rizoma.com\/es\/wp-json\/wp\/v2\/rizoma_assembly_time?post=314973"},{"taxonomy":"rizoma_bike","embeddable":true,"href":"https:\/\/www.rizoma.com\/es\/wp-json\/wp\/v2\/rizoma_bike?post=314973"},{"taxonomy":"rizoma_division","embeddable":true,"href":"https:\/\/www.rizoma.com\/es\/wp-json\/wp\/v2\/rizoma_division?post=314973"},{"taxonomy":"rizoma_family","embeddable":true,"href":"https:\/\/www.rizoma.com\/es\/wp-json\/wp\/v2\/rizoma_family?post=314973"},{"taxonomy":"rizoma_model_category","embeddable":true,"href":"https:\/\/www.rizoma.com\/es\/wp-json\/wp\/v2\/rizoma_model_category?post=314973"},{"taxonomy":"rizoma_product_template","embeddable":true,"href":"https:\/\/www.rizoma.com\/es\/wp-json\/wp\/v2\/rizoma_product_template?post=314973"},{"taxonomy":"product_brand","embeddable":true,"href":"https:\/\/www.rizoma.com\/es\/wp-json\/wp\/v2\/product_brand?post=314973"},{"taxonomy":"product_cat","embeddable":true,"href":"https:\/\/www.rizoma.com\/es\/wp-json\/wp\/v2\/product_cat?post=314973"},{"taxonomy":"product_tag","embeddable":true,"href":"https:\/\/www.rizoma.com\/es\/wp-json\/wp\/v2\/product_tag?post=314973"}],"curies":[{"name":"wp","href":"https:\/\/api.w.org\/{rel}","templated":true}]}}