{"id":314938,"date":"2024-11-21T16:31:06","date_gmt":"2024-11-21T15:31:06","guid":{"rendered":"https:\/\/rwp.rizoma.com\/negozio\/kit-articulados-autoblocantes-para-estriberas-rizoma-pe611\/"},"modified":"2025-05-27T12:48:58","modified_gmt":"2025-05-27T10:48:58","slug":"kit-articulados-autoblocantes-para-estriberas-rizoma-pe611","status":"publish","type":"product","link":"https:\/\/www.rizoma.com\/es\/negozio\/estriberas\/PE611\/kit-articulados-autoblocantes-para-estriberas-rizoma-pe611\/","title":{"rendered":"Kit articulados autoblocantes para Estriberas Rizoma"},"content":{"rendered":"<p>Estudiadas y desarrolladas para conferir una extrema versatilidad de utilizaci\u00f3n, combinando el uso en carretera abierta y los est\u00e1ndares exigidos para su uso en circuito. Pasar de la carretera al circuito en pocos instantes es posible gracias a los anclajes de Rizoma. En efecto, el eje de la articulaci\u00f3n est\u00e1 dotado de un alojamiento que alberga un esp\u00e1rrago allen de sujeci\u00f3n que, si se quita y se inserta en un alojamiento previsto, bloquea el movimiento otorgando una absoluta rigidez a la estribera. Fabricadas en aluminio mecanizado a partir de un bloque macizo.<\/p>\n","protected":false},"excerpt":{"rendered":"<p>Estudiadas y desarrolladas para conferir una extrema versatilidad de utilizaci\u00f3n, combinando el uso en carretera abierta y los est\u00e1ndares exigidos para su uso en circuito. Pasar de la carretera al circuito en pocos instantes es posible gracias a los anclajes de Rizoma. En efecto, el eje de la articulaci\u00f3n est\u00e1 dotado de un alojamiento que [&hellip;]<\/p>\n","protected":false},"featured_media":297362,"template":"","meta":{"_acf_changed":false},"rizoma_assembly_time":[42675],"rizoma_bike":[41632,41633,41634,41635,41639,41640,41647,41651,41654,41659,41660,41542,41543,41545,41544,41546,41547,41751,41548,41776,41622,41590,41576,41577,41709,41606,44009,41706,41448,41449,41450,41451,41453,41454,41464,41465,41466,41467,41468,41469,41470,41471,41472,41473,41476,41479,41480,41478,41481,41482,41484,41487,41488,41489,41490,41491,41492,41493,41494,41495,41499,41500,41502,41503,41504,41570,41572,41573,41574,41721,41722,41758,41724,41615,41617],"rizoma_division":[42653],"rizoma_family":[42747],"rizoma_model_category":[],"rizoma_product_template":[],"product_brand":[],"product_cat":[42752],"product_tag":[],"class_list":{"0":"post-314938","1":"product","2":"type-product","3":"status-publish","4":"has-post-thumbnail","6":"rizoma_bike-748-biposto-1995-97","7":"rizoma_bike-748-biposto-1998-03","8":"rizoma_bike-748-sp-1995-97","9":"rizoma_bike-748-sps-1998-01","10":"rizoma_bike-749-2003-07","11":"rizoma_bike-749-dark-2003-07","12":"rizoma_bike-916-biposto-1994-98","13":"rizoma_bike-996-biposto-1998-01","14":"rizoma_bike-998-2001-02","15":"rizoma_bike-999-2002-04","16":"rizoma_bike-999-2005-06","17":"rizoma_bike-brutale-1078-rr-1","18":"rizoma_bike-brutale-1090-rr-1","19":"rizoma_bike-brutale-750-america-2004-06","20":"rizoma_bike-brutale-750-s-2002-06","21":"rizoma_bike-brutale-750-serie-oro-2001-05","22":"rizoma_bike-brutale-910-s-2005-11","23":"rizoma_bike-brutale-920-2011-12","24":"rizoma_bike-brutale-989-r-1","25":"rizoma_bike-cbr-1000-rr-fireblade-2012-16","26":"rizoma_bike-firebolt-xb12r-1","27":"rizoma_bike-firebolt-xb9r-1000-1","28":"rizoma_bike-fz1-2006-16","29":"rizoma_bike-fz1-fazer-2006-16","30":"rizoma_bike-gsx-r-600-2006-07","31":"rizoma_bike-gsx-r-600-2008-10","32":"rizoma_bike-gsx-r-750-2008-10","33":"rizoma_bike-gsx-r1000-2009-11","34":"rizoma_bike-lightning-cityx-xb9-sx-2005-09","35":"rizoma_bike-lightning-cityx-xb9-sx-total-black-2009-11","36":"rizoma_bike-lightning-long-xb12ss-1","37":"rizoma_bike-lightning-super-tt-xb12stt-1","38":"rizoma_bike-lightning-xb-12s-1","39":"rizoma_bike-lightning-xb-9s","40":"rizoma_bike-monster-600-1994-02","41":"rizoma_bike-monster-600-city-1998-02","42":"rizoma_bike-monster-600-city-dark-1998-02","43":"rizoma_bike-monster-600-dark-1998-01","44":"rizoma_bike-monster-600-dark-2002","45":"rizoma_bike-monster-620-2003-06","46":"rizoma_bike-monster-620-dark-2003-06","47":"rizoma_bike-monster-620-dark-sd-2003-05","48":"rizoma_bike-monster-620-i-e-2002","49":"rizoma_bike-monster-620-i-e-dark-2002","50":"rizoma_bike-monster-695-2006-08","51":"rizoma_bike-monster-750-1996-02","52":"rizoma_bike-monster-750-city-1998-02","53":"rizoma_bike-monster-750-city-dark-1999-02","54":"rizoma_bike-monster-750-dark-1999-02","55":"rizoma_bike-monster-750-i-e-2002","56":"rizoma_bike-monster-800-2003-05","57":"rizoma_bike-monster-900-city-1998-02","58":"rizoma_bike-monster-900-city-dark-1999-02","59":"rizoma_bike-monster-900-city-dark-i-e-1999-02","60":"rizoma_bike-monster-900-city-i-e-1999-02","61":"rizoma_bike-monster-900-cromo-i-e-1999-02","62":"rizoma_bike-monster-900-dark-1999-02","63":"rizoma_bike-monster-900-dark-i-e-1999-02","64":"rizoma_bike-monster-900-i-e-1999-02","65":"rizoma_bike-monster-900-i-e-2002","66":"rizoma_bike-monster-s2-r-2004-07","67":"rizoma_bike-monster-s2-r-dark-2004-06","68":"rizoma_bike-monster-s4-2001-03","69":"rizoma_bike-monster-s4-fogarty-2002","70":"rizoma_bike-monster-s4r-2003-05","71":"rizoma_bike-speed-triple-1050-2005-11","72":"rizoma_bike-speed-triple-955-2002-04","73":"rizoma_bike-street-triple-2007-12","74":"rizoma_bike-street-triple-r-2009-12","75":"rizoma_bike-yzf-r1-2006","76":"rizoma_bike-yzf-r1-2007-08","77":"rizoma_bike-yzf-r1-2012-14","78":"rizoma_bike-yzf-r1-sp1-2006","79":"rizoma_bike-yzf-r6-2006-07","80":"rizoma_bike-yzf-r6-2010-16","81":"product_cat-estriberas","83":"first","84":"instock","85":"sale","86":"taxable","87":"shipping-taxable","88":"purchasable","89":"product-type-variable"},"acf":[],"_links":{"self":[{"href":"https:\/\/www.rizoma.com\/es\/wp-json\/wp\/v2\/product\/314938","targetHints":{"allow":["GET"]}}],"collection":[{"href":"https:\/\/www.rizoma.com\/es\/wp-json\/wp\/v2\/product"}],"about":[{"href":"https:\/\/www.rizoma.com\/es\/wp-json\/wp\/v2\/types\/product"}],"wp:featuredmedia":[{"embeddable":true,"href":"https:\/\/www.rizoma.com\/es\/wp-json\/wp\/v2\/media\/297362"}],"wp:attachment":[{"href":"https:\/\/www.rizoma.com\/es\/wp-json\/wp\/v2\/media?parent=314938"}],"wp:term":[{"taxonomy":"rizoma_assembly_time","embeddable":true,"href":"https:\/\/www.rizoma.com\/es\/wp-json\/wp\/v2\/rizoma_assembly_time?post=314938"},{"taxonomy":"rizoma_bike","embeddable":true,"href":"https:\/\/www.rizoma.com\/es\/wp-json\/wp\/v2\/rizoma_bike?post=314938"},{"taxonomy":"rizoma_division","embeddable":true,"href":"https:\/\/www.rizoma.com\/es\/wp-json\/wp\/v2\/rizoma_division?post=314938"},{"taxonomy":"rizoma_family","embeddable":true,"href":"https:\/\/www.rizoma.com\/es\/wp-json\/wp\/v2\/rizoma_family?post=314938"},{"taxonomy":"rizoma_model_category","embeddable":true,"href":"https:\/\/www.rizoma.com\/es\/wp-json\/wp\/v2\/rizoma_model_category?post=314938"},{"taxonomy":"rizoma_product_template","embeddable":true,"href":"https:\/\/www.rizoma.com\/es\/wp-json\/wp\/v2\/rizoma_product_template?post=314938"},{"taxonomy":"product_brand","embeddable":true,"href":"https:\/\/www.rizoma.com\/es\/wp-json\/wp\/v2\/product_brand?post=314938"},{"taxonomy":"product_cat","embeddable":true,"href":"https:\/\/www.rizoma.com\/es\/wp-json\/wp\/v2\/product_cat?post=314938"},{"taxonomy":"product_tag","embeddable":true,"href":"https:\/\/www.rizoma.com\/es\/wp-json\/wp\/v2\/product_tag?post=314938"}],"curies":[{"name":"wp","href":"https:\/\/api.w.org\/{rel}","templated":true}]}}