{"id":314893,"date":"2024-11-21T16:30:08","date_gmt":"2024-11-21T15:30:08","guid":{"rendered":"https:\/\/rwp.rizoma.com\/negozio\/kit-portamatricula-outside-custom-pt564\/"},"modified":"2025-01-14T11:36:51","modified_gmt":"2025-01-14T10:36:51","slug":"kit-portamatricula-outside-custom-pt564","status":"publish","type":"product","link":"https:\/\/www.rizoma.com\/es\/negozio\/portamatricula\/PT564\/kit-portamatricula-outside-custom-pt564\/","title":{"rendered":"Kit Portam\u00e1tricula Outside Custom"},"content":{"rendered":"<p>El kit de soporte para portamatr\u00edcula Outside, en aluminio mecanizado a partir de un bloque macizo, ofrece una interpretaci\u00f3n completamente nueva de la secci\u00f3n trasera, ademas de garantizar unas excelentes prestaciones estructurales y un alto impacto est\u00e9tico, gracias a su dise\u00f1o minimalista y a la alta calidad de los materiales. De f\u00e1cil montaje, al estar estudiado para cada modelo espec\u00edfico de moto. Vendido de forma individual requiere la compra de un soporte de matr\u00edcula espec\u00edfico Rizoma, eligiendo las dimensiones conforme a la legislaci\u00f3n vigente en cada pa\u00eds.<\/p>\n","protected":false},"excerpt":{"rendered":"<p>El kit de soporte para portamatr\u00edcula Outside, en aluminio mecanizado a partir de un bloque macizo, ofrece una interpretaci\u00f3n completamente nueva de la secci\u00f3n trasera, ademas de garantizar unas excelentes prestaciones estructurales y un alto impacto est\u00e9tico, gracias a su dise\u00f1o minimalista y a la alta calidad de los materiales. De f\u00e1cil montaje, al estar [&hellip;]<\/p>\n","protected":false},"featured_media":341859,"template":"","meta":{"_acf_changed":false},"rizoma_assembly_time":[42789],"rizoma_bike":[43808,43781],"rizoma_division":[42653],"rizoma_family":[],"rizoma_model_category":[],"rizoma_product_template":[],"product_brand":[],"product_cat":[42768],"product_tag":[],"class_list":{"0":"post-314893","1":"product","2":"type-product","3":"status-publish","4":"has-post-thumbnail","6":"rizoma_bike-107-fat-bob-2017-20-fxfb","7":"rizoma_bike-114-fat-bob-2018-20-fxfbs","8":"product_cat-portamatricula","10":"first","11":"instock","12":"taxable","13":"shipping-taxable","14":"purchasable","15":"product-type-variable"},"acf":[],"_links":{"self":[{"href":"https:\/\/www.rizoma.com\/es\/wp-json\/wp\/v2\/product\/314893","targetHints":{"allow":["GET"]}}],"collection":[{"href":"https:\/\/www.rizoma.com\/es\/wp-json\/wp\/v2\/product"}],"about":[{"href":"https:\/\/www.rizoma.com\/es\/wp-json\/wp\/v2\/types\/product"}],"wp:featuredmedia":[{"embeddable":true,"href":"https:\/\/www.rizoma.com\/es\/wp-json\/wp\/v2\/media\/341859"}],"wp:attachment":[{"href":"https:\/\/www.rizoma.com\/es\/wp-json\/wp\/v2\/media?parent=314893"}],"wp:term":[{"taxonomy":"rizoma_assembly_time","embeddable":true,"href":"https:\/\/www.rizoma.com\/es\/wp-json\/wp\/v2\/rizoma_assembly_time?post=314893"},{"taxonomy":"rizoma_bike","embeddable":true,"href":"https:\/\/www.rizoma.com\/es\/wp-json\/wp\/v2\/rizoma_bike?post=314893"},{"taxonomy":"rizoma_division","embeddable":true,"href":"https:\/\/www.rizoma.com\/es\/wp-json\/wp\/v2\/rizoma_division?post=314893"},{"taxonomy":"rizoma_family","embeddable":true,"href":"https:\/\/www.rizoma.com\/es\/wp-json\/wp\/v2\/rizoma_family?post=314893"},{"taxonomy":"rizoma_model_category","embeddable":true,"href":"https:\/\/www.rizoma.com\/es\/wp-json\/wp\/v2\/rizoma_model_category?post=314893"},{"taxonomy":"rizoma_product_template","embeddable":true,"href":"https:\/\/www.rizoma.com\/es\/wp-json\/wp\/v2\/rizoma_product_template?post=314893"},{"taxonomy":"product_brand","embeddable":true,"href":"https:\/\/www.rizoma.com\/es\/wp-json\/wp\/v2\/product_brand?post=314893"},{"taxonomy":"product_cat","embeddable":true,"href":"https:\/\/www.rizoma.com\/es\/wp-json\/wp\/v2\/product_cat?post=314893"},{"taxonomy":"product_tag","embeddable":true,"href":"https:\/\/www.rizoma.com\/es\/wp-json\/wp\/v2\/product_tag?post=314893"}],"curies":[{"name":"wp","href":"https:\/\/api.w.org\/{rel}","templated":true}]}}