{"id":314883,"date":"2024-11-21T16:29:54","date_gmt":"2024-11-21T15:29:54","guid":{"rendered":"https:\/\/rwp.rizoma.com\/negozio\/kit-de-montaje-espejo-para-carenado-bs761\/"},"modified":"2025-01-14T11:36:22","modified_gmt":"2025-01-14T10:36:22","slug":"kit-de-montaje-espejo-para-carenado-bs761","status":"publish","type":"product","link":"https:\/\/www.rizoma.com\/es\/negozio\/espejos-retrovisores\/BS761\/kit-de-montaje-espejo-para-carenado-bs761\/","title":{"rendered":"Kit de montaje espejo para carenado"},"content":{"rendered":"<p>Cada adaptador Rizoma espec\u00edfico de espejo est\u00e1 realizado para el modelo de moto correspondiente, con el fin de garantizar la mejor fijaci\u00f3n al manillar. En aluminio mecanizado a partir de un bloque macizo para conferir resistencia y durabilidad incluso frente a exigencias m\u00e1ximas.<\/p>\n","protected":false},"excerpt":{"rendered":"<p>Cada adaptador Rizoma espec\u00edfico de espejo est\u00e1 realizado para el modelo de moto correspondiente, con el fin de garantizar la mejor fijaci\u00f3n al manillar. En aluminio mecanizado a partir de un bloque macizo para conferir resistencia y durabilidad incluso frente a exigencias m\u00e1ximas.<\/p>\n","protected":false},"featured_media":297417,"template":"","meta":{"_acf_changed":false},"rizoma_assembly_time":[42664],"rizoma_bike":[41981],"rizoma_division":[42653],"rizoma_family":[42669],"rizoma_model_category":[],"rizoma_product_template":[],"product_brand":[],"product_cat":[43943],"product_tag":[],"class_list":{"0":"post-314883","1":"product","2":"type-product","3":"status-publish","4":"has-post-thumbnail","6":"rizoma_bike-r-ninet-1200-racer-2017-20","7":"product_cat-espejos-retrovisores","9":"first","10":"instock","11":"taxable","12":"shipping-taxable","13":"purchasable","14":"product-type-variable"},"acf":[],"_links":{"self":[{"href":"https:\/\/www.rizoma.com\/es\/wp-json\/wp\/v2\/product\/314883","targetHints":{"allow":["GET"]}}],"collection":[{"href":"https:\/\/www.rizoma.com\/es\/wp-json\/wp\/v2\/product"}],"about":[{"href":"https:\/\/www.rizoma.com\/es\/wp-json\/wp\/v2\/types\/product"}],"wp:featuredmedia":[{"embeddable":true,"href":"https:\/\/www.rizoma.com\/es\/wp-json\/wp\/v2\/media\/297417"}],"wp:attachment":[{"href":"https:\/\/www.rizoma.com\/es\/wp-json\/wp\/v2\/media?parent=314883"}],"wp:term":[{"taxonomy":"rizoma_assembly_time","embeddable":true,"href":"https:\/\/www.rizoma.com\/es\/wp-json\/wp\/v2\/rizoma_assembly_time?post=314883"},{"taxonomy":"rizoma_bike","embeddable":true,"href":"https:\/\/www.rizoma.com\/es\/wp-json\/wp\/v2\/rizoma_bike?post=314883"},{"taxonomy":"rizoma_division","embeddable":true,"href":"https:\/\/www.rizoma.com\/es\/wp-json\/wp\/v2\/rizoma_division?post=314883"},{"taxonomy":"rizoma_family","embeddable":true,"href":"https:\/\/www.rizoma.com\/es\/wp-json\/wp\/v2\/rizoma_family?post=314883"},{"taxonomy":"rizoma_model_category","embeddable":true,"href":"https:\/\/www.rizoma.com\/es\/wp-json\/wp\/v2\/rizoma_model_category?post=314883"},{"taxonomy":"rizoma_product_template","embeddable":true,"href":"https:\/\/www.rizoma.com\/es\/wp-json\/wp\/v2\/rizoma_product_template?post=314883"},{"taxonomy":"product_brand","embeddable":true,"href":"https:\/\/www.rizoma.com\/es\/wp-json\/wp\/v2\/product_brand?post=314883"},{"taxonomy":"product_cat","embeddable":true,"href":"https:\/\/www.rizoma.com\/es\/wp-json\/wp\/v2\/product_cat?post=314883"},{"taxonomy":"product_tag","embeddable":true,"href":"https:\/\/www.rizoma.com\/es\/wp-json\/wp\/v2\/product_tag?post=314883"}],"curies":[{"name":"wp","href":"https:\/\/api.w.org\/{rel}","templated":true}]}}