{"id":314858,"date":"2024-11-21T16:29:23","date_gmt":"2024-11-21T15:29:23","guid":{"rendered":"https:\/\/rwp.rizoma.com\/negozio\/reposapies-inferior-zyf035\/"},"modified":"2025-01-14T11:34:32","modified_gmt":"2025-01-14T10:34:32","slug":"reposapies-inferior-zyf035","status":"publish","type":"product","link":"https:\/\/www.rizoma.com\/es\/negozio\/mas-para-tu-yamaha\/ZYF035\/reposapies-inferior-zyf035\/","title":{"rendered":"Reposapi\u00e9s inferior"},"content":{"rendered":"<p>El kit de reposapi\u00e9s inferior est\u00e1 realizado en aluminio, finamente anodizado para garantizar una mayor resistencia al desgaste, y est\u00e1 dotado de caucho antideslizante que hace m\u00e1s confortable la conducci\u00f3n de tu T-Max. Seguridad y confort sin renunciar a la est\u00e9tica. Perfecto en combinaci\u00f3n con el kit de reposapi\u00e9s delantero.<\/p>\n","protected":false},"excerpt":{"rendered":"<p>El kit de reposapi\u00e9s inferior est\u00e1 realizado en aluminio, finamente anodizado para garantizar una mayor resistencia al desgaste, y est\u00e1 dotado de caucho antideslizante que hace m\u00e1s confortable la conducci\u00f3n de tu T-Max. Seguridad y confort sin renunciar a la est\u00e9tica. Perfecto en combinaci\u00f3n con el kit de reposapi\u00e9s delantero.<\/p>\n","protected":false},"featured_media":295252,"template":"","meta":{"_acf_changed":false},"rizoma_assembly_time":[42675],"rizoma_bike":[42023,42024,42025,42120,42225,42386,42226,42378],"rizoma_division":[42653],"rizoma_family":[],"rizoma_model_category":[],"rizoma_product_template":[],"product_brand":[],"product_cat":[42799],"product_tag":[],"class_list":{"0":"post-314858","1":"product","2":"type-product","3":"status-publish","4":"has-post-thumbnail","6":"rizoma_bike-t-max-530-2017-19","7":"rizoma_bike-t-max-530-dx-2017-19","8":"rizoma_bike-t-max-530-sx-2017-19","9":"rizoma_bike-t-max-530-sx-sport-edition-2018-19","10":"rizoma_bike-t-max-560-2020-21","11":"rizoma_bike-t-max-560-20-anniversario-2021","12":"rizoma_bike-t-max-560-tech-max-2020","13":"rizoma_bike-t-max-560-tech-max-2021","14":"product_cat-mas-para-tu-yamaha","16":"first","17":"instock","18":"sale","19":"taxable","20":"shipping-taxable","21":"purchasable","22":"product-type-variable"},"acf":[],"_links":{"self":[{"href":"https:\/\/www.rizoma.com\/es\/wp-json\/wp\/v2\/product\/314858","targetHints":{"allow":["GET"]}}],"collection":[{"href":"https:\/\/www.rizoma.com\/es\/wp-json\/wp\/v2\/product"}],"about":[{"href":"https:\/\/www.rizoma.com\/es\/wp-json\/wp\/v2\/types\/product"}],"wp:featuredmedia":[{"embeddable":true,"href":"https:\/\/www.rizoma.com\/es\/wp-json\/wp\/v2\/media\/295252"}],"wp:attachment":[{"href":"https:\/\/www.rizoma.com\/es\/wp-json\/wp\/v2\/media?parent=314858"}],"wp:term":[{"taxonomy":"rizoma_assembly_time","embeddable":true,"href":"https:\/\/www.rizoma.com\/es\/wp-json\/wp\/v2\/rizoma_assembly_time?post=314858"},{"taxonomy":"rizoma_bike","embeddable":true,"href":"https:\/\/www.rizoma.com\/es\/wp-json\/wp\/v2\/rizoma_bike?post=314858"},{"taxonomy":"rizoma_division","embeddable":true,"href":"https:\/\/www.rizoma.com\/es\/wp-json\/wp\/v2\/rizoma_division?post=314858"},{"taxonomy":"rizoma_family","embeddable":true,"href":"https:\/\/www.rizoma.com\/es\/wp-json\/wp\/v2\/rizoma_family?post=314858"},{"taxonomy":"rizoma_model_category","embeddable":true,"href":"https:\/\/www.rizoma.com\/es\/wp-json\/wp\/v2\/rizoma_model_category?post=314858"},{"taxonomy":"rizoma_product_template","embeddable":true,"href":"https:\/\/www.rizoma.com\/es\/wp-json\/wp\/v2\/rizoma_product_template?post=314858"},{"taxonomy":"product_brand","embeddable":true,"href":"https:\/\/www.rizoma.com\/es\/wp-json\/wp\/v2\/product_brand?post=314858"},{"taxonomy":"product_cat","embeddable":true,"href":"https:\/\/www.rizoma.com\/es\/wp-json\/wp\/v2\/product_cat?post=314858"},{"taxonomy":"product_tag","embeddable":true,"href":"https:\/\/www.rizoma.com\/es\/wp-json\/wp\/v2\/product_tag?post=314858"}],"curies":[{"name":"wp","href":"https:\/\/api.w.org\/{rel}","templated":true}]}}