{"id":314793,"date":"2024-11-21T16:28:00","date_gmt":"2024-11-21T15:28:00","guid":{"rendered":"https:\/\/rwp.rizoma.com\/negozio\/piloto-trasero-con-luz-de-matricula-y-freno-ee130\/"},"modified":"2025-01-14T11:23:11","modified_gmt":"2025-01-14T10:23:11","slug":"piloto-trasero-con-luz-de-matricula-y-freno-ee130","status":"publish","type":"product","link":"https:\/\/www.rizoma.com\/es\/negozio\/portamatricula\/EE130\/piloto-trasero-con-luz-de-matricula-y-freno-ee130\/motorbike\/8387\/mv-agusta\/brutale-800\/","title":{"rendered":"Piloto trasero con luz de matr\u00edcula y freno"},"content":{"rendered":"<p>El Kit Piloto Trasero (homologado) integra en un \u00fanico producto las funciones de luz de matr\u00edcula, piloto trasero de posici\u00f3n y luz de freno. Equipado con el anclaje correspondiente y con tecnolog\u00eda LED SMD, en cumplimiento de las normativas, tiene un tama\u00f1o reducido y un cuidado dise\u00f1o para mejorar considerablemente el impacto est\u00e9tico de este importante elemento.<\/p>\n","protected":false},"excerpt":{"rendered":"<p>El Kit Piloto Trasero (homologado) integra en un \u00fanico producto las funciones de luz de matr\u00edcula, piloto trasero de posici\u00f3n y luz de freno. Equipado con el anclaje correspondiente y con tecnolog\u00eda LED SMD, en cumplimiento de las normativas, tiene un tama\u00f1o reducido y un cuidado dise\u00f1o para mejorar considerablemente el impacto est\u00e9tico de este [&hellip;]<\/p>\n","protected":false},"featured_media":298637,"template":"","meta":{"_acf_changed":false},"rizoma_assembly_time":[42664],"rizoma_bike":[],"rizoma_division":[42653],"rizoma_family":[42916],"rizoma_model_category":[],"rizoma_product_template":[],"product_brand":[],"product_cat":[42768],"product_tag":[],"class_list":{"0":"post-314793","1":"product","2":"type-product","3":"status-publish","4":"has-post-thumbnail","6":"product_cat-portamatricula","8":"first","9":"instock","10":"taxable","11":"shipping-taxable","12":"purchasable","13":"product-type-variable"},"acf":[],"_links":{"self":[{"href":"https:\/\/www.rizoma.com\/es\/wp-json\/wp\/v2\/product\/314793","targetHints":{"allow":["GET"]}}],"collection":[{"href":"https:\/\/www.rizoma.com\/es\/wp-json\/wp\/v2\/product"}],"about":[{"href":"https:\/\/www.rizoma.com\/es\/wp-json\/wp\/v2\/types\/product"}],"wp:featuredmedia":[{"embeddable":true,"href":"https:\/\/www.rizoma.com\/es\/wp-json\/wp\/v2\/media\/298637"}],"wp:attachment":[{"href":"https:\/\/www.rizoma.com\/es\/wp-json\/wp\/v2\/media?parent=314793"}],"wp:term":[{"taxonomy":"rizoma_assembly_time","embeddable":true,"href":"https:\/\/www.rizoma.com\/es\/wp-json\/wp\/v2\/rizoma_assembly_time?post=314793"},{"taxonomy":"rizoma_bike","embeddable":true,"href":"https:\/\/www.rizoma.com\/es\/wp-json\/wp\/v2\/rizoma_bike?post=314793"},{"taxonomy":"rizoma_division","embeddable":true,"href":"https:\/\/www.rizoma.com\/es\/wp-json\/wp\/v2\/rizoma_division?post=314793"},{"taxonomy":"rizoma_family","embeddable":true,"href":"https:\/\/www.rizoma.com\/es\/wp-json\/wp\/v2\/rizoma_family?post=314793"},{"taxonomy":"rizoma_model_category","embeddable":true,"href":"https:\/\/www.rizoma.com\/es\/wp-json\/wp\/v2\/rizoma_model_category?post=314793"},{"taxonomy":"rizoma_product_template","embeddable":true,"href":"https:\/\/www.rizoma.com\/es\/wp-json\/wp\/v2\/rizoma_product_template?post=314793"},{"taxonomy":"product_brand","embeddable":true,"href":"https:\/\/www.rizoma.com\/es\/wp-json\/wp\/v2\/product_brand?post=314793"},{"taxonomy":"product_cat","embeddable":true,"href":"https:\/\/www.rizoma.com\/es\/wp-json\/wp\/v2\/product_cat?post=314793"},{"taxonomy":"product_tag","embeddable":true,"href":"https:\/\/www.rizoma.com\/es\/wp-json\/wp\/v2\/product_tag?post=314793"}],"curies":[{"name":"wp","href":"https:\/\/api.w.org\/{rel}","templated":true}]}}