{"id":314678,"date":"2024-11-21T16:25:35","date_gmt":"2024-11-21T15:25:35","guid":{"rendered":"https:\/\/rwp.rizoma.com\/negozio\/tapon-llenado-aceite-de-motor-tp043\/"},"modified":"2025-04-04T10:39:11","modified_gmt":"2025-04-04T08:39:11","slug":"tapon-llenado-aceite-de-motor-tp043","status":"publish","type":"product","link":"https:\/\/www.rizoma.com\/es\/negozio\/tapones-llenado-aceite-de-motor\/TP043\/tapon-llenado-aceite-de-motor-tp043\/","title":{"rendered":"Tap\u00f3n llenado aceite de motor"},"content":{"rendered":"<p>El tap\u00f3n de llenado de aceite Rizoma est\u00e1 realizado \u00edntegramente en aluminio mecanizado a partir de un bloque macizo y sometido a un tratamiento superficial de anodizado que asegura calidad y durabilidad. Dise\u00f1o en perfecto estilo Caf\u00e9 racer para quien quiere enriquecer su moto con detalles sin renunciar a la funcionalidad.<\/p>\n","protected":false},"excerpt":{"rendered":"<p>El tap\u00f3n de llenado de aceite Rizoma est\u00e1 realizado \u00edntegramente en aluminio mecanizado a partir de un bloque macizo y sometido a un tratamiento superficial de anodizado que asegura calidad y durabilidad. Dise\u00f1o en perfecto estilo Caf\u00e9 racer para quien quiere enriquecer su moto con detalles sin renunciar a la funcionalidad.<\/p>\n","protected":false},"featured_media":296182,"template":"","meta":{"_acf_changed":false},"rizoma_assembly_time":[42664],"rizoma_bike":[41935,44379,44380,42598,42601,42552,43391,43392,42602,42593,43389,42144,42149,42389,42594,44381,42268,42553,42412,43393,42169,42396,43684,42475,43683,42603,41936,41937,42047,42554,42599],"rizoma_division":[42653],"rizoma_family":[],"rizoma_model_category":[],"rizoma_product_template":[],"product_brand":[],"product_cat":[43886],"product_tag":[],"class_list":{"0":"post-314678","1":"product","2":"type-product","3":"status-publish","4":"has-post-thumbnail","6":"rizoma_bike-bonneville-t120-2016-20","7":"rizoma_bike-bonneville-t120-2026","8":"rizoma_bike-bonneville-t120-black-2026","9":"rizoma_bike-bonneville-t120-black-dgr-limited-edition-2023","10":"rizoma_bike-bonneville-t120-black-stealth-edition-2024","11":"rizoma_bike-bonneville-t120-chrome-edition-2023","12":"rizoma_bike-bonneville-t120-elvis-2024-26","13":"rizoma_bike-bonneville-t120-icon-edition-2025-26","14":"rizoma_bike-bonneville-t120-stealth-edition-2024","15":"rizoma_bike-scrambler-1200-x-2024-26","16":"rizoma_bike-scrambler-1200-x-icon-edition-2025-26","17":"rizoma_bike-scrambler-1200-xc-2019-20","18":"rizoma_bike-scrambler-1200-xe-2019-20","19":"rizoma_bike-scrambler-1200-xe-2021-23","20":"rizoma_bike-scrambler-1200-xe-2024-25","21":"rizoma_bike-scrambler-1200-xe-2026","22":"rizoma_bike-scrambler-1200-xe-bond-edition-2020","23":"rizoma_bike-scrambler-1200-xe-chrome-edition-2023","24":"rizoma_bike-scrambler-1200-xe-gold-line-edition-2021-22","25":"rizoma_bike-scrambler-1200-xe-icon-edition-2025-26","26":"rizoma_bike-speed-twin-1200-2019-20","27":"rizoma_bike-speed-twin-1200-2021-24","28":"rizoma_bike-speed-twin-1200-2025-26","29":"rizoma_bike-speed-twin-1200-breitling-limited-edition-2022-24","30":"rizoma_bike-speed-twin-1200-rs-2025-26","31":"rizoma_bike-speed-twin-1200-stealth-edition-2024","32":"rizoma_bike-street-twin-900-2016","33":"rizoma_bike-thruxton-1200-r-2016","34":"rizoma_bike-thruxton-1200-r-2017-18","35":"rizoma_bike-thruxton-rs-chrome-edition-2023","36":"rizoma_bike-thruxton-rs-final-edition-2024-25","37":"product_cat-tapones-llenado-aceite-de-motor","39":"first","40":"instock","41":"sale","42":"taxable","43":"shipping-taxable","44":"purchasable","45":"product-type-variable"},"acf":[],"_links":{"self":[{"href":"https:\/\/www.rizoma.com\/es\/wp-json\/wp\/v2\/product\/314678","targetHints":{"allow":["GET"]}}],"collection":[{"href":"https:\/\/www.rizoma.com\/es\/wp-json\/wp\/v2\/product"}],"about":[{"href":"https:\/\/www.rizoma.com\/es\/wp-json\/wp\/v2\/types\/product"}],"wp:featuredmedia":[{"embeddable":true,"href":"https:\/\/www.rizoma.com\/es\/wp-json\/wp\/v2\/media\/296182"}],"wp:attachment":[{"href":"https:\/\/www.rizoma.com\/es\/wp-json\/wp\/v2\/media?parent=314678"}],"wp:term":[{"taxonomy":"rizoma_assembly_time","embeddable":true,"href":"https:\/\/www.rizoma.com\/es\/wp-json\/wp\/v2\/rizoma_assembly_time?post=314678"},{"taxonomy":"rizoma_bike","embeddable":true,"href":"https:\/\/www.rizoma.com\/es\/wp-json\/wp\/v2\/rizoma_bike?post=314678"},{"taxonomy":"rizoma_division","embeddable":true,"href":"https:\/\/www.rizoma.com\/es\/wp-json\/wp\/v2\/rizoma_division?post=314678"},{"taxonomy":"rizoma_family","embeddable":true,"href":"https:\/\/www.rizoma.com\/es\/wp-json\/wp\/v2\/rizoma_family?post=314678"},{"taxonomy":"rizoma_model_category","embeddable":true,"href":"https:\/\/www.rizoma.com\/es\/wp-json\/wp\/v2\/rizoma_model_category?post=314678"},{"taxonomy":"rizoma_product_template","embeddable":true,"href":"https:\/\/www.rizoma.com\/es\/wp-json\/wp\/v2\/rizoma_product_template?post=314678"},{"taxonomy":"product_brand","embeddable":true,"href":"https:\/\/www.rizoma.com\/es\/wp-json\/wp\/v2\/product_brand?post=314678"},{"taxonomy":"product_cat","embeddable":true,"href":"https:\/\/www.rizoma.com\/es\/wp-json\/wp\/v2\/product_cat?post=314678"},{"taxonomy":"product_tag","embeddable":true,"href":"https:\/\/www.rizoma.com\/es\/wp-json\/wp\/v2\/product_tag?post=314678"}],"curies":[{"name":"wp","href":"https:\/\/api.w.org\/{rel}","templated":true}]}}