{"id":314633,"date":"2024-11-21T16:24:39","date_gmt":"2024-11-21T15:24:39","guid":{"rendered":"https:\/\/rwp.rizoma.com\/negozio\/deposito-de-fluido-embrague-next-para-aceites-minerales-ctm125\/"},"modified":"2025-12-18T00:37:08","modified_gmt":"2025-12-17T23:37:08","slug":"deposito-de-fluido-embrague-next-para-aceites-minerales-ctm125","status":"publish","type":"product","link":"https:\/\/www.rizoma.com\/es\/negozio\/depositos-de-fluido\/CTM125\/deposito-de-fluido-embrague-next-para-aceites-minerales-ctm125\/motorbike\/11068\/honda\/cbr-650-r\/","title":{"rendered":"Dep\u00f3sito de fluido embrague Next para aceites minerales"},"content":{"rendered":"<p>Los dep\u00f3sitos de fluido NEXT se caracterizan por una l\u00ednea no convencional, que reinterpreta el concepto puramente funcional de este elemento, para transformarlo en un objeto de distinci\u00f3n. Fabricados en aluminio mecanizado a partir de un bloque macizo con vaso transparente, han recibido un tratamiento superficial de anodizado. Dotados de homologaci\u00f3n T\u00dcV\/ABE y junta en NBR, compatible con aceites minerales, est\u00e1n disponibles en tres dimensiones diferentes, cubriendo por tanto, diferentes aplicaciones.<\/p>\n","protected":false},"excerpt":{"rendered":"<p>Los dep\u00f3sitos de fluido NEXT se caracterizan por una l\u00ednea no convencional, que reinterpreta el concepto puramente funcional de este elemento, para transformarlo en un objeto de distinci\u00f3n. Fabricados en aluminio mecanizado a partir de un bloque macizo con vaso transparente, han recibido un tratamiento superficial de anodizado. Dotados de homologaci\u00f3n T\u00dcV\/ABE y junta en [&hellip;]<\/p>\n","protected":false},"featured_media":293647,"template":"","meta":{"_acf_changed":false},"rizoma_assembly_time":[42691],"rizoma_bike":[],"rizoma_division":[42653],"rizoma_family":[42696],"rizoma_model_category":[],"rizoma_product_template":[],"product_brand":[],"product_cat":[42690],"product_tag":[],"class_list":{"0":"post-314633","1":"product","2":"type-product","3":"status-publish","4":"has-post-thumbnail","6":"product_cat-depositos-de-fluido","8":"first","9":"instock","10":"sale","11":"taxable","12":"shipping-taxable","13":"purchasable","14":"product-type-variable"},"acf":[],"_links":{"self":[{"href":"https:\/\/www.rizoma.com\/es\/wp-json\/wp\/v2\/product\/314633","targetHints":{"allow":["GET"]}}],"collection":[{"href":"https:\/\/www.rizoma.com\/es\/wp-json\/wp\/v2\/product"}],"about":[{"href":"https:\/\/www.rizoma.com\/es\/wp-json\/wp\/v2\/types\/product"}],"wp:featuredmedia":[{"embeddable":true,"href":"https:\/\/www.rizoma.com\/es\/wp-json\/wp\/v2\/media\/293647"}],"wp:attachment":[{"href":"https:\/\/www.rizoma.com\/es\/wp-json\/wp\/v2\/media?parent=314633"}],"wp:term":[{"taxonomy":"rizoma_assembly_time","embeddable":true,"href":"https:\/\/www.rizoma.com\/es\/wp-json\/wp\/v2\/rizoma_assembly_time?post=314633"},{"taxonomy":"rizoma_bike","embeddable":true,"href":"https:\/\/www.rizoma.com\/es\/wp-json\/wp\/v2\/rizoma_bike?post=314633"},{"taxonomy":"rizoma_division","embeddable":true,"href":"https:\/\/www.rizoma.com\/es\/wp-json\/wp\/v2\/rizoma_division?post=314633"},{"taxonomy":"rizoma_family","embeddable":true,"href":"https:\/\/www.rizoma.com\/es\/wp-json\/wp\/v2\/rizoma_family?post=314633"},{"taxonomy":"rizoma_model_category","embeddable":true,"href":"https:\/\/www.rizoma.com\/es\/wp-json\/wp\/v2\/rizoma_model_category?post=314633"},{"taxonomy":"rizoma_product_template","embeddable":true,"href":"https:\/\/www.rizoma.com\/es\/wp-json\/wp\/v2\/rizoma_product_template?post=314633"},{"taxonomy":"product_brand","embeddable":true,"href":"https:\/\/www.rizoma.com\/es\/wp-json\/wp\/v2\/product_brand?post=314633"},{"taxonomy":"product_cat","embeddable":true,"href":"https:\/\/www.rizoma.com\/es\/wp-json\/wp\/v2\/product_cat?post=314633"},{"taxonomy":"product_tag","embeddable":true,"href":"https:\/\/www.rizoma.com\/es\/wp-json\/wp\/v2\/product_tag?post=314633"}],"curies":[{"name":"wp","href":"https:\/\/api.w.org\/{rel}","templated":true}]}}