{"id":314628,"date":"2024-11-21T16:24:33","date_gmt":"2024-11-21T15:24:33","guid":{"rendered":"https:\/\/rwp.rizoma.com\/negozio\/deposito-de-fluido-embrague-para-aceites-minerales-ctm025\/"},"modified":"2025-12-18T00:37:06","modified_gmt":"2025-12-17T23:37:06","slug":"deposito-de-fluido-embrague-para-aceites-minerales-ctm025","status":"publish","type":"product","link":"https:\/\/www.rizoma.com\/es\/negozio\/depositos-de-fluido\/CTM025\/deposito-de-fluido-embrague-para-aceites-minerales-ctm025\/motorbike\/6711\/honda\/cbr-600-rr\/","title":{"rendered":"Dep\u00f3sito de fluido embrague para aceites minerales"},"content":{"rendered":"<p>De dise\u00f1o simple pero inconfundible, los dep\u00f3sitos Rizoma confieren estilo y precisi\u00f3n a todos aquellos que desean potenciar los detalles de su moto. Realizados totalmente en aluminio mecanizado a partir de un bloque macizo, se someten a un tratamiento superficial de anodizado que, adem\u00e1s de permitir una amplia gama de colores, garantiza calidad y durabilidad. Dotados de homologaci\u00f3n T\u00dcV\/ABE y junta en NBR, compatible con aceites minerales.<\/p>\n","protected":false},"excerpt":{"rendered":"<p>De dise\u00f1o simple pero inconfundible, los dep\u00f3sitos Rizoma confieren estilo y precisi\u00f3n a todos aquellos que desean potenciar los detalles de su moto. Realizados totalmente en aluminio mecanizado a partir de un bloque macizo, se someten a un tratamiento superficial de anodizado que, adem\u00e1s de permitir una amplia gama de colores, garantiza calidad y durabilidad. [&hellip;]<\/p>\n","protected":false},"featured_media":293627,"template":"","meta":{"_acf_changed":false},"rizoma_assembly_time":[42691],"rizoma_bike":[],"rizoma_division":[42653],"rizoma_family":[42696],"rizoma_model_category":[],"rizoma_product_template":[],"product_brand":[],"product_cat":[42690],"product_tag":[],"class_list":{"0":"post-314628","1":"product","2":"type-product","3":"status-publish","4":"has-post-thumbnail","6":"product_cat-depositos-de-fluido","8":"first","9":"instock","10":"sale","11":"taxable","12":"shipping-taxable","13":"purchasable","14":"product-type-variable"},"acf":[],"_links":{"self":[{"href":"https:\/\/www.rizoma.com\/es\/wp-json\/wp\/v2\/product\/314628","targetHints":{"allow":["GET"]}}],"collection":[{"href":"https:\/\/www.rizoma.com\/es\/wp-json\/wp\/v2\/product"}],"about":[{"href":"https:\/\/www.rizoma.com\/es\/wp-json\/wp\/v2\/types\/product"}],"wp:featuredmedia":[{"embeddable":true,"href":"https:\/\/www.rizoma.com\/es\/wp-json\/wp\/v2\/media\/293627"}],"wp:attachment":[{"href":"https:\/\/www.rizoma.com\/es\/wp-json\/wp\/v2\/media?parent=314628"}],"wp:term":[{"taxonomy":"rizoma_assembly_time","embeddable":true,"href":"https:\/\/www.rizoma.com\/es\/wp-json\/wp\/v2\/rizoma_assembly_time?post=314628"},{"taxonomy":"rizoma_bike","embeddable":true,"href":"https:\/\/www.rizoma.com\/es\/wp-json\/wp\/v2\/rizoma_bike?post=314628"},{"taxonomy":"rizoma_division","embeddable":true,"href":"https:\/\/www.rizoma.com\/es\/wp-json\/wp\/v2\/rizoma_division?post=314628"},{"taxonomy":"rizoma_family","embeddable":true,"href":"https:\/\/www.rizoma.com\/es\/wp-json\/wp\/v2\/rizoma_family?post=314628"},{"taxonomy":"rizoma_model_category","embeddable":true,"href":"https:\/\/www.rizoma.com\/es\/wp-json\/wp\/v2\/rizoma_model_category?post=314628"},{"taxonomy":"rizoma_product_template","embeddable":true,"href":"https:\/\/www.rizoma.com\/es\/wp-json\/wp\/v2\/rizoma_product_template?post=314628"},{"taxonomy":"product_brand","embeddable":true,"href":"https:\/\/www.rizoma.com\/es\/wp-json\/wp\/v2\/product_brand?post=314628"},{"taxonomy":"product_cat","embeddable":true,"href":"https:\/\/www.rizoma.com\/es\/wp-json\/wp\/v2\/product_cat?post=314628"},{"taxonomy":"product_tag","embeddable":true,"href":"https:\/\/www.rizoma.com\/es\/wp-json\/wp\/v2\/product_tag?post=314628"}],"curies":[{"name":"wp","href":"https:\/\/api.w.org\/{rel}","templated":true}]}}