{"id":314588,"date":"2024-11-21T16:23:44","date_gmt":"2024-11-21T15:23:44","guid":{"rendered":"https:\/\/rwp.rizoma.com\/negozio\/protector-tapa-de-embrague-pm465\/"},"modified":"2025-12-18T00:38:51","modified_gmt":"2025-12-17T23:38:51","slug":"protector-tapa-de-embrague-pm465","status":"publish","type":"product","link":"https:\/\/www.rizoma.com\/es\/negozio\/protectores-laterales\/PM465\/protector-tapa-de-embrague-pm465\/","title":{"rendered":"Protector tapa de embrague"},"content":{"rendered":"<p>Cada protecci\u00f3n de motor Rizoma est\u00e1 desarrollada espec\u00edficamente para el modelo de moto al que va dedicado, a fin de garantizar la mejor compatibilidad y funcionalidad posible, as\u00ed como un montaje sencillo y r\u00e1pido. Realizada enteramente en aluminio mecanizado a partir de un bloque macizo, un material ligero pero resistente, y posteriormente sometida a un proceso de anodizado con el fin de mejorar el rendimiento est\u00e9tico con el paso del tiempo.<\/p>\n","protected":false},"excerpt":{"rendered":"<p>Cada protecci\u00f3n de motor Rizoma est\u00e1 desarrollada espec\u00edficamente para el modelo de moto al que va dedicado, a fin de garantizar la mejor compatibilidad y funcionalidad posible, as\u00ed como un montaje sencillo y r\u00e1pido. Realizada enteramente en aluminio mecanizado a partir de un bloque macizo, un material ligero pero resistente, y posteriormente sometida a un [&hellip;]<\/p>\n","protected":false},"featured_media":296642,"template":"","meta":{"_acf_changed":false},"rizoma_assembly_time":[42675],"rizoma_bike":[41837,42021,41939],"rizoma_division":[42653],"rizoma_family":[],"rizoma_model_category":[],"rizoma_product_template":[],"product_brand":[],"product_cat":[42758],"product_tag":[],"class_list":{"0":"post-314588","1":"product","2":"type-product","3":"status-publish","4":"has-post-thumbnail","6":"rizoma_bike-1290-super-duke-r-abs-2014-16","7":"rizoma_bike-1290-super-duke-r-abs-2017-18","8":"rizoma_bike-1290-super-duke-r-se-abs-2016","9":"product_cat-protectores-laterales","11":"first","12":"instock","13":"sale","14":"taxable","15":"shipping-taxable","16":"purchasable","17":"product-type-variable"},"acf":[],"_links":{"self":[{"href":"https:\/\/www.rizoma.com\/es\/wp-json\/wp\/v2\/product\/314588","targetHints":{"allow":["GET"]}}],"collection":[{"href":"https:\/\/www.rizoma.com\/es\/wp-json\/wp\/v2\/product"}],"about":[{"href":"https:\/\/www.rizoma.com\/es\/wp-json\/wp\/v2\/types\/product"}],"wp:featuredmedia":[{"embeddable":true,"href":"https:\/\/www.rizoma.com\/es\/wp-json\/wp\/v2\/media\/296642"}],"wp:attachment":[{"href":"https:\/\/www.rizoma.com\/es\/wp-json\/wp\/v2\/media?parent=314588"}],"wp:term":[{"taxonomy":"rizoma_assembly_time","embeddable":true,"href":"https:\/\/www.rizoma.com\/es\/wp-json\/wp\/v2\/rizoma_assembly_time?post=314588"},{"taxonomy":"rizoma_bike","embeddable":true,"href":"https:\/\/www.rizoma.com\/es\/wp-json\/wp\/v2\/rizoma_bike?post=314588"},{"taxonomy":"rizoma_division","embeddable":true,"href":"https:\/\/www.rizoma.com\/es\/wp-json\/wp\/v2\/rizoma_division?post=314588"},{"taxonomy":"rizoma_family","embeddable":true,"href":"https:\/\/www.rizoma.com\/es\/wp-json\/wp\/v2\/rizoma_family?post=314588"},{"taxonomy":"rizoma_model_category","embeddable":true,"href":"https:\/\/www.rizoma.com\/es\/wp-json\/wp\/v2\/rizoma_model_category?post=314588"},{"taxonomy":"rizoma_product_template","embeddable":true,"href":"https:\/\/www.rizoma.com\/es\/wp-json\/wp\/v2\/rizoma_product_template?post=314588"},{"taxonomy":"product_brand","embeddable":true,"href":"https:\/\/www.rizoma.com\/es\/wp-json\/wp\/v2\/product_brand?post=314588"},{"taxonomy":"product_cat","embeddable":true,"href":"https:\/\/www.rizoma.com\/es\/wp-json\/wp\/v2\/product_cat?post=314588"},{"taxonomy":"product_tag","embeddable":true,"href":"https:\/\/www.rizoma.com\/es\/wp-json\/wp\/v2\/product_tag?post=314588"}],"curies":[{"name":"wp","href":"https:\/\/api.w.org\/{rel}","templated":true}]}}