{"id":314538,"date":"2024-11-21T16:22:41","date_gmt":"2024-11-21T15:22:41","guid":{"rendered":"https:\/\/rwp.rizoma.com\/negozio\/kit-portamatricula-outside-street-pt527\/"},"modified":"2025-01-14T11:10:08","modified_gmt":"2025-01-14T10:10:08","slug":"kit-portamatricula-outside-street-pt527","status":"publish","type":"product","link":"https:\/\/www.rizoma.com\/es\/negozio\/portamatricula\/PT527\/kit-portamatricula-outside-street-pt527\/","title":{"rendered":"Kit Portam\u00e1tricula Outside Street"},"content":{"rendered":"<p>El kit Portamatr\u00edcula Outside, con una parte estructural en aluminio mecanizado a partir de un bloque macizo, sustituye el componente OEM combinando materiales y procesos diferentes y estiliza y realza la secci\u00f3n trasera haciendo \u00fanica tu Scrambler, adem\u00e1s de garantizar unas \u00f3ptimas prestaciones estructurales. De f\u00e1cil montaje, al estar dise\u00f1ado de forma espec\u00edfica para cada modelo de moto en cuesti\u00f3n, el Kit incluye una placa de soporte de matr\u00edcula de 173 x 173 mm y una de tipo USA, luz de matr\u00edcula LED SMD (homologada) y catadi\u00f3ptrico. El portamatr\u00edculas Outside PT527B est\u00e1 dotado de homologaci\u00f3n ABE.<\/p>\n","protected":false},"excerpt":{"rendered":"<p>El kit Portamatr\u00edcula Outside, con una parte estructural en aluminio mecanizado a partir de un bloque macizo, sustituye el componente OEM combinando materiales y procesos diferentes y estiliza y realza la secci\u00f3n trasera haciendo \u00fanica tu Scrambler, adem\u00e1s de garantizar unas \u00f3ptimas prestaciones estructurales. De f\u00e1cil montaje, al estar dise\u00f1ado de forma espec\u00edfica para cada [&hellip;]<\/p>\n","protected":false},"featured_media":307451,"template":"","meta":{"_acf_changed":false},"rizoma_assembly_time":[42691],"rizoma_bike":[42010,41876,42054,41877,42055,41878,42056,42198,42326,42217,42428,41958,42066,42327,42109,41879,42429],"rizoma_division":[42653],"rizoma_family":[],"rizoma_model_category":[],"rizoma_product_template":[],"product_brand":[],"product_cat":[42768],"product_tag":[],"class_list":{"0":"post-314538","1":"product","2":"type-product","3":"status-publish","4":"has-post-thumbnail","6":"rizoma_bike-scrambler-800-cafe-racer-2017-21","7":"rizoma_bike-scrambler-800-classic-2015-16","8":"rizoma_bike-scrambler-800-classic-2017-18","9":"rizoma_bike-scrambler-800-full-throttle-2015-16","10":"rizoma_bike-scrambler-800-full-throttle-2017-21","11":"rizoma_bike-scrambler-800-icon-2015-16","12":"rizoma_bike-scrambler-800-icon-2017-20","13":"rizoma_bike-scrambler-800-icon-2019-20","14":"rizoma_bike-scrambler-800-icon-2021-22","15":"rizoma_bike-scrambler-800-icon-dark-2020","16":"rizoma_bike-scrambler-800-icon-dark-2021-22","17":"rizoma_bike-scrambler-800-italia-independent-2015-16","18":"rizoma_bike-scrambler-800-mach-2-0-2017-19","19":"rizoma_bike-scrambler-800-night-shift-2021-22","20":"rizoma_bike-scrambler-800-street-classic-2017-18","21":"rizoma_bike-scrambler-800-urban-enduro-2015-16","22":"rizoma_bike-scrambler-800-urban-motard-2022","23":"product_cat-portamatricula","25":"first","26":"instock","27":"taxable","28":"shipping-taxable","29":"purchasable","30":"product-type-variable"},"acf":[],"_links":{"self":[{"href":"https:\/\/www.rizoma.com\/es\/wp-json\/wp\/v2\/product\/314538","targetHints":{"allow":["GET"]}}],"collection":[{"href":"https:\/\/www.rizoma.com\/es\/wp-json\/wp\/v2\/product"}],"about":[{"href":"https:\/\/www.rizoma.com\/es\/wp-json\/wp\/v2\/types\/product"}],"wp:featuredmedia":[{"embeddable":true,"href":"https:\/\/www.rizoma.com\/es\/wp-json\/wp\/v2\/media\/307451"}],"wp:attachment":[{"href":"https:\/\/www.rizoma.com\/es\/wp-json\/wp\/v2\/media?parent=314538"}],"wp:term":[{"taxonomy":"rizoma_assembly_time","embeddable":true,"href":"https:\/\/www.rizoma.com\/es\/wp-json\/wp\/v2\/rizoma_assembly_time?post=314538"},{"taxonomy":"rizoma_bike","embeddable":true,"href":"https:\/\/www.rizoma.com\/es\/wp-json\/wp\/v2\/rizoma_bike?post=314538"},{"taxonomy":"rizoma_division","embeddable":true,"href":"https:\/\/www.rizoma.com\/es\/wp-json\/wp\/v2\/rizoma_division?post=314538"},{"taxonomy":"rizoma_family","embeddable":true,"href":"https:\/\/www.rizoma.com\/es\/wp-json\/wp\/v2\/rizoma_family?post=314538"},{"taxonomy":"rizoma_model_category","embeddable":true,"href":"https:\/\/www.rizoma.com\/es\/wp-json\/wp\/v2\/rizoma_model_category?post=314538"},{"taxonomy":"rizoma_product_template","embeddable":true,"href":"https:\/\/www.rizoma.com\/es\/wp-json\/wp\/v2\/rizoma_product_template?post=314538"},{"taxonomy":"product_brand","embeddable":true,"href":"https:\/\/www.rizoma.com\/es\/wp-json\/wp\/v2\/product_brand?post=314538"},{"taxonomy":"product_cat","embeddable":true,"href":"https:\/\/www.rizoma.com\/es\/wp-json\/wp\/v2\/product_cat?post=314538"},{"taxonomy":"product_tag","embeddable":true,"href":"https:\/\/www.rizoma.com\/es\/wp-json\/wp\/v2\/product_tag?post=314538"}],"curies":[{"name":"wp","href":"https:\/\/api.w.org\/{rel}","templated":true}]}}