{"id":314523,"date":"2024-11-21T16:22:22","date_gmt":"2024-11-21T15:22:22","guid":{"rendered":"https:\/\/rwp.rizoma.com\/negozio\/kit-de-montaje-deposito-de-fluido-rizoma-ct457\/"},"modified":"2025-01-14T11:03:01","modified_gmt":"2025-01-14T10:03:01","slug":"kit-de-montaje-deposito-de-fluido-rizoma-ct457","status":"publish","type":"product","link":"https:\/\/www.rizoma.com\/es\/negozio\/depositos-de-fluido\/CT457\/kit-de-montaje-deposito-de-fluido-rizoma-ct457\/","title":{"rendered":"Kit de montaje dep\u00f3sito de fluido Rizoma"},"content":{"rendered":"<p>Los adaptadores de dep\u00f3sito de fluido Rizoma, realizados en aluminio, permiten encontrar la soluci\u00f3n de montaje m\u00e1s adecuada en caso de sustituci\u00f3n del dep\u00f3sito de fluido OEM por uno Rizoma. Utilizable s\u00f3lo con manillares \u00d8 22 mm.<\/p>\n","protected":false},"excerpt":{"rendered":"<p>Los adaptadores de dep\u00f3sito de fluido Rizoma, realizados en aluminio, permiten encontrar la soluci\u00f3n de montaje m\u00e1s adecuada en caso de sustituci\u00f3n del dep\u00f3sito de fluido OEM por uno Rizoma. Utilizable s\u00f3lo con manillares \u00d8 22 mm.<\/p>\n","protected":false},"featured_media":293567,"template":"","meta":{"_acf_changed":false},"rizoma_assembly_time":[42664],"rizoma_bike":[41936],"rizoma_division":[42653],"rizoma_family":[42706],"rizoma_model_category":[],"rizoma_product_template":[],"product_brand":[],"product_cat":[42690],"product_tag":[],"class_list":{"0":"post-314523","1":"product","2":"type-product","3":"status-publish","4":"has-post-thumbnail","6":"rizoma_bike-street-twin-900-2016","7":"product_cat-depositos-de-fluido","9":"first","10":"instock","11":"taxable","12":"shipping-taxable","13":"purchasable","14":"product-type-variable"},"acf":[],"_links":{"self":[{"href":"https:\/\/www.rizoma.com\/es\/wp-json\/wp\/v2\/product\/314523","targetHints":{"allow":["GET"]}}],"collection":[{"href":"https:\/\/www.rizoma.com\/es\/wp-json\/wp\/v2\/product"}],"about":[{"href":"https:\/\/www.rizoma.com\/es\/wp-json\/wp\/v2\/types\/product"}],"wp:featuredmedia":[{"embeddable":true,"href":"https:\/\/www.rizoma.com\/es\/wp-json\/wp\/v2\/media\/293567"}],"wp:attachment":[{"href":"https:\/\/www.rizoma.com\/es\/wp-json\/wp\/v2\/media?parent=314523"}],"wp:term":[{"taxonomy":"rizoma_assembly_time","embeddable":true,"href":"https:\/\/www.rizoma.com\/es\/wp-json\/wp\/v2\/rizoma_assembly_time?post=314523"},{"taxonomy":"rizoma_bike","embeddable":true,"href":"https:\/\/www.rizoma.com\/es\/wp-json\/wp\/v2\/rizoma_bike?post=314523"},{"taxonomy":"rizoma_division","embeddable":true,"href":"https:\/\/www.rizoma.com\/es\/wp-json\/wp\/v2\/rizoma_division?post=314523"},{"taxonomy":"rizoma_family","embeddable":true,"href":"https:\/\/www.rizoma.com\/es\/wp-json\/wp\/v2\/rizoma_family?post=314523"},{"taxonomy":"rizoma_model_category","embeddable":true,"href":"https:\/\/www.rizoma.com\/es\/wp-json\/wp\/v2\/rizoma_model_category?post=314523"},{"taxonomy":"rizoma_product_template","embeddable":true,"href":"https:\/\/www.rizoma.com\/es\/wp-json\/wp\/v2\/rizoma_product_template?post=314523"},{"taxonomy":"product_brand","embeddable":true,"href":"https:\/\/www.rizoma.com\/es\/wp-json\/wp\/v2\/product_brand?post=314523"},{"taxonomy":"product_cat","embeddable":true,"href":"https:\/\/www.rizoma.com\/es\/wp-json\/wp\/v2\/product_cat?post=314523"},{"taxonomy":"product_tag","embeddable":true,"href":"https:\/\/www.rizoma.com\/es\/wp-json\/wp\/v2\/product_tag?post=314523"}],"curies":[{"name":"wp","href":"https:\/\/api.w.org\/{rel}","templated":true}]}}