{"id":314438,"date":"2024-11-21T16:20:28","date_gmt":"2024-11-21T15:20:28","guid":{"rendered":"https:\/\/rwp.rizoma.com\/negozio\/kit-portamatriculas-side-arm-pt706\/"},"modified":"2025-11-28T16:29:38","modified_gmt":"2025-11-28T15:29:38","slug":"kit-portamatriculas-side-arm-pt706","status":"publish","type":"product","link":"https:\/\/www.rizoma.com\/es\/negozio\/portamatricula\/PT706\/kit-portamatriculas-side-arm-pt706\/motorbike\/9734\/ducati\/monster-1200\/","title":{"rendered":"Kit Portamatr\u00edculas Side Arm"},"content":{"rendered":"<p>El portamatr\u00edcula Rizoma Side Arm, con soporte estructural en aluminio mecanizado a partir de un bloque macizo, con su car\u00e1cter elegante, est\u00e1 pensado para satisfacer los gustos de los m\u00e1s exigentes y, adem\u00e1s, cumple las normativas europeas para su uso en v\u00edas p\u00fablicas. El kit Side Arm est\u00e1 constituido por un portamatr\u00edcula y un nuevo paso de rueda Rizoma que sustituye al de serie. El montaje de este kit incluye la eliminaci\u00f3n del piloto trasero y los intermitentes OEM, cuyas funciones pueden ser restablecidas con el montaje de los intermitentes Rizoma Multifunci\u00f3n S los cuales, integran y permiten las funciones de luz de freno, luz de posici\u00f3n posterior e intermitentes homologados.<\/p>\n","protected":false},"excerpt":{"rendered":"<p>El portamatr\u00edcula Rizoma Side Arm, con soporte estructural en aluminio mecanizado a partir de un bloque macizo, con su car\u00e1cter elegante, est\u00e1 pensado para satisfacer los gustos de los m\u00e1s exigentes y, adem\u00e1s, cumple las normativas europeas para su uso en v\u00edas p\u00fablicas. El kit Side Arm est\u00e1 constituido por un portamatr\u00edcula y un nuevo [&hellip;]<\/p>\n","protected":false},"featured_media":340582,"template":"","meta":{"_acf_changed":false},"rizoma_assembly_time":[42691],"rizoma_bike":[42296,42551,41839,42006,41979,42248,41981,41953,42297,42298,42299,42372,42003,42178],"rizoma_division":[42653],"rizoma_family":[],"rizoma_model_category":[],"rizoma_product_template":[],"product_brand":[],"product_cat":[42768],"product_tag":[],"class_list":{"0":"post-314438","1":"product","2":"type-product","3":"status-publish","4":"has-post-thumbnail","6":"rizoma_bike-r-ninet-2021-24","7":"rizoma_bike-r-ninet-100-years-2023","8":"rizoma_bike-r-ninet-1200-2014-16","9":"rizoma_bike-r-ninet-1200-2017-20","10":"rizoma_bike-r-ninet-1200-pure-2017-20","11":"rizoma_bike-r-ninet-1200-pure-2020","12":"rizoma_bike-r-ninet-1200-racer-2017-20","13":"rizoma_bike-r-ninet-1200-scrambler-2016-20","14":"rizoma_bike-r-ninet-pure-2021-24","15":"rizoma_bike-r-ninet-scrambler-2021-24","16":"rizoma_bike-r-ninet-urban-gs-2021-24","17":"rizoma_bike-r-ninet-urban-gs-1200-edition-40-years-gs-2021","18":"rizoma_bike-r-ninet-urban-gs-1200-2017-20","19":"rizoma_bike-r-ninet-5-1200-2019-20","20":"product_cat-portamatricula","22":"first","23":"instock","24":"taxable","25":"shipping-taxable","26":"purchasable","27":"product-type-variable"},"acf":[],"_links":{"self":[{"href":"https:\/\/www.rizoma.com\/es\/wp-json\/wp\/v2\/product\/314438","targetHints":{"allow":["GET"]}}],"collection":[{"href":"https:\/\/www.rizoma.com\/es\/wp-json\/wp\/v2\/product"}],"about":[{"href":"https:\/\/www.rizoma.com\/es\/wp-json\/wp\/v2\/types\/product"}],"wp:featuredmedia":[{"embeddable":true,"href":"https:\/\/www.rizoma.com\/es\/wp-json\/wp\/v2\/media\/340582"}],"wp:attachment":[{"href":"https:\/\/www.rizoma.com\/es\/wp-json\/wp\/v2\/media?parent=314438"}],"wp:term":[{"taxonomy":"rizoma_assembly_time","embeddable":true,"href":"https:\/\/www.rizoma.com\/es\/wp-json\/wp\/v2\/rizoma_assembly_time?post=314438"},{"taxonomy":"rizoma_bike","embeddable":true,"href":"https:\/\/www.rizoma.com\/es\/wp-json\/wp\/v2\/rizoma_bike?post=314438"},{"taxonomy":"rizoma_division","embeddable":true,"href":"https:\/\/www.rizoma.com\/es\/wp-json\/wp\/v2\/rizoma_division?post=314438"},{"taxonomy":"rizoma_family","embeddable":true,"href":"https:\/\/www.rizoma.com\/es\/wp-json\/wp\/v2\/rizoma_family?post=314438"},{"taxonomy":"rizoma_model_category","embeddable":true,"href":"https:\/\/www.rizoma.com\/es\/wp-json\/wp\/v2\/rizoma_model_category?post=314438"},{"taxonomy":"rizoma_product_template","embeddable":true,"href":"https:\/\/www.rizoma.com\/es\/wp-json\/wp\/v2\/rizoma_product_template?post=314438"},{"taxonomy":"product_brand","embeddable":true,"href":"https:\/\/www.rizoma.com\/es\/wp-json\/wp\/v2\/product_brand?post=314438"},{"taxonomy":"product_cat","embeddable":true,"href":"https:\/\/www.rizoma.com\/es\/wp-json\/wp\/v2\/product_cat?post=314438"},{"taxonomy":"product_tag","embeddable":true,"href":"https:\/\/www.rizoma.com\/es\/wp-json\/wp\/v2\/product_tag?post=314438"}],"curies":[{"name":"wp","href":"https:\/\/api.w.org\/{rel}","templated":true}]}}