{"id":314428,"date":"2024-11-21T16:20:20","date_gmt":"2024-11-21T15:20:20","guid":{"rendered":"https:\/\/rwp.rizoma.com\/negozio\/kit-de-semimanillares-ma050\/"},"modified":"2025-01-14T11:00:22","modified_gmt":"2025-01-14T10:00:22","slug":"kit-de-semimanillares-ma050","status":"publish","type":"product","link":"https:\/\/www.rizoma.com\/es\/negozio\/kit-para-manillar\/MA050\/kit-de-semimanillares-ma050\/","title":{"rendered":"Kit de semimanillares"},"content":{"rendered":"<p>El cuerpo de la abrazadera de cada semimanillar est\u00e1 aligerado internamente y este \u00faltimo puede ser sustituido en caso de sufrir da\u00f1os. Provisto de homologaci\u00f3n T\u00dcV.<\/p>\n","protected":false},"excerpt":{"rendered":"<p>El cuerpo de la abrazadera de cada semimanillar est\u00e1 aligerado internamente y este \u00faltimo puede ser sustituido en caso de sufrir da\u00f1os. Provisto de homologaci\u00f3n T\u00dcV.<\/p>\n","protected":false},"featured_media":296722,"template":"","meta":{"_acf_changed":false},"rizoma_assembly_time":[42691],"rizoma_bike":[42296,42551,41839,42006,42178],"rizoma_division":[42653],"rizoma_family":[42865],"rizoma_model_category":[],"rizoma_product_template":[],"product_brand":[],"product_cat":[42663],"product_tag":[],"class_list":{"0":"post-314428","1":"product","2":"type-product","3":"status-publish","4":"has-post-thumbnail","6":"rizoma_bike-r-ninet-2021-24","7":"rizoma_bike-r-ninet-100-years-2023","8":"rizoma_bike-r-ninet-1200-2014-16","9":"rizoma_bike-r-ninet-1200-2017-20","10":"rizoma_bike-r-ninet-5-1200-2019-20","11":"product_cat-kit-para-manillar","13":"first","14":"instock","15":"taxable","16":"shipping-taxable","17":"purchasable","18":"product-type-variable"},"acf":[],"_links":{"self":[{"href":"https:\/\/www.rizoma.com\/es\/wp-json\/wp\/v2\/product\/314428","targetHints":{"allow":["GET"]}}],"collection":[{"href":"https:\/\/www.rizoma.com\/es\/wp-json\/wp\/v2\/product"}],"about":[{"href":"https:\/\/www.rizoma.com\/es\/wp-json\/wp\/v2\/types\/product"}],"wp:featuredmedia":[{"embeddable":true,"href":"https:\/\/www.rizoma.com\/es\/wp-json\/wp\/v2\/media\/296722"}],"wp:attachment":[{"href":"https:\/\/www.rizoma.com\/es\/wp-json\/wp\/v2\/media?parent=314428"}],"wp:term":[{"taxonomy":"rizoma_assembly_time","embeddable":true,"href":"https:\/\/www.rizoma.com\/es\/wp-json\/wp\/v2\/rizoma_assembly_time?post=314428"},{"taxonomy":"rizoma_bike","embeddable":true,"href":"https:\/\/www.rizoma.com\/es\/wp-json\/wp\/v2\/rizoma_bike?post=314428"},{"taxonomy":"rizoma_division","embeddable":true,"href":"https:\/\/www.rizoma.com\/es\/wp-json\/wp\/v2\/rizoma_division?post=314428"},{"taxonomy":"rizoma_family","embeddable":true,"href":"https:\/\/www.rizoma.com\/es\/wp-json\/wp\/v2\/rizoma_family?post=314428"},{"taxonomy":"rizoma_model_category","embeddable":true,"href":"https:\/\/www.rizoma.com\/es\/wp-json\/wp\/v2\/rizoma_model_category?post=314428"},{"taxonomy":"rizoma_product_template","embeddable":true,"href":"https:\/\/www.rizoma.com\/es\/wp-json\/wp\/v2\/rizoma_product_template?post=314428"},{"taxonomy":"product_brand","embeddable":true,"href":"https:\/\/www.rizoma.com\/es\/wp-json\/wp\/v2\/product_brand?post=314428"},{"taxonomy":"product_cat","embeddable":true,"href":"https:\/\/www.rizoma.com\/es\/wp-json\/wp\/v2\/product_cat?post=314428"},{"taxonomy":"product_tag","embeddable":true,"href":"https:\/\/www.rizoma.com\/es\/wp-json\/wp\/v2\/product_tag?post=314428"}],"curies":[{"name":"wp","href":"https:\/\/api.w.org\/{rel}","templated":true}]}}