{"id":314418,"date":"2024-11-21T16:20:06","date_gmt":"2024-11-21T15:20:06","guid":{"rendered":"https:\/\/rwp.rizoma.com\/negozio\/cupula-zdm105\/"},"modified":"2025-12-18T00:38:43","modified_gmt":"2025-12-17T23:38:43","slug":"cupula-zdm105","status":"publish","type":"product","link":"https:\/\/www.rizoma.com\/es\/negozio\/cupulas\/ZDM105\/cupula-zdm105\/","title":{"rendered":"C\u00fapula"},"content":{"rendered":"<p>Estudiada para realzar la parte alta del tren delantero, la c\u00fapula Rizoma confiere un toque de elegancia y agresividad. En aluminio mecanizado a partir de un bloque macizo para explotar al m\u00e1ximo las excelentes dotes est\u00e9ticas de este material, gracias a sofisticadas elaboraciones en 3D, garantiza prestaciones est\u00e9ticas y de ligereza (poco m\u00e1s de 0,5 kg). Dotado de homologaci\u00f3n ABE. Para montar la c\u00fapula Rizoma ZDM105 (o la c\u00fapula OEM) con el manillar Rizoma MA207 es necesario el adaptador ZDM107B. En cambio, para el montaje de la c\u00fapula ZDM105 con manillar OEM no es necesario adaptador.<\/p>\n","protected":false},"excerpt":{"rendered":"<p>Estudiada para realzar la parte alta del tren delantero, la c\u00fapula Rizoma confiere un toque de elegancia y agresividad. En aluminio mecanizado a partir de un bloque macizo para explotar al m\u00e1ximo las excelentes dotes est\u00e9ticas de este material, gracias a sofisticadas elaboraciones en 3D, garantiza prestaciones est\u00e9ticas y de ligereza (poco m\u00e1s de 0,5 [&hellip;]<\/p>\n","protected":false},"featured_media":294712,"template":"","meta":{"_acf_changed":false},"rizoma_assembly_time":[42675],"rizoma_bike":[41875,41867],"rizoma_division":[42653],"rizoma_family":[],"rizoma_model_category":[],"rizoma_product_template":[],"product_brand":[],"product_cat":[42829],"product_tag":[],"class_list":{"0":"post-314418","1":"product","2":"type-product","3":"status-publish","4":"has-post-thumbnail","6":"rizoma_bike-diavel-1200-2014-16","7":"rizoma_bike-diavel-1200-carbon-2014-16","8":"product_cat-cupulas","10":"first","11":"instock","12":"sale","13":"taxable","14":"shipping-taxable","15":"purchasable","16":"product-type-variable"},"acf":[],"_links":{"self":[{"href":"https:\/\/www.rizoma.com\/es\/wp-json\/wp\/v2\/product\/314418","targetHints":{"allow":["GET"]}}],"collection":[{"href":"https:\/\/www.rizoma.com\/es\/wp-json\/wp\/v2\/product"}],"about":[{"href":"https:\/\/www.rizoma.com\/es\/wp-json\/wp\/v2\/types\/product"}],"wp:featuredmedia":[{"embeddable":true,"href":"https:\/\/www.rizoma.com\/es\/wp-json\/wp\/v2\/media\/294712"}],"wp:attachment":[{"href":"https:\/\/www.rizoma.com\/es\/wp-json\/wp\/v2\/media?parent=314418"}],"wp:term":[{"taxonomy":"rizoma_assembly_time","embeddable":true,"href":"https:\/\/www.rizoma.com\/es\/wp-json\/wp\/v2\/rizoma_assembly_time?post=314418"},{"taxonomy":"rizoma_bike","embeddable":true,"href":"https:\/\/www.rizoma.com\/es\/wp-json\/wp\/v2\/rizoma_bike?post=314418"},{"taxonomy":"rizoma_division","embeddable":true,"href":"https:\/\/www.rizoma.com\/es\/wp-json\/wp\/v2\/rizoma_division?post=314418"},{"taxonomy":"rizoma_family","embeddable":true,"href":"https:\/\/www.rizoma.com\/es\/wp-json\/wp\/v2\/rizoma_family?post=314418"},{"taxonomy":"rizoma_model_category","embeddable":true,"href":"https:\/\/www.rizoma.com\/es\/wp-json\/wp\/v2\/rizoma_model_category?post=314418"},{"taxonomy":"rizoma_product_template","embeddable":true,"href":"https:\/\/www.rizoma.com\/es\/wp-json\/wp\/v2\/rizoma_product_template?post=314418"},{"taxonomy":"product_brand","embeddable":true,"href":"https:\/\/www.rizoma.com\/es\/wp-json\/wp\/v2\/product_brand?post=314418"},{"taxonomy":"product_cat","embeddable":true,"href":"https:\/\/www.rizoma.com\/es\/wp-json\/wp\/v2\/product_cat?post=314418"},{"taxonomy":"product_tag","embeddable":true,"href":"https:\/\/www.rizoma.com\/es\/wp-json\/wp\/v2\/product_tag?post=314418"}],"curies":[{"name":"wp","href":"https:\/\/api.w.org\/{rel}","templated":true}]}}