{"id":314333,"date":"2024-11-21T16:18:19","date_gmt":"2024-11-21T15:18:19","guid":{"rendered":"https:\/\/rwp.rizoma.com\/negozio\/cupula-zkw030\/"},"modified":"2025-01-14T10:56:21","modified_gmt":"2025-01-14T09:56:21","slug":"cupula-zkw030","status":"publish","type":"product","link":"https:\/\/www.rizoma.com\/es\/negozio\/cupulas\/ZKW030\/cupula-zkw030\/","title":{"rendered":"C\u00fapula"},"content":{"rendered":"<p>Estudiada para realzar la parte alta del tren delantero, la c\u00fapula Rizoma confiere un toque de elegancia y agresividad. Realizado en Policarbonato, material ligero y resistente, en l\u00ednea con el estilo din\u00e1mico de esta moto. Dotado de homologaci\u00f3n ABE.<\/p>\n","protected":false},"excerpt":{"rendered":"<p>Estudiada para realzar la parte alta del tren delantero, la c\u00fapula Rizoma confiere un toque de elegancia y agresividad. Realizado en Policarbonato, material ligero y resistente, en l\u00ednea con el estilo din\u00e1mico de esta moto. Dotado de homologaci\u00f3n ABE.<\/p>\n","protected":false},"featured_media":295052,"template":"","meta":{"_acf_changed":false},"rizoma_assembly_time":[42675],"rizoma_bike":[42051,41846,42001],"rizoma_division":[42653],"rizoma_family":[],"rizoma_model_category":[],"rizoma_product_template":[],"product_brand":[],"product_cat":[42829],"product_tag":[],"class_list":{"0":"post-314333","1":"product","2":"type-product","3":"status-publish","4":"has-post-thumbnail","6":"rizoma_bike-z-1000-2017-20","7":"rizoma_bike-z-1000-abs-2014-16","8":"rizoma_bike-z-1000-r-2017-20","9":"product_cat-cupulas","11":"first","12":"instock","13":"taxable","14":"shipping-taxable","15":"purchasable","16":"product-type-variable"},"acf":[],"_links":{"self":[{"href":"https:\/\/www.rizoma.com\/es\/wp-json\/wp\/v2\/product\/314333","targetHints":{"allow":["GET"]}}],"collection":[{"href":"https:\/\/www.rizoma.com\/es\/wp-json\/wp\/v2\/product"}],"about":[{"href":"https:\/\/www.rizoma.com\/es\/wp-json\/wp\/v2\/types\/product"}],"wp:featuredmedia":[{"embeddable":true,"href":"https:\/\/www.rizoma.com\/es\/wp-json\/wp\/v2\/media\/295052"}],"wp:attachment":[{"href":"https:\/\/www.rizoma.com\/es\/wp-json\/wp\/v2\/media?parent=314333"}],"wp:term":[{"taxonomy":"rizoma_assembly_time","embeddable":true,"href":"https:\/\/www.rizoma.com\/es\/wp-json\/wp\/v2\/rizoma_assembly_time?post=314333"},{"taxonomy":"rizoma_bike","embeddable":true,"href":"https:\/\/www.rizoma.com\/es\/wp-json\/wp\/v2\/rizoma_bike?post=314333"},{"taxonomy":"rizoma_division","embeddable":true,"href":"https:\/\/www.rizoma.com\/es\/wp-json\/wp\/v2\/rizoma_division?post=314333"},{"taxonomy":"rizoma_family","embeddable":true,"href":"https:\/\/www.rizoma.com\/es\/wp-json\/wp\/v2\/rizoma_family?post=314333"},{"taxonomy":"rizoma_model_category","embeddable":true,"href":"https:\/\/www.rizoma.com\/es\/wp-json\/wp\/v2\/rizoma_model_category?post=314333"},{"taxonomy":"rizoma_product_template","embeddable":true,"href":"https:\/\/www.rizoma.com\/es\/wp-json\/wp\/v2\/rizoma_product_template?post=314333"},{"taxonomy":"product_brand","embeddable":true,"href":"https:\/\/www.rizoma.com\/es\/wp-json\/wp\/v2\/product_brand?post=314333"},{"taxonomy":"product_cat","embeddable":true,"href":"https:\/\/www.rizoma.com\/es\/wp-json\/wp\/v2\/product_cat?post=314333"},{"taxonomy":"product_tag","embeddable":true,"href":"https:\/\/www.rizoma.com\/es\/wp-json\/wp\/v2\/product_tag?post=314333"}],"curies":[{"name":"wp","href":"https:\/\/api.w.org\/{rel}","templated":true}]}}