{"id":314318,"date":"2024-11-21T16:17:59","date_gmt":"2024-11-21T15:17:59","guid":{"rendered":"https:\/\/rwp.rizoma.com\/negozio\/kit-flasher-de-intermitentes-ee031\/"},"modified":"2025-06-06T04:14:34","modified_gmt":"2025-06-06T02:14:34","slug":"kit-flasher-de-intermitentes-ee031","status":"publish","type":"product","link":"https:\/\/www.rizoma.com\/es\/negozio\/intermitentes\/EE031\/kit-flasher-de-intermitentes-ee031\/","title":{"rendered":"Kit flasher de intermitentes"},"content":{"rendered":"<p>Cuando se monta con los cuatro intermitentes Rizoma, nuestros t\u00e9cnicos aconsejan la sustituci\u00f3n del rel\u00e9 original (OEM) por nuestro EE031. Esto permitir\u00e1 mantener la correcta frecuencia de intermitencia de serie aunque con diferentes vatios. Con la utilizaci\u00f3n del rel\u00e9 EE031 no es necesario utilizar las resistencias incluidas en el paquete.<\/p>\n","protected":false},"excerpt":{"rendered":"<p>Cuando se monta con los cuatro intermitentes Rizoma, nuestros t\u00e9cnicos aconsejan la sustituci\u00f3n del rel\u00e9 original (OEM) por nuestro EE031. Esto permitir\u00e1 mantener la correcta frecuencia de intermitencia de serie aunque con diferentes vatios. Con la utilizaci\u00f3n del rel\u00e9 EE031 no es necesario utilizar las resistencias incluidas en el paquete.<\/p>\n","protected":false},"featured_media":298582,"template":"","meta":{"_acf_changed":false},"rizoma_assembly_time":[42675],"rizoma_bike":[],"rizoma_division":[42653],"rizoma_family":[42849],"rizoma_model_category":[],"rizoma_product_template":[],"product_brand":[],"product_cat":[42716],"product_tag":[],"class_list":{"0":"post-314318","1":"product","2":"type-product","3":"status-publish","4":"has-post-thumbnail","6":"product_cat-intermitentes","8":"first","9":"instock","10":"taxable","11":"shipping-taxable","12":"purchasable","13":"product-type-variable"},"acf":[],"_links":{"self":[{"href":"https:\/\/www.rizoma.com\/es\/wp-json\/wp\/v2\/product\/314318","targetHints":{"allow":["GET"]}}],"collection":[{"href":"https:\/\/www.rizoma.com\/es\/wp-json\/wp\/v2\/product"}],"about":[{"href":"https:\/\/www.rizoma.com\/es\/wp-json\/wp\/v2\/types\/product"}],"wp:featuredmedia":[{"embeddable":true,"href":"https:\/\/www.rizoma.com\/es\/wp-json\/wp\/v2\/media\/298582"}],"wp:attachment":[{"href":"https:\/\/www.rizoma.com\/es\/wp-json\/wp\/v2\/media?parent=314318"}],"wp:term":[{"taxonomy":"rizoma_assembly_time","embeddable":true,"href":"https:\/\/www.rizoma.com\/es\/wp-json\/wp\/v2\/rizoma_assembly_time?post=314318"},{"taxonomy":"rizoma_bike","embeddable":true,"href":"https:\/\/www.rizoma.com\/es\/wp-json\/wp\/v2\/rizoma_bike?post=314318"},{"taxonomy":"rizoma_division","embeddable":true,"href":"https:\/\/www.rizoma.com\/es\/wp-json\/wp\/v2\/rizoma_division?post=314318"},{"taxonomy":"rizoma_family","embeddable":true,"href":"https:\/\/www.rizoma.com\/es\/wp-json\/wp\/v2\/rizoma_family?post=314318"},{"taxonomy":"rizoma_model_category","embeddable":true,"href":"https:\/\/www.rizoma.com\/es\/wp-json\/wp\/v2\/rizoma_model_category?post=314318"},{"taxonomy":"rizoma_product_template","embeddable":true,"href":"https:\/\/www.rizoma.com\/es\/wp-json\/wp\/v2\/rizoma_product_template?post=314318"},{"taxonomy":"product_brand","embeddable":true,"href":"https:\/\/www.rizoma.com\/es\/wp-json\/wp\/v2\/product_brand?post=314318"},{"taxonomy":"product_cat","embeddable":true,"href":"https:\/\/www.rizoma.com\/es\/wp-json\/wp\/v2\/product_cat?post=314318"},{"taxonomy":"product_tag","embeddable":true,"href":"https:\/\/www.rizoma.com\/es\/wp-json\/wp\/v2\/product_tag?post=314318"}],"curies":[{"name":"wp","href":"https:\/\/api.w.org\/{rel}","templated":true}]}}