{"id":314303,"date":"2024-11-21T16:17:41","date_gmt":"2024-11-21T15:17:41","guid":{"rendered":"https:\/\/rwp.rizoma.com\/negozio\/kit-de-montaje-proguard-system-y-espejos-rizoma-end-mount-lp324\/"},"modified":"2025-09-04T19:13:11","modified_gmt":"2025-09-04T17:13:11","slug":"kit-de-montaje-proguard-system-y-espejos-rizoma-end-mount-lp324","status":"publish","type":"product","link":"https:\/\/www.rizoma.com\/es\/negozio\/proguard-system\/LP324\/kit-de-montaje-proguard-system-y-espejos-rizoma-end-mount-lp324\/","title":{"rendered":"Kit de montaje PROGUARD SYSTEM\u00ae y espejos Rizoma End Mount"},"content":{"rendered":"<p>El adaptador universal permite el montaje del PROGUARD SYSTEM\u00ae Rizoma, tanto en versi\u00f3n Street como Sport, y el montaje los espejos Rizoma de tipo End Mount, en manillares OEM. Cada adaptador de espejo est\u00e1 expresamente realizado para el modelo de moto correspondiente, con el fin de garantizar la mejor fijaci\u00f3n al manillar.<\/p>\n","protected":false},"excerpt":{"rendered":"<p>El adaptador universal permite el montaje del PROGUARD SYSTEM\u00ae Rizoma, tanto en versi\u00f3n Street como Sport, y el montaje los espejos Rizoma de tipo End Mount, en manillares OEM. Cada adaptador de espejo est\u00e1 expresamente realizado para el modelo de moto correspondiente, con el fin de garantizar la mejor fijaci\u00f3n al manillar.<\/p>\n","protected":false},"featured_media":296052,"template":"","meta":{"_acf_changed":false},"rizoma_assembly_time":[42664],"rizoma_bike":[42234,42246,42235,42516,43912,43707,41809,41970,41838,42111,41893,44444,44445,42345,43913,41894,41986,42236],"rizoma_division":[42653],"rizoma_family":[42726],"rizoma_model_category":[],"rizoma_product_template":[],"product_brand":[],"product_cat":[42731],"product_tag":[],"class_list":{"0":"post-314303","1":"product","2":"type-product","3":"status-publish","4":"has-post-thumbnail","6":"rizoma_bike-f-900-r-2017-20","7":"rizoma_bike-f-900-r-2021-24","8":"rizoma_bike-f-900-xr-2020-24","9":"rizoma_bike-m-1000-r-2023-24","10":"rizoma_bike-m-1000-r-2025-26","11":"rizoma_bike-m-1000-xr-2024-26","12":"rizoma_bike-r-1200-gs-2013-16","13":"rizoma_bike-r-1200-gs-2017-18","14":"rizoma_bike-r-1200-gs-adventure-2013-16","15":"rizoma_bike-r-1200-gs-rallye-2017-18","16":"rizoma_bike-r-1200-r-2015-16","17":"rizoma_bike-r-1300-r-2026","18":"rizoma_bike-r-1300-rs-2026","19":"rizoma_bike-s-1000-r-2021-24","20":"rizoma_bike-s-1000-r-2025-26","21":"rizoma_bike-s-1000-xr-2015-16","22":"rizoma_bike-s-1000-xr-2017-19","23":"rizoma_bike-s-1000-xr-2020-23","24":"product_cat-proguard-system","26":"first","27":"instock","28":"taxable","29":"shipping-taxable","30":"purchasable","31":"product-type-variable"},"acf":[],"_links":{"self":[{"href":"https:\/\/www.rizoma.com\/es\/wp-json\/wp\/v2\/product\/314303","targetHints":{"allow":["GET"]}}],"collection":[{"href":"https:\/\/www.rizoma.com\/es\/wp-json\/wp\/v2\/product"}],"about":[{"href":"https:\/\/www.rizoma.com\/es\/wp-json\/wp\/v2\/types\/product"}],"wp:featuredmedia":[{"embeddable":true,"href":"https:\/\/www.rizoma.com\/es\/wp-json\/wp\/v2\/media\/296052"}],"wp:attachment":[{"href":"https:\/\/www.rizoma.com\/es\/wp-json\/wp\/v2\/media?parent=314303"}],"wp:term":[{"taxonomy":"rizoma_assembly_time","embeddable":true,"href":"https:\/\/www.rizoma.com\/es\/wp-json\/wp\/v2\/rizoma_assembly_time?post=314303"},{"taxonomy":"rizoma_bike","embeddable":true,"href":"https:\/\/www.rizoma.com\/es\/wp-json\/wp\/v2\/rizoma_bike?post=314303"},{"taxonomy":"rizoma_division","embeddable":true,"href":"https:\/\/www.rizoma.com\/es\/wp-json\/wp\/v2\/rizoma_division?post=314303"},{"taxonomy":"rizoma_family","embeddable":true,"href":"https:\/\/www.rizoma.com\/es\/wp-json\/wp\/v2\/rizoma_family?post=314303"},{"taxonomy":"rizoma_model_category","embeddable":true,"href":"https:\/\/www.rizoma.com\/es\/wp-json\/wp\/v2\/rizoma_model_category?post=314303"},{"taxonomy":"rizoma_product_template","embeddable":true,"href":"https:\/\/www.rizoma.com\/es\/wp-json\/wp\/v2\/rizoma_product_template?post=314303"},{"taxonomy":"product_brand","embeddable":true,"href":"https:\/\/www.rizoma.com\/es\/wp-json\/wp\/v2\/product_brand?post=314303"},{"taxonomy":"product_cat","embeddable":true,"href":"https:\/\/www.rizoma.com\/es\/wp-json\/wp\/v2\/product_cat?post=314303"},{"taxonomy":"product_tag","embeddable":true,"href":"https:\/\/www.rizoma.com\/es\/wp-json\/wp\/v2\/product_tag?post=314303"}],"curies":[{"name":"wp","href":"https:\/\/api.w.org\/{rel}","templated":true}]}}