{"id":314273,"date":"2024-11-21T16:17:04","date_gmt":"2024-11-21T15:17:04","guid":{"rendered":"https:\/\/rwp.rizoma.com\/negozio\/tapa-orificio-de-chasis-zbw039\/"},"modified":"2025-12-18T00:38:35","modified_gmt":"2025-12-17T23:38:35","slug":"tapa-orificio-de-chasis-zbw039","status":"publish","type":"product","link":"https:\/\/www.rizoma.com\/es\/negozio\/mas-para-tu-bmw\/ZBW039\/tapa-orificio-de-chasis-zbw039\/","title":{"rendered":"Tapa orificio de chasis"},"content":{"rendered":"<p>La Tapa orificio de chasis, realizada en aluminio mecanizado a partir de un bloque macizo y posteriormente sometida a proceso de anodizado y pulido, se caracteriza por su acabado bicolor y el cuidado del m\u00e1s m\u00ednimo detalle. En perfecta armon\u00eda con las l\u00edneas de tu BMW es un elemento que no pasa desapercibido.<\/p>\n","protected":false},"excerpt":{"rendered":"<p>La Tapa orificio de chasis, realizada en aluminio mecanizado a partir de un bloque macizo y posteriormente sometida a proceso de anodizado y pulido, se caracteriza por su acabado bicolor y el cuidado del m\u00e1s m\u00ednimo detalle. En perfecta armon\u00eda con las l\u00edneas de tu BMW es un elemento que no pasa desapercibido.<\/p>\n","protected":false},"featured_media":294512,"template":"","meta":{"_acf_changed":false},"rizoma_assembly_time":[42753],"rizoma_bike":[41766],"rizoma_division":[42653],"rizoma_family":[],"rizoma_model_category":[],"rizoma_product_template":[],"product_brand":[],"product_cat":[42783],"product_tag":[],"class_list":{"0":"post-314273","1":"product","2":"type-product","3":"status-publish","4":"has-post-thumbnail","6":"rizoma_bike-c-600-sport-2011-15","7":"product_cat-mas-para-tu-bmw","9":"first","10":"instock","11":"sale","12":"taxable","13":"shipping-taxable","14":"purchasable","15":"product-type-variable"},"acf":[],"_links":{"self":[{"href":"https:\/\/www.rizoma.com\/es\/wp-json\/wp\/v2\/product\/314273","targetHints":{"allow":["GET"]}}],"collection":[{"href":"https:\/\/www.rizoma.com\/es\/wp-json\/wp\/v2\/product"}],"about":[{"href":"https:\/\/www.rizoma.com\/es\/wp-json\/wp\/v2\/types\/product"}],"wp:featuredmedia":[{"embeddable":true,"href":"https:\/\/www.rizoma.com\/es\/wp-json\/wp\/v2\/media\/294512"}],"wp:attachment":[{"href":"https:\/\/www.rizoma.com\/es\/wp-json\/wp\/v2\/media?parent=314273"}],"wp:term":[{"taxonomy":"rizoma_assembly_time","embeddable":true,"href":"https:\/\/www.rizoma.com\/es\/wp-json\/wp\/v2\/rizoma_assembly_time?post=314273"},{"taxonomy":"rizoma_bike","embeddable":true,"href":"https:\/\/www.rizoma.com\/es\/wp-json\/wp\/v2\/rizoma_bike?post=314273"},{"taxonomy":"rizoma_division","embeddable":true,"href":"https:\/\/www.rizoma.com\/es\/wp-json\/wp\/v2\/rizoma_division?post=314273"},{"taxonomy":"rizoma_family","embeddable":true,"href":"https:\/\/www.rizoma.com\/es\/wp-json\/wp\/v2\/rizoma_family?post=314273"},{"taxonomy":"rizoma_model_category","embeddable":true,"href":"https:\/\/www.rizoma.com\/es\/wp-json\/wp\/v2\/rizoma_model_category?post=314273"},{"taxonomy":"rizoma_product_template","embeddable":true,"href":"https:\/\/www.rizoma.com\/es\/wp-json\/wp\/v2\/rizoma_product_template?post=314273"},{"taxonomy":"product_brand","embeddable":true,"href":"https:\/\/www.rizoma.com\/es\/wp-json\/wp\/v2\/product_brand?post=314273"},{"taxonomy":"product_cat","embeddable":true,"href":"https:\/\/www.rizoma.com\/es\/wp-json\/wp\/v2\/product_cat?post=314273"},{"taxonomy":"product_tag","embeddable":true,"href":"https:\/\/www.rizoma.com\/es\/wp-json\/wp\/v2\/product_tag?post=314273"}],"curies":[{"name":"wp","href":"https:\/\/api.w.org\/{rel}","templated":true}]}}