{"id":314173,"date":"2024-11-21T16:14:59","date_gmt":"2024-11-21T15:14:59","guid":{"rendered":"https:\/\/rwp.rizoma.com\/negozio\/maneta-de-embrague-zym005\/"},"modified":"2025-11-22T00:06:49","modified_gmt":"2025-11-21T23:06:49","slug":"maneta-de-embrague-zym005","status":"publish","type":"product","link":"https:\/\/www.rizoma.com\/es\/negozio\/manetas-freno-embrague\/ZYM005\/maneta-de-embrague-zym005\/","title":{"rendered":"Maneta de Embrague"},"content":{"rendered":"<p>Aerodin\u00e1mica y tacto. El dise\u00f1o de las Manetas Rizoma parte de un proceso de an\u00e1lisis y pruebas en el t\u00fanel de viento. Se ha comprobado que, en un uso deportivo a altas velocidades, la fuerza de la presi\u00f3n del aire incide de forma importante en el sistema de frenado. Para reducir este efecto, se ha llevado a cabo un vaciado en el extremo exterior de la maneta que reduce al m\u00ednimo la presi\u00f3n existente para garantizar un funcionamiento \u00f3ptimo. Mecanizadas a partir de un bloque de aluminio y anodizadas.<\/p>\n","protected":false},"excerpt":{"rendered":"<p>Aerodin\u00e1mica y tacto. El dise\u00f1o de las Manetas Rizoma parte de un proceso de an\u00e1lisis y pruebas en el t\u00fanel de viento. Se ha comprobado que, en un uso deportivo a altas velocidades, la fuerza de la presi\u00f3n del aire incide de forma importante en el sistema de frenado. Para reducir este efecto, se ha [&hellip;]<\/p>\n","protected":false},"featured_media":297697,"template":"","meta":{"_acf_changed":false},"rizoma_assembly_time":[42675],"rizoma_bike":[],"rizoma_division":[42653],"rizoma_family":[42804],"rizoma_model_category":[],"rizoma_product_template":[],"product_brand":[],"product_cat":[42809],"product_tag":[],"class_list":{"0":"post-314173","1":"product","2":"type-product","3":"status-publish","4":"has-post-thumbnail","6":"product_cat-manetas-freno-embrague","8":"first","9":"instock","10":"taxable","11":"shipping-taxable","12":"purchasable","13":"product-type-variable"},"acf":[],"_links":{"self":[{"href":"https:\/\/www.rizoma.com\/es\/wp-json\/wp\/v2\/product\/314173","targetHints":{"allow":["GET"]}}],"collection":[{"href":"https:\/\/www.rizoma.com\/es\/wp-json\/wp\/v2\/product"}],"about":[{"href":"https:\/\/www.rizoma.com\/es\/wp-json\/wp\/v2\/types\/product"}],"wp:featuredmedia":[{"embeddable":true,"href":"https:\/\/www.rizoma.com\/es\/wp-json\/wp\/v2\/media\/297697"}],"wp:attachment":[{"href":"https:\/\/www.rizoma.com\/es\/wp-json\/wp\/v2\/media?parent=314173"}],"wp:term":[{"taxonomy":"rizoma_assembly_time","embeddable":true,"href":"https:\/\/www.rizoma.com\/es\/wp-json\/wp\/v2\/rizoma_assembly_time?post=314173"},{"taxonomy":"rizoma_bike","embeddable":true,"href":"https:\/\/www.rizoma.com\/es\/wp-json\/wp\/v2\/rizoma_bike?post=314173"},{"taxonomy":"rizoma_division","embeddable":true,"href":"https:\/\/www.rizoma.com\/es\/wp-json\/wp\/v2\/rizoma_division?post=314173"},{"taxonomy":"rizoma_family","embeddable":true,"href":"https:\/\/www.rizoma.com\/es\/wp-json\/wp\/v2\/rizoma_family?post=314173"},{"taxonomy":"rizoma_model_category","embeddable":true,"href":"https:\/\/www.rizoma.com\/es\/wp-json\/wp\/v2\/rizoma_model_category?post=314173"},{"taxonomy":"rizoma_product_template","embeddable":true,"href":"https:\/\/www.rizoma.com\/es\/wp-json\/wp\/v2\/rizoma_product_template?post=314173"},{"taxonomy":"product_brand","embeddable":true,"href":"https:\/\/www.rizoma.com\/es\/wp-json\/wp\/v2\/product_brand?post=314173"},{"taxonomy":"product_cat","embeddable":true,"href":"https:\/\/www.rizoma.com\/es\/wp-json\/wp\/v2\/product_cat?post=314173"},{"taxonomy":"product_tag","embeddable":true,"href":"https:\/\/www.rizoma.com\/es\/wp-json\/wp\/v2\/product_tag?post=314173"}],"curies":[{"name":"wp","href":"https:\/\/api.w.org\/{rel}","templated":true}]}}