{"id":314168,"date":"2024-11-21T16:14:53","date_gmt":"2024-11-21T15:14:53","guid":{"rendered":"https:\/\/rwp.rizoma.com\/negozio\/kit-tapa-buje-para-llanta-zyf004\/"},"modified":"2025-12-18T00:38:17","modified_gmt":"2025-12-17T23:38:17","slug":"kit-tapa-buje-para-llanta-zyf004","status":"publish","type":"product","link":"https:\/\/www.rizoma.com\/es\/negozio\/mas-para-tu-yamaha\/ZYF004\/kit-tapa-buje-para-llanta-zyf004\/","title":{"rendered":"Kit tapa buje para llanta"},"content":{"rendered":"<p>El Kit tapa buje para llanta Rizoma est\u00e1 enteramente realizado en aluminio mecanizado a partir de un bloque macizo a trav\u00e9s de procesos 3D de alta precisi\u00f3n. El acabado superficial, obtenido mediante proceso de anodizado, reduce el deterioro de las cualidades est\u00e9ticas frente al paso del tiempo. Disponible en diferentes colores.<\/p>\n","protected":false},"excerpt":{"rendered":"<p>El Kit tapa buje para llanta Rizoma est\u00e1 enteramente realizado en aluminio mecanizado a partir de un bloque macizo a trav\u00e9s de procesos 3D de alta precisi\u00f3n. El acabado superficial, obtenido mediante proceso de anodizado, reduce el deterioro de las cualidades est\u00e9ticas frente al paso del tiempo. Disponible en diferentes colores.<\/p>\n","protected":false},"featured_media":295197,"template":"","meta":{"_acf_changed":false},"rizoma_assembly_time":[42675],"rizoma_bike":[41586,42253,41813],"rizoma_division":[42653],"rizoma_family":[],"rizoma_model_category":[],"rizoma_product_template":[],"product_brand":[],"product_cat":[42799],"product_tag":[],"class_list":{"0":"post-314168","1":"product","2":"type-product","3":"status-publish","4":"has-post-thumbnail","6":"rizoma_bike-t-max-500-2008-12","7":"rizoma_bike-t-max-500-tech-max-2011-13","8":"rizoma_bike-t-max-500-white-max-2010-11","9":"product_cat-mas-para-tu-yamaha","11":"first","12":"instock","13":"sale","14":"taxable","15":"shipping-taxable","16":"purchasable","17":"product-type-variable"},"acf":[],"_links":{"self":[{"href":"https:\/\/www.rizoma.com\/es\/wp-json\/wp\/v2\/product\/314168","targetHints":{"allow":["GET"]}}],"collection":[{"href":"https:\/\/www.rizoma.com\/es\/wp-json\/wp\/v2\/product"}],"about":[{"href":"https:\/\/www.rizoma.com\/es\/wp-json\/wp\/v2\/types\/product"}],"wp:featuredmedia":[{"embeddable":true,"href":"https:\/\/www.rizoma.com\/es\/wp-json\/wp\/v2\/media\/295197"}],"wp:attachment":[{"href":"https:\/\/www.rizoma.com\/es\/wp-json\/wp\/v2\/media?parent=314168"}],"wp:term":[{"taxonomy":"rizoma_assembly_time","embeddable":true,"href":"https:\/\/www.rizoma.com\/es\/wp-json\/wp\/v2\/rizoma_assembly_time?post=314168"},{"taxonomy":"rizoma_bike","embeddable":true,"href":"https:\/\/www.rizoma.com\/es\/wp-json\/wp\/v2\/rizoma_bike?post=314168"},{"taxonomy":"rizoma_division","embeddable":true,"href":"https:\/\/www.rizoma.com\/es\/wp-json\/wp\/v2\/rizoma_division?post=314168"},{"taxonomy":"rizoma_family","embeddable":true,"href":"https:\/\/www.rizoma.com\/es\/wp-json\/wp\/v2\/rizoma_family?post=314168"},{"taxonomy":"rizoma_model_category","embeddable":true,"href":"https:\/\/www.rizoma.com\/es\/wp-json\/wp\/v2\/rizoma_model_category?post=314168"},{"taxonomy":"rizoma_product_template","embeddable":true,"href":"https:\/\/www.rizoma.com\/es\/wp-json\/wp\/v2\/rizoma_product_template?post=314168"},{"taxonomy":"product_brand","embeddable":true,"href":"https:\/\/www.rizoma.com\/es\/wp-json\/wp\/v2\/product_brand?post=314168"},{"taxonomy":"product_cat","embeddable":true,"href":"https:\/\/www.rizoma.com\/es\/wp-json\/wp\/v2\/product_cat?post=314168"},{"taxonomy":"product_tag","embeddable":true,"href":"https:\/\/www.rizoma.com\/es\/wp-json\/wp\/v2\/product_tag?post=314168"}],"curies":[{"name":"wp","href":"https:\/\/api.w.org\/{rel}","templated":true}]}}