{"id":314118,"date":"2024-11-21T16:13:50","date_gmt":"2024-11-21T15:13:50","guid":{"rendered":"https:\/\/rwp.rizoma.com\/negozio\/protector-pinon-zap001\/"},"modified":"2025-01-14T10:36:51","modified_gmt":"2025-01-14T09:36:51","slug":"protector-pinon-zap001","status":"publish","type":"product","link":"https:\/\/www.rizoma.com\/es\/negozio\/mas-para-tu-aprilia\/ZAP001\/protector-pinon-zap001\/","title":{"rendered":"Protector pi\u00f1\u00f3n"},"content":{"rendered":"<p>El protector de pi\u00f1\u00f3n Rizoma est\u00e1 realizado enteramente en aluminio mecanizado a partir de un bloque macizo, un material ligero pero resistente, que posteriormente se somete a un proceso de anodizado con el fin de mejorar el rendimiento est\u00e9tico con el paso del tiempo. L\u00edneas atrevidas y dise\u00f1o deportivo en perfecta armon\u00eda con el esp\u00edritu de la moto.<\/p>\n","protected":false},"excerpt":{"rendered":"<p>El protector de pi\u00f1\u00f3n Rizoma est\u00e1 realizado enteramente en aluminio mecanizado a partir de un bloque macizo, un material ligero pero resistente, que posteriormente se somete a un proceso de anodizado con el fin de mejorar el rendimiento est\u00e9tico con el paso del tiempo. L\u00edneas atrevidas y dise\u00f1o deportivo en perfecta armon\u00eda con el esp\u00edritu [&hellip;]<\/p>\n","protected":false},"featured_media":294492,"template":"","meta":{"_acf_changed":false},"rizoma_assembly_time":[42675],"rizoma_bike":[41618,41619,41620,41993,41910,41994,42134,41911,41752,42356,41891,42059,42131,42357,42577,41438,41753,42127,41892,41990,42132],"rizoma_division":[42653],"rizoma_family":[],"rizoma_model_category":[],"rizoma_product_template":[],"product_brand":[],"product_cat":[42778],"product_tag":[],"class_list":{"0":"post-314118","1":"product","2":"type-product","3":"status-publish","4":"has-post-thumbnail","6":"rizoma_bike-rsv4-factory-2009-12","7":"rizoma_bike-rsv4-factory-aprc-abs-2011-15","8":"rizoma_bike-rsv4-r-2009-12","9":"rizoma_bike-rsv4-rf-2017-19","10":"rizoma_bike-rsv4-rf-abs-2015-17","11":"rizoma_bike-rsv4-rr-2017-18","12":"rizoma_bike-rsv4-rr-2019-20","13":"rizoma_bike-rsv4-rr-abs-2015-17","14":"rizoma_bike-rsv4-rr-aprc-abs-2011-15","15":"rizoma_bike-tuono-v4-2021-24","16":"rizoma_bike-tuono-v4-factory-2015-17","17":"rizoma_bike-tuono-v4-factory-2017-18","18":"rizoma_bike-tuono-v4-factory-2019-20","19":"rizoma_bike-tuono-v4-factory-2021-24","20":"rizoma_bike-tuono-v4-factory-speed-white-2023-24","21":"rizoma_bike-tuono-v4-r-2011-15","22":"rizoma_bike-tuono-v4-r-aprc-2011-13","23":"rizoma_bike-tuono-v4-r-aprc-abs-2013-15","24":"rizoma_bike-tuono-v4-rr-2015-17","25":"rizoma_bike-tuono-v4-rr-2017-18","26":"rizoma_bike-tuono-v4-rr-2019-20","27":"product_cat-mas-para-tu-aprilia","29":"first","30":"instock","31":"taxable","32":"shipping-taxable","33":"purchasable","34":"product-type-variable"},"acf":[],"_links":{"self":[{"href":"https:\/\/www.rizoma.com\/es\/wp-json\/wp\/v2\/product\/314118","targetHints":{"allow":["GET"]}}],"collection":[{"href":"https:\/\/www.rizoma.com\/es\/wp-json\/wp\/v2\/product"}],"about":[{"href":"https:\/\/www.rizoma.com\/es\/wp-json\/wp\/v2\/types\/product"}],"wp:featuredmedia":[{"embeddable":true,"href":"https:\/\/www.rizoma.com\/es\/wp-json\/wp\/v2\/media\/294492"}],"wp:attachment":[{"href":"https:\/\/www.rizoma.com\/es\/wp-json\/wp\/v2\/media?parent=314118"}],"wp:term":[{"taxonomy":"rizoma_assembly_time","embeddable":true,"href":"https:\/\/www.rizoma.com\/es\/wp-json\/wp\/v2\/rizoma_assembly_time?post=314118"},{"taxonomy":"rizoma_bike","embeddable":true,"href":"https:\/\/www.rizoma.com\/es\/wp-json\/wp\/v2\/rizoma_bike?post=314118"},{"taxonomy":"rizoma_division","embeddable":true,"href":"https:\/\/www.rizoma.com\/es\/wp-json\/wp\/v2\/rizoma_division?post=314118"},{"taxonomy":"rizoma_family","embeddable":true,"href":"https:\/\/www.rizoma.com\/es\/wp-json\/wp\/v2\/rizoma_family?post=314118"},{"taxonomy":"rizoma_model_category","embeddable":true,"href":"https:\/\/www.rizoma.com\/es\/wp-json\/wp\/v2\/rizoma_model_category?post=314118"},{"taxonomy":"rizoma_product_template","embeddable":true,"href":"https:\/\/www.rizoma.com\/es\/wp-json\/wp\/v2\/rizoma_product_template?post=314118"},{"taxonomy":"product_brand","embeddable":true,"href":"https:\/\/www.rizoma.com\/es\/wp-json\/wp\/v2\/product_brand?post=314118"},{"taxonomy":"product_cat","embeddable":true,"href":"https:\/\/www.rizoma.com\/es\/wp-json\/wp\/v2\/product_cat?post=314118"},{"taxonomy":"product_tag","embeddable":true,"href":"https:\/\/www.rizoma.com\/es\/wp-json\/wp\/v2\/product_tag?post=314118"}],"curies":[{"name":"wp","href":"https:\/\/api.w.org\/{rel}","templated":true}]}}