{"id":314113,"date":"2024-11-21T16:13:44","date_gmt":"2024-11-21T15:13:44","guid":{"rendered":"https:\/\/rwp.rizoma.com\/negozio\/portamatricula-multifit-pt061\/"},"modified":"2025-01-14T10:42:25","modified_gmt":"2025-01-14T09:42:25","slug":"portamatricula-multifit-pt061","status":"publish","type":"product","link":"https:\/\/www.rizoma.com\/es\/negozio\/portamatricula\/PT061\/portamatricula-multifit-pt061\/","title":{"rendered":"Portam\u00e1tricula Multifit"},"content":{"rendered":"<p>Kit con luz, catadi\u00f3ptrico, soporte de matr\u00edcula 173&#215;173 mm, soporte de matr\u00edcula USA 166&#215;89,5 mm, soportes para intermitentes Rizoma. Ha sido desarrollado para garantizar todas las prestaciones t\u00edpicas de los portamatr\u00edculas RIZOMA. Gracias a las plaquetas de anclaje ajustables es posible instalarlo en una ampl\u00edsima gama de marcas y modelos. Enriquecido con m\u00faltiples reglajes en inclinaci\u00f3n y extensi\u00f3n, est\u00e1 dotado de luz de matr\u00edcula LED SMD (homologada) y catadi\u00f3ptrico, en l\u00ednea con las normativas legales. La luz de matr\u00edcula puede sustituirse por el Piloto trasero Rizoma (c\u00f3digo EE130B) adquirible por separado, que integra las funciones de luz de matr\u00edcula, piloto trasero y luz de freno. El portamatr\u00edcula universal sirve para todas las motocicletas para las que no se haya desarrollado un modelo espec\u00edfico. Antes de la compra se aconseja verificar las cotas y el dibujo t\u00e9cnico. Dotado de homologaci\u00f3n ABE.<\/p>\n","protected":false},"excerpt":{"rendered":"<p>Kit con luz, catadi\u00f3ptrico, soporte de matr\u00edcula 173&#215;173 mm, soporte de matr\u00edcula USA 166&#215;89,5 mm, soportes para intermitentes Rizoma. Ha sido desarrollado para garantizar todas las prestaciones t\u00edpicas de los portamatr\u00edculas RIZOMA. Gracias a las plaquetas de anclaje ajustables es posible instalarlo en una ampl\u00edsima gama de marcas y modelos. Enriquecido con m\u00faltiples reglajes en [&hellip;]<\/p>\n","protected":false},"featured_media":313529,"template":"","meta":{"_acf_changed":false},"rizoma_assembly_time":[42675],"rizoma_bike":[],"rizoma_division":[42653],"rizoma_family":[42763],"rizoma_model_category":[],"rizoma_product_template":[],"product_brand":[],"product_cat":[42768],"product_tag":[],"class_list":{"0":"post-314113","1":"product","2":"type-product","3":"status-publish","4":"has-post-thumbnail","6":"product_cat-portamatricula","8":"first","9":"instock","10":"taxable","11":"shipping-taxable","12":"purchasable","13":"product-type-variable"},"acf":[],"_links":{"self":[{"href":"https:\/\/www.rizoma.com\/es\/wp-json\/wp\/v2\/product\/314113","targetHints":{"allow":["GET"]}}],"collection":[{"href":"https:\/\/www.rizoma.com\/es\/wp-json\/wp\/v2\/product"}],"about":[{"href":"https:\/\/www.rizoma.com\/es\/wp-json\/wp\/v2\/types\/product"}],"wp:featuredmedia":[{"embeddable":true,"href":"https:\/\/www.rizoma.com\/es\/wp-json\/wp\/v2\/media\/313529"}],"wp:attachment":[{"href":"https:\/\/www.rizoma.com\/es\/wp-json\/wp\/v2\/media?parent=314113"}],"wp:term":[{"taxonomy":"rizoma_assembly_time","embeddable":true,"href":"https:\/\/www.rizoma.com\/es\/wp-json\/wp\/v2\/rizoma_assembly_time?post=314113"},{"taxonomy":"rizoma_bike","embeddable":true,"href":"https:\/\/www.rizoma.com\/es\/wp-json\/wp\/v2\/rizoma_bike?post=314113"},{"taxonomy":"rizoma_division","embeddable":true,"href":"https:\/\/www.rizoma.com\/es\/wp-json\/wp\/v2\/rizoma_division?post=314113"},{"taxonomy":"rizoma_family","embeddable":true,"href":"https:\/\/www.rizoma.com\/es\/wp-json\/wp\/v2\/rizoma_family?post=314113"},{"taxonomy":"rizoma_model_category","embeddable":true,"href":"https:\/\/www.rizoma.com\/es\/wp-json\/wp\/v2\/rizoma_model_category?post=314113"},{"taxonomy":"rizoma_product_template","embeddable":true,"href":"https:\/\/www.rizoma.com\/es\/wp-json\/wp\/v2\/rizoma_product_template?post=314113"},{"taxonomy":"product_brand","embeddable":true,"href":"https:\/\/www.rizoma.com\/es\/wp-json\/wp\/v2\/product_brand?post=314113"},{"taxonomy":"product_cat","embeddable":true,"href":"https:\/\/www.rizoma.com\/es\/wp-json\/wp\/v2\/product_cat?post=314113"},{"taxonomy":"product_tag","embeddable":true,"href":"https:\/\/www.rizoma.com\/es\/wp-json\/wp\/v2\/product_tag?post=314113"}],"curies":[{"name":"wp","href":"https:\/\/api.w.org\/{rel}","templated":true}]}}