{"id":313838,"date":"2024-11-21T16:06:49","date_gmt":"2024-11-21T15:06:49","guid":{"rendered":"https:\/\/rwp.rizoma.com\/negozio\/kit-de-montaje-espejo-para-carenado-bs721\/"},"modified":"2025-01-14T10:33:29","modified_gmt":"2025-01-14T09:33:29","slug":"kit-de-montaje-espejo-para-carenado-bs721","status":"publish","type":"product","link":"https:\/\/www.rizoma.com\/es\/negozio\/espejos-retrovisores\/BS721\/kit-de-montaje-espejo-para-carenado-bs721\/","title":{"rendered":"Kit de montaje espejo para carenado"},"content":{"rendered":"<p>Cada adaptador Rizoma espec\u00edfico de espejo est\u00e1 realizado para el modelo de moto correspondiente, con el fin de garantizar la mejor fijaci\u00f3n al manillar. En aluminio mecanizado a partir de un bloque macizo para conferir resistencia y durabilidad incluso frente a exigencias m\u00e1ximas.<\/p>\n","protected":false},"excerpt":{"rendered":"<p>Cada adaptador Rizoma espec\u00edfico de espejo est\u00e1 realizado para el modelo de moto correspondiente, con el fin de garantizar la mejor fijaci\u00f3n al manillar. En aluminio mecanizado a partir de un bloque macizo para conferir resistencia y durabilidad incluso frente a exigencias m\u00e1ximas.<\/p>\n","protected":false},"featured_media":297377,"template":"","meta":{"_acf_changed":false},"rizoma_assembly_time":[42664],"rizoma_bike":[41671,41669,41674,41675,41676,44005,41681,41682,41687,41691],"rizoma_division":[42653],"rizoma_family":[42669],"rizoma_model_category":[],"rizoma_product_template":[],"product_brand":[],"product_cat":[43943],"product_tag":[],"class_list":{"0":"post-313838","1":"product","2":"type-product","3":"status-publish","4":"has-post-thumbnail","6":"rizoma_bike-cbr-1000-rr-fireblade-2004-05","7":"rizoma_bike-cbr-1000-rr-fireblade-2006-07","8":"rizoma_bike-cbr-600-rr-2003-04","9":"rizoma_bike-cbr-600-rr-2005-06","10":"rizoma_bike-cbr-600-rr-2007-08","11":"rizoma_bike-cbr-900-rr-fireblade-2002-04","12":"rizoma_bike-ninja-1000-zx-10r-2004-05","13":"rizoma_bike-ninja-1000-zx-10r-2006-07","14":"rizoma_bike-ninja-600-zx-6r-2007-08","15":"rizoma_bike-ninja-636-zx-6r-2005-06","16":"product_cat-espejos-retrovisores","18":"first","19":"instock","20":"taxable","21":"shipping-taxable","22":"purchasable","23":"product-type-variable"},"acf":[],"_links":{"self":[{"href":"https:\/\/www.rizoma.com\/es\/wp-json\/wp\/v2\/product\/313838","targetHints":{"allow":["GET"]}}],"collection":[{"href":"https:\/\/www.rizoma.com\/es\/wp-json\/wp\/v2\/product"}],"about":[{"href":"https:\/\/www.rizoma.com\/es\/wp-json\/wp\/v2\/types\/product"}],"wp:featuredmedia":[{"embeddable":true,"href":"https:\/\/www.rizoma.com\/es\/wp-json\/wp\/v2\/media\/297377"}],"wp:attachment":[{"href":"https:\/\/www.rizoma.com\/es\/wp-json\/wp\/v2\/media?parent=313838"}],"wp:term":[{"taxonomy":"rizoma_assembly_time","embeddable":true,"href":"https:\/\/www.rizoma.com\/es\/wp-json\/wp\/v2\/rizoma_assembly_time?post=313838"},{"taxonomy":"rizoma_bike","embeddable":true,"href":"https:\/\/www.rizoma.com\/es\/wp-json\/wp\/v2\/rizoma_bike?post=313838"},{"taxonomy":"rizoma_division","embeddable":true,"href":"https:\/\/www.rizoma.com\/es\/wp-json\/wp\/v2\/rizoma_division?post=313838"},{"taxonomy":"rizoma_family","embeddable":true,"href":"https:\/\/www.rizoma.com\/es\/wp-json\/wp\/v2\/rizoma_family?post=313838"},{"taxonomy":"rizoma_model_category","embeddable":true,"href":"https:\/\/www.rizoma.com\/es\/wp-json\/wp\/v2\/rizoma_model_category?post=313838"},{"taxonomy":"rizoma_product_template","embeddable":true,"href":"https:\/\/www.rizoma.com\/es\/wp-json\/wp\/v2\/rizoma_product_template?post=313838"},{"taxonomy":"product_brand","embeddable":true,"href":"https:\/\/www.rizoma.com\/es\/wp-json\/wp\/v2\/product_brand?post=313838"},{"taxonomy":"product_cat","embeddable":true,"href":"https:\/\/www.rizoma.com\/es\/wp-json\/wp\/v2\/product_cat?post=313838"},{"taxonomy":"product_tag","embeddable":true,"href":"https:\/\/www.rizoma.com\/es\/wp-json\/wp\/v2\/product_tag?post=313838"}],"curies":[{"name":"wp","href":"https:\/\/api.w.org\/{rel}","templated":true}]}}