{"id":344253,"date":"2026-03-12T15:34:18","date_gmt":"2026-03-12T14:34:18","guid":{"rendered":"https:\/\/www.rizoma.com\/disconoscimento\/"},"modified":"2026-03-12T15:34:18","modified_gmt":"2026-03-12T14:34:18","slug":"disconoscimento","status":"publish","type":"page","link":"https:\/\/www.rizoma.com\/es\/disconoscimento\/","title":{"rendered":"Disconoscimento"},"content":{"rendered":"\n<!-- Legal document generated by Complianz | GDPR\/CCPA Cookie Consent https:\/\/wordpress.org\/plugins\/complianz-gdpr -->\n<div id=\"cmplz-document\" class=\"cmplz-document disclaimer cmplz-document-all\"><p>Rizoma S.r.l. se compromete a mantener esta web actualizada y precisa. Si, a pesar de todo, encontrara algo incorrecto o desactualizado, le agradecer\u00edamos que nos lo hiciera saber. Por favor, indique en qu\u00e9 parte de la web ha le\u00eddo la informaci\u00f3n. La revisaremos lo antes posible. Por favor, env\u00ede su duda por correo electr\u00f3nico a: <span class=\"cmplz-obfuscate\">&#112;&#114;iva&#099;&#121;@<span class=\"cmplz-fmail-domain\">&#101;x&#046;&#099;&#111;m<\/span>ri&#122;&#111;ma&#046;c&#111;&#109;<\/span>.<\/p><p>Todos los derechos de propiedad intelectual sobre el contenido de esta web pertenecen a Rizoma S.r.l..<\/p><p>La copia, difusi\u00f3n y cualquier otro uso de estos materiales no est\u00e1 permitido sin el permiso escrito de Rizoma S.r.l., excepto y s\u00f3lo en la medida en que se estipule lo contrario en los reglamentos de la ley obligatoria (como el derecho de cita), a menos que el contenido espec\u00edfico dicte lo contrario.<\/p><p>Si tiene alguna pregunta o problema con la accesibilidad de la web, no dude en ponerse en contacto con nosotros.<\/p><\/div>","protected":false},"excerpt":{"rendered":"","protected":false},"author":363,"featured_media":0,"parent":0,"menu_order":0,"comment_status":"closed","ping_status":"closed","template":"","meta":{"_acf_changed":false,"footnotes":""},"class_list":["post-344253","page","type-page","status-publish","hentry"],"acf":[],"_links":{"self":[{"href":"https:\/\/www.rizoma.com\/es\/wp-json\/wp\/v2\/pages\/344253","targetHints":{"allow":["GET"]}}],"collection":[{"href":"https:\/\/www.rizoma.com\/es\/wp-json\/wp\/v2\/pages"}],"about":[{"href":"https:\/\/www.rizoma.com\/es\/wp-json\/wp\/v2\/types\/page"}],"author":[{"embeddable":true,"href":"https:\/\/www.rizoma.com\/es\/wp-json\/wp\/v2\/users\/363"}],"replies":[{"embeddable":true,"href":"https:\/\/www.rizoma.com\/es\/wp-json\/wp\/v2\/comments?post=344253"}],"version-history":[{"count":0,"href":"https:\/\/www.rizoma.com\/es\/wp-json\/wp\/v2\/pages\/344253\/revisions"}],"wp:attachment":[{"href":"https:\/\/www.rizoma.com\/es\/wp-json\/wp\/v2\/media?parent=344253"}],"curies":[{"name":"wp","href":"https:\/\/api.w.org\/{rel}","templated":true}]}}