{"id":343337,"date":"2026-03-02T17:24:55","date_gmt":"2026-03-02T16:24:55","guid":{"rendered":"https:\/\/www.rizoma.com\/?page_id=343337"},"modified":"2026-03-05T16:46:43","modified_gmt":"2026-03-05T15:46:43","slug":"gift-card-rizoma-bonus","status":"publish","type":"page","link":"https:\/\/www.rizoma.com\/es\/gift-card-rizoma-bonus\/","title":{"rendered":"Gift Card Rizoma Bonus"},"content":{"rendered":"<div class=\"acf-innerblocks-container\">\n\n<section class=\"promo-gift-card \" id=\"block_b2473fb2eea1001db661c17bd1dce363\">\n\n  <div class=\"promo-gift-card-hero\">\n    <picture>\n      <source media=\"(max-width: 767px)\" srcset=\"\/wp-content\/uploads\/giftcard-bonus\/ES\/Home-Rizoma-Days_mobile.jpg\" alt=\"Rizoma Promo\">\n      <img decoding=\"async\" src=\"\/wp-content\/uploads\/giftcard-bonus\/ES\/Home-Rizoma-Days_desktop.jpg\" alt=\"Rizoma Promo\">\n    <\/picture>\n  <\/div>\n\n  <div class=\"promo-gift-card-container\">\n    <div class=\"promo-header\">\n      <h1>Dale m\u00e1s a tu moto.<\/h1>\n      <p class=\"subtitle\">CUANTO  M\u00c1S COMPRAS, M\u00c1S RECIBES.<\/p>\n      <div class=\"description\">\n        Del 9 al 15 de marzo, compra en <strong>rizoma.com<strong> para recibir una E-Gift Card en funci\u00f3n del valor de la compra. La E-Gift Card se enviar\u00e1 por correo electr\u00f3nico y podr\u00e1 utilizarse en tu pr\u00f3xima compra.      <\/div>\n    <\/div>\n\n          <div class=\"promo-table\">\n        <div class=\"table-row table-header\">\n          <div class=\"col\">COMPRA<\/div>\n          <div class=\"col\">REEMBOLSO<\/div>\n        <\/div>\n                  <div class=\"table-row\">\n            <div class=\"col\">\u20ac 350<\/div>\n            <div class=\"col\">\n              \u20ac 50 E-Gift Card            <\/div>\n          <\/div>\n                  <div class=\"table-row\">\n            <div class=\"col\">\u20ac 700<\/div>\n            <div class=\"col\">\n              \u20ac 100 E-Gift Card            <\/div>\n          <\/div>\n                  <div class=\"table-row\">\n            <div class=\"col\">\u20ac 1.500<\/div>\n            <div class=\"col\">\n              \u20ac 250 E-Gift Card            <\/div>\n          <\/div>\n              <\/div>\n      <\/div>\n\n  <div class=\"promo-faq-section\">\n    <div class=\"faq-single-column\">\n\n      <div class=\"faq-intro\">\n        <h2>C\u00f3mo funciona:<\/h2>\n      <\/div>\n\n      <div class=\"faq-main-layout\">\n        <div class=\"faq-content-wrapper\">\n                      <div class=\"accordion-block\">\n              <ul class=\"accordion js-accordion\">\n                                  <li class=\"faq-item\">\n                    <a class=\"accordion-item opener js-accordion-opener\" href=\"#\">\n                      <div class=\"row-between\">\n                        <div class=\"faq-title\">\n                          <span>\n                            \u00bfCU\u00c1NDO RECIBIR\u00c9 LA E-GIFT CARD?                          <\/span>\n                        <\/div>\n                        <div class=\"icon-container\"><span class=\"icon-plus\"><\/span><\/div>\n                      <\/div>\n                    <\/a>\n                    <div class=\"js-accordion-slide\">\n                      <div class=\"accordion-content\">\n                        El c\u00f3digo \u00fanico para el uso de la E-Gift Card se enviar\u00e1 por correo electr\u00f3nico en el momento de la compra, sin embargo, solo se activar\u00e1 y podr\u00e1 utilizarse transcurridos veinte (20) d\u00edas desde la entrega efectiva de los productos adquiridos durante la oferta Rizoma Days, siempre que no se haya solicitado ninguna devoluci\u00f3n de los mismos. Descubre todos los detalles de la iniciativa consultando los <a href=\"https:\/\/www.rizoma.com\/es\/condizioni-generali-di-vendita\/\" style=\"text-decoration: underline;\">T\u00e9rminos y Condiciones Rizoma Days.<\/a>                      <\/div>\n                    <\/div>\n                  <\/li>\n                                  <li class=\"faq-item\">\n                    <a class=\"accordion-item opener js-accordion-opener\" href=\"#\">\n                      <div class=\"row-between\">\n                        <div class=\"faq-title\">\n                          <span>\n                            \u00bfCU\u00c1L ES LA VALIDEZ DE LA E-GIFT CARD?                          <\/span>\n                        <\/div>\n                        <div class=\"icon-container\"><span class=\"icon-plus\"><\/span><\/div>\n                      <\/div>\n                    <\/a>\n                    <div class=\"js-accordion-slide\">\n                      <div class=\"accordion-content\">\n                        La E-Gift Card es v\u00e1lida durante un (1) a\u00f1o (365 d\u00edas) a partir de la fecha de activaci\u00f3n. Para m\u00e1s informaci\u00f3n y limitaciones, consulta los <a href=\"https:\/\/www.rizoma.com\/es\/condizioni-generali-di-vendita\/\" style=\"text-decoration: underline;\">T\u00e9rminos y Condiciones Rizoma Days.<\/a>                      <\/div>\n                    <\/div>\n                  <\/li>\n                                  <li class=\"faq-item\">\n                    <a class=\"accordion-item opener js-accordion-opener\" href=\"#\">\n                      <div class=\"row-between\">\n                        <div class=\"faq-title\">\n                          <span>\n                            \u00bfSE PUEDE REGALAR LA E-GIFT CARD?                          <\/span>\n                        <\/div>\n                        <div class=\"icon-container\"><span class=\"icon-plus\"><\/span><\/div>\n                      <\/div>\n                    <\/a>\n                    <div class=\"js-accordion-slide\">\n                      <div class=\"accordion-content\">\n                        S\u00ed. La E-Gift Card promocional puede regalarse a otra persona, quien podr\u00e1 utilizarla para realizar una compra en rizoma.com. Para hacerlo, basta con enviar el c\u00f3digo recibido a la persona deseada. Para m\u00e1s informaci\u00f3n y limitaciones, consulta los <a href=\"https:\/\/www.rizoma.com\/es\/condizioni-generali-di-vendita\/\" style=\"text-decoration: underline;\">T\u00e9rminos y Condiciones Rizoma Days.<\/a>                      <\/div>\n                    <\/div>\n                  <\/li>\n                              <\/ul>\n            <\/div>\n          \n          <div class=\"faq-disclaimer\">\n            Esta iniciativa no se aplica a pedidos realizados con anterioridad. <br><br>\r\n<strong>Disponible exclusivamente en rizoma.com del 9 al 15 de marzo de 2026.<\/strong>          <\/div>\n        <\/div>\n      <\/div>\n\n              <a href=\"https:\/\/www.rizoma.com\/es\/motorcycle\" class=\"rz-button-link\">\n          <button class=\"rz-button\">\n                          <span>Ir a productos<\/span>\n                      <\/button>\n        <\/a>\n          <\/div>\n\n  <\/div>\n<\/section>\n<\/div>\n","protected":false},"excerpt":{"rendered":"","protected":false},"author":363,"featured_media":0,"parent":0,"menu_order":0,"comment_status":"closed","ping_status":"closed","template":"","meta":{"_acf_changed":true,"footnotes":""},"class_list":["post-343337","page","type-page","status-publish","hentry"],"acf":[],"_links":{"self":[{"href":"https:\/\/www.rizoma.com\/es\/wp-json\/wp\/v2\/pages\/343337","targetHints":{"allow":["GET"]}}],"collection":[{"href":"https:\/\/www.rizoma.com\/es\/wp-json\/wp\/v2\/pages"}],"about":[{"href":"https:\/\/www.rizoma.com\/es\/wp-json\/wp\/v2\/types\/page"}],"author":[{"embeddable":true,"href":"https:\/\/www.rizoma.com\/es\/wp-json\/wp\/v2\/users\/363"}],"replies":[{"embeddable":true,"href":"https:\/\/www.rizoma.com\/es\/wp-json\/wp\/v2\/comments?post=343337"}],"version-history":[{"count":0,"href":"https:\/\/www.rizoma.com\/es\/wp-json\/wp\/v2\/pages\/343337\/revisions"}],"wp:attachment":[{"href":"https:\/\/www.rizoma.com\/es\/wp-json\/wp\/v2\/media?parent=343337"}],"curies":[{"name":"wp","href":"https:\/\/api.w.org\/{rel}","templated":true}]}}