{"id":103746,"date":"2024-06-18T21:41:23","date_gmt":"2024-06-18T19:41:23","guid":{"rendered":"https:\/\/rizoma.com\/?page_id=103746"},"modified":"2024-09-25T14:43:32","modified_gmt":"2024-09-25T12:43:32","slug":"vsp-old","status":"publish","type":"page","link":"https:\/\/www.rizoma.com\/es\/vsp-old\/","title":{"rendered":"Vespa"},"content":{"rendered":"<p><img loading=\"lazy\" decoding=\"async\" width=\"1903\" height=\"782\" src=\"https:\/\/www.rizoma.com\/wp-content\/uploads\/2024\/07\/Header_New.webp\" alt=\"\" srcset=\"https:\/\/www.rizoma.com\/wp-content\/uploads\/2024\/07\/Header_New.webp 1903w, https:\/\/www.rizoma.com\/wp-content\/uploads\/2024\/07\/Header_New-300x123.webp 300w, https:\/\/www.rizoma.com\/wp-content\/uploads\/2024\/07\/Header_New-1024x421.webp 1024w, https:\/\/www.rizoma.com\/wp-content\/uploads\/2024\/07\/Header_New-768x316.webp 768w, https:\/\/www.rizoma.com\/wp-content\/uploads\/2024\/07\/Header_New-1536x631.webp 1536w, https:\/\/www.rizoma.com\/wp-content\/uploads\/2024\/07\/Header_New-600x247.webp 600w\" sizes=\"auto, (max-width: 1903px) 100vw, 1903px\" \/>\t\t\t\t\t\t\t\t\t\t\t\t\t<\/p>\n<h1>FROM SPACE TO GET SPACE<\/h1>\n<p>Hemos fusionado el encanto vintage con el minimalismo futurista, creando la nueva l\u00ednea de accesorios para Vespa. Este proyecto es una fusi\u00f3n de pasado y futuro, donde cada detalle encarna elegancia e innovaci\u00f3n.<\/p>\n<p>Experimenta una transformaci\u00f3n que se destaca, ofreciendo una mezcla perfecta de herencia y dise\u00f1o vanguardista.<\/p>\n<p>[rzm_bike_brand_slider desktop=&#8221;4&#8243; laptop=&#8221;3&#8243; tablet=&#8221;2&#8243; mobile=&#8221;1&#8243; arrows=&#8221;1&#8243; dots=&#8221;0&#8243;][rzm_bike_brand_slide title=&#8221;Elettrica&#8221; bike=&#8221;12556&#8243; image=&#8221;104062&#8243;][rzm_bike_brand_slide title=&#8221;Sei Giorni&#8221; bike=&#8221;12553&#8243; image=&#8221;104067&#8243;][rzm_bike_brand_slide title=&#8221;GTS&#8221; bike=&#8221;12539&#8243; image=&#8221;104057&#8243;][rzm_bike_brand_slide title=&#8221;Primavera&#8221; bike=&#8221;12547&#8243; image=&#8221;104042&#8243;][rzm_bike_brand_slide title=&#8221;Sprint&#8221; bike=&#8221;12550&#8243; image=&#8221;104037&#8243;][rzm_bike_brand_slide title=&#8221;GTV&#8221; bike=&#8221;40743&#8243; image=&#8221;104052&#8243;][\/rzm_bike_brand_slider]<br \/>\n\t\t\t\t\t\t\t\t\t\t\t\t\t\t<a href=\"https:\/\/rizoma.com\/wp-content\/uploads\/2024\/06\/vespa-desktop-1-1.webp\" data-elementor-open-lightbox=\"yes\" data-e-action-hash=\"#elementor-action%3Aaction%3Dlightbox%26settings%3DeyJpZCI6IjEwNDMyMyIsInVybCI6Imh0dHBzOlwvXC93d3cucml6b21hLmNvbVwvd3AtY29udGVudFwvdXBsb2Fkc1wvMjAyNFwvMDZcL3Zlc3BhLWRlc2t0b3AtMS0xLndlYnAifQ%3D%3D\"><br \/>\n\t\t\t\t\t\t\t<img loading=\"lazy\" decoding=\"async\" width=\"1494\" height=\"1000\" src=\"https:\/\/www.rizoma.com\/wp-content\/uploads\/2024\/06\/vespa-desktop-1-1.webp\" alt=\"\" srcset=\"https:\/\/www.rizoma.com\/wp-content\/uploads\/2024\/06\/vespa-desktop-1-1.webp 1494w, https:\/\/www.rizoma.com\/wp-content\/uploads\/2024\/06\/vespa-desktop-1-1-300x201.webp 300w, https:\/\/www.rizoma.com\/wp-content\/uploads\/2024\/06\/vespa-desktop-1-1-1024x685.webp 1024w, https:\/\/www.rizoma.com\/wp-content\/uploads\/2024\/06\/vespa-desktop-1-1-768x514.webp 768w, https:\/\/www.rizoma.com\/wp-content\/uploads\/2024\/06\/vespa-desktop-1-1-328x219.webp 328w, https:\/\/www.rizoma.com\/wp-content\/uploads\/2024\/06\/vespa-desktop-1-1-600x402.webp 600w\" sizes=\"auto, (max-width: 1494px) 100vw, 1494px\" \/>\t\t\t\t\t\t\t\t<\/a><br \/>\n\t\t\t\t\t\t\t\t\t\t\t\t\t\t<a href=\"https:\/\/rizoma.com\/wp-content\/uploads\/2024\/06\/vespa-desktop-2-1.webp\" data-elementor-open-lightbox=\"yes\" data-e-action-hash=\"#elementor-action%3Aaction%3Dlightbox%26settings%3DeyJpZCI6IjEwNDMyOCIsInVybCI6Imh0dHBzOlwvXC93d3cucml6b21hLmNvbVwvd3AtY29udGVudFwvdXBsb2Fkc1wvMjAyNFwvMDZcL3Zlc3BhLWRlc2t0b3AtMi0xLndlYnAifQ%3D%3D\"><br \/>\n\t\t\t\t\t\t\t<img loading=\"lazy\" decoding=\"async\" width=\"1169\" height=\"1000\" src=\"https:\/\/www.rizoma.com\/wp-content\/uploads\/2024\/06\/vespa-desktop-2-1.webp\" alt=\"\" srcset=\"https:\/\/www.rizoma.com\/wp-content\/uploads\/2024\/06\/vespa-desktop-2-1.webp 1169w, https:\/\/www.rizoma.com\/wp-content\/uploads\/2024\/06\/vespa-desktop-2-1-300x257.webp 300w, https:\/\/www.rizoma.com\/wp-content\/uploads\/2024\/06\/vespa-desktop-2-1-1024x876.webp 1024w, https:\/\/www.rizoma.com\/wp-content\/uploads\/2024\/06\/vespa-desktop-2-1-768x657.webp 768w, https:\/\/www.rizoma.com\/wp-content\/uploads\/2024\/06\/vespa-desktop-2-1-600x513.webp 600w\" sizes=\"auto, (max-width: 1169px) 100vw, 1169px\" \/>\t\t\t\t\t\t\t\t<\/a><br \/>\n\t\t\t\t\t\t\t\t\t\t\t\t\t\t<a href=\"https:\/\/rizoma.com\/wp-content\/uploads\/2024\/06\/vespa-desktop-3-1.webp\" data-elementor-open-lightbox=\"yes\" data-e-action-hash=\"#elementor-action%3Aaction%3Dlightbox%26settings%3DeyJpZCI6IjEwNDMzMyIsInVybCI6Imh0dHBzOlwvXC93d3cucml6b21hLmNvbVwvd3AtY29udGVudFwvdXBsb2Fkc1wvMjAyNFwvMDZcL3Zlc3BhLWRlc2t0b3AtMy0xLndlYnAifQ%3D%3D\"><br \/>\n\t\t\t\t\t\t\t<img loading=\"lazy\" decoding=\"async\" width=\"1169\" height=\"1000\" src=\"https:\/\/www.rizoma.com\/wp-content\/uploads\/2024\/06\/vespa-desktop-3-1.webp\" alt=\"\" srcset=\"https:\/\/www.rizoma.com\/wp-content\/uploads\/2024\/06\/vespa-desktop-3-1.webp 1169w, https:\/\/www.rizoma.com\/wp-content\/uploads\/2024\/06\/vespa-desktop-3-1-300x257.webp 300w, https:\/\/www.rizoma.com\/wp-content\/uploads\/2024\/06\/vespa-desktop-3-1-1024x876.webp 1024w, https:\/\/www.rizoma.com\/wp-content\/uploads\/2024\/06\/vespa-desktop-3-1-768x657.webp 768w, https:\/\/www.rizoma.com\/wp-content\/uploads\/2024\/06\/vespa-desktop-3-1-600x513.webp 600w\" sizes=\"auto, (max-width: 1169px) 100vw, 1169px\" \/>\t\t\t\t\t\t\t\t<\/a><br \/>\n\t\t\t\t\t\t\t\t\t\t\t\t\t\t<a href=\"https:\/\/rizoma.com\/wp-content\/uploads\/2024\/06\/vespa-desktop-4-1.webp\" data-elementor-open-lightbox=\"yes\" data-e-action-hash=\"#elementor-action%3Aaction%3Dlightbox%26settings%3DeyJpZCI6IjEwNDMzOCIsInVybCI6Imh0dHBzOlwvXC93d3cucml6b21hLmNvbVwvd3AtY29udGVudFwvdXBsb2Fkc1wvMjAyNFwvMDZcL3Zlc3BhLWRlc2t0b3AtNC0xLndlYnAifQ%3D%3D\"><br \/>\n\t\t\t\t\t\t\t<img loading=\"lazy\" decoding=\"async\" width=\"1678\" height=\"1000\" src=\"https:\/\/www.rizoma.com\/wp-content\/uploads\/2024\/06\/vespa-desktop-4-1.webp\" alt=\"\" srcset=\"https:\/\/www.rizoma.com\/wp-content\/uploads\/2024\/06\/vespa-desktop-4-1.webp 1678w, https:\/\/www.rizoma.com\/wp-content\/uploads\/2024\/06\/vespa-desktop-4-1-300x179.webp 300w, https:\/\/www.rizoma.com\/wp-content\/uploads\/2024\/06\/vespa-desktop-4-1-1024x610.webp 1024w, https:\/\/www.rizoma.com\/wp-content\/uploads\/2024\/06\/vespa-desktop-4-1-768x458.webp 768w, https:\/\/www.rizoma.com\/wp-content\/uploads\/2024\/06\/vespa-desktop-4-1-1536x915.webp 1536w, https:\/\/www.rizoma.com\/wp-content\/uploads\/2024\/06\/vespa-desktop-4-1-600x358.webp 600w\" sizes=\"auto, (max-width: 1678px) 100vw, 1678px\" \/>\t\t\t\t\t\t\t\t<\/a><br \/>\n\t\t\t\t\t\t\t\t\t\t\t\t\t\t<a href=\"https:\/\/rizoma.com\/wp-content\/uploads\/2024\/06\/vespa-mobile-2-1.webp\" data-elementor-open-lightbox=\"yes\" data-e-action-hash=\"#elementor-action%3Aaction%3Dlightbox%26settings%3DeyJpZCI6IjEwNDM0MyIsInVybCI6Imh0dHBzOlwvXC93d3cucml6b21hLmNvbVwvd3AtY29udGVudFwvdXBsb2Fkc1wvMjAyNFwvMDZcL3Zlc3BhLW1vYmlsZS0yLTEud2VicCJ9\"><br \/>\n\t\t\t\t\t\t\t<img loading=\"lazy\" decoding=\"async\" width=\"585\" height=\"500\" src=\"https:\/\/www.rizoma.com\/wp-content\/uploads\/2024\/06\/vespa-mobile-2-1.webp\" alt=\"\" srcset=\"https:\/\/www.rizoma.com\/wp-content\/uploads\/2024\/06\/vespa-mobile-2-1.webp 585w, https:\/\/www.rizoma.com\/wp-content\/uploads\/2024\/06\/vespa-mobile-2-1-300x256.webp 300w\" sizes=\"auto, (max-width: 585px) 100vw, 585px\" \/>\t\t\t\t\t\t\t\t<\/a><br \/>\n\t\t\t\t\t\t\t\t\t\t\t\t\t\t<a href=\"https:\/\/rizoma.com\/wp-content\/uploads\/2024\/06\/vespa-mobile-3-1.webp\" data-elementor-open-lightbox=\"yes\" data-e-action-hash=\"#elementor-action%3Aaction%3Dlightbox%26settings%3DeyJpZCI6IjEwNDM0OCIsInVybCI6Imh0dHBzOlwvXC93d3cucml6b21hLmNvbVwvd3AtY29udGVudFwvdXBsb2Fkc1wvMjAyNFwvMDZcL3Zlc3BhLW1vYmlsZS0zLTEud2VicCJ9\"><br \/>\n\t\t\t\t\t\t\t<img loading=\"lazy\" decoding=\"async\" width=\"585\" height=\"500\" src=\"https:\/\/www.rizoma.com\/wp-content\/uploads\/2024\/06\/vespa-mobile-3-1.webp\" alt=\"\" srcset=\"https:\/\/www.rizoma.com\/wp-content\/uploads\/2024\/06\/vespa-mobile-3-1.webp 585w, https:\/\/www.rizoma.com\/wp-content\/uploads\/2024\/06\/vespa-mobile-3-1-300x256.webp 300w\" sizes=\"auto, (max-width: 585px) 100vw, 585px\" \/>\t\t\t\t\t\t\t\t<\/a><br \/>\n\t\t\t\t\t\t\t\t\t\t\t\t\t\t<a href=\"https:\/\/rizoma.com\/wp-content\/uploads\/2024\/06\/vespa-mobile-1-1.webp\" data-elementor-open-lightbox=\"yes\" data-e-action-hash=\"#elementor-action%3Aaction%3Dlightbox%26settings%3DeyJpZCI6IjEwNDM1MyIsInVybCI6Imh0dHBzOlwvXC93d3cucml6b21hLmNvbVwvd3AtY29udGVudFwvdXBsb2Fkc1wvMjAyNFwvMDZcL3Zlc3BhLW1vYmlsZS0xLTEud2VicCJ9\"><br \/>\n\t\t\t\t\t\t\t<img loading=\"lazy\" decoding=\"async\" width=\"747\" height=\"500\" src=\"https:\/\/www.rizoma.com\/wp-content\/uploads\/2024\/06\/vespa-mobile-1-1.webp\" alt=\"\" srcset=\"https:\/\/www.rizoma.com\/wp-content\/uploads\/2024\/06\/vespa-mobile-1-1.webp 747w, https:\/\/www.rizoma.com\/wp-content\/uploads\/2024\/06\/vespa-mobile-1-1-300x201.webp 300w, https:\/\/www.rizoma.com\/wp-content\/uploads\/2024\/06\/vespa-mobile-1-1-328x219.webp 328w, https:\/\/www.rizoma.com\/wp-content\/uploads\/2024\/06\/vespa-mobile-1-1-600x402.webp 600w\" sizes=\"auto, (max-width: 747px) 100vw, 747px\" \/>\t\t\t\t\t\t\t\t<\/a><br \/>\n\t\t\t\t\t\t\t\t\t\t\t\t\t\t<a href=\"https:\/\/rizoma.com\/wp-content\/uploads\/2024\/06\/vespa-mobile-4-1.webp\" data-elementor-open-lightbox=\"yes\" data-e-action-hash=\"#elementor-action%3Aaction%3Dlightbox%26settings%3DeyJpZCI6IjEwNDM1OCIsInVybCI6Imh0dHBzOlwvXC93d3cucml6b21hLmNvbVwvd3AtY29udGVudFwvdXBsb2Fkc1wvMjAyNFwvMDZcL3Zlc3BhLW1vYmlsZS00LTEud2VicCJ9\"><br \/>\n\t\t\t\t\t\t\t<img loading=\"lazy\" decoding=\"async\" width=\"839\" height=\"500\" src=\"https:\/\/www.rizoma.com\/wp-content\/uploads\/2024\/06\/vespa-mobile-4-1.webp\" alt=\"\" srcset=\"https:\/\/www.rizoma.com\/wp-content\/uploads\/2024\/06\/vespa-mobile-4-1.webp 839w, https:\/\/www.rizoma.com\/wp-content\/uploads\/2024\/06\/vespa-mobile-4-1-300x179.webp 300w, https:\/\/www.rizoma.com\/wp-content\/uploads\/2024\/06\/vespa-mobile-4-1-768x458.webp 768w, https:\/\/www.rizoma.com\/wp-content\/uploads\/2024\/06\/vespa-mobile-4-1-600x358.webp 600w\" sizes=\"auto, (max-width: 839px) 100vw, 839px\" \/>\t\t\t\t\t\t\t\t<\/a><br \/>\n\t\t\t\t\t\t\t\t\t\t\t\t\t\t<a href=\"https:\/\/rizoma.com\/wp-content\/uploads\/2024\/07\/5-2.webp\" data-elementor-open-lightbox=\"yes\" data-e-action-hash=\"#elementor-action%3Aaction%3Dlightbox%26settings%3DeyJpZCI6MTA0NzI1LCJ1cmwiOiJodHRwczpcL1wvd3d3LnJpem9tYS5jb21cL3dwLWNvbnRlbnRcL3VwbG9hZHNcLzIwMjRcLzA3XC81LTIud2VicCJ9\"><br \/>\n\t\t\t\t\t\t\t<img loading=\"lazy\" decoding=\"async\" width=\"1416\" height=\"1000\" src=\"https:\/\/www.rizoma.com\/wp-content\/uploads\/2024\/07\/5-2.webp\" alt=\"\" srcset=\"https:\/\/www.rizoma.com\/wp-content\/uploads\/2024\/07\/5-2.webp 1416w, https:\/\/www.rizoma.com\/wp-content\/uploads\/2024\/07\/5-2-300x212.webp 300w, https:\/\/www.rizoma.com\/wp-content\/uploads\/2024\/07\/5-2-1024x723.webp 1024w, https:\/\/www.rizoma.com\/wp-content\/uploads\/2024\/07\/5-2-768x542.webp 768w, https:\/\/www.rizoma.com\/wp-content\/uploads\/2024\/07\/5-2-600x424.webp 600w\" sizes=\"auto, (max-width: 1416px) 100vw, 1416px\" \/>\t\t\t\t\t\t\t\t<\/a><br \/>\n\t\t\t\t\t\t\t\t\t\t\t\t\t\t<a href=\"https:\/\/rizoma.com\/wp-content\/uploads\/2024\/07\/5-mobile-1.webp\" data-elementor-open-lightbox=\"yes\" data-e-action-hash=\"#elementor-action%3Aaction%3Dlightbox%26settings%3DeyJpZCI6MTA0NzQxLCJ1cmwiOiJodHRwczpcL1wvd3d3LnJpem9tYS5jb21cL3dwLWNvbnRlbnRcL3VwbG9hZHNcLzIwMjRcLzA3XC81LW1vYmlsZS0xLndlYnAifQ%3D%3D\"><br \/>\n\t\t\t\t\t\t\t<img loading=\"lazy\" decoding=\"async\" width=\"767\" height=\"542\" src=\"https:\/\/www.rizoma.com\/wp-content\/uploads\/2024\/07\/5-mobile-1.webp\" alt=\"\" srcset=\"https:\/\/www.rizoma.com\/wp-content\/uploads\/2024\/07\/5-mobile-1.webp 767w, https:\/\/www.rizoma.com\/wp-content\/uploads\/2024\/07\/5-mobile-1-300x212.webp 300w, https:\/\/www.rizoma.com\/wp-content\/uploads\/2024\/07\/5-mobile-1-600x424.webp 600w\" sizes=\"auto, (max-width: 767px) 100vw, 767px\" \/>\t\t\t\t\t\t\t\t<\/a><\/p>\n<h2>LA COLECCI\u00d3N<\/h2>\n<p>Disfruta de la nueva l\u00ednea de accesorios Rizoma para Vespa. Eleva el estilo y el rendimiento con cada pieza meticulosamente dise\u00f1ada. Explora nuestra colecci\u00f3n ahora.<\/p>\n<p>\t\t\t<a href=\"#\" id=\"choose_bike_lightbox\"><br \/>\n\t\t\t\t<svg aria-hidden=\"true\" viewBox=\"0 0 448 512\" xmlns=\"http:\/\/www.w3.org\/2000\/svg\"><path d=\"M224.3 273l-136 136c-9.4 9.4-24.6 9.4-33.9 0l-22.6-22.6c-9.4-9.4-9.4-24.6 0-33.9l96.4-96.4-96.4-96.4c-9.4-9.4-9.4-24.6 0-33.9L54.3 103c9.4-9.4 24.6-9.4 33.9 0l136 136c9.5 9.4 9.5 24.6.1 34zm192-34l-136-136c-9.4-9.4-24.6-9.4-33.9 0l-22.6 22.6c-9.4 9.4-9.4 24.6 0 33.9l96.4 96.4-96.4 96.4c-9.4 9.4-9.4 24.6 0 33.9l22.6 22.6c9.4 9.4 24.6 9.4 33.9 0l136-136c9.4-9.2 9.4-24.4 0-33.8z\"><\/path><\/svg><br \/>\n\t\t\t\t\t\t\t\t\tLA EXPERIENCIA COMIENZA<br \/>\n\t\t\t\t\t<\/a><br \/>\n\t\t\t\t\t\t\t\t\t\t\t\t\t\t<a href=\"https:\/\/rizoma.com\/wp-content\/uploads\/2024\/07\/6-3.webp\" data-elementor-open-lightbox=\"yes\" data-e-action-hash=\"#elementor-action%3Aaction%3Dlightbox%26settings%3DeyJpZCI6MTA0NzMwLCJ1cmwiOiJodHRwczpcL1wvd3d3LnJpem9tYS5jb21cL3dwLWNvbnRlbnRcL3VwbG9hZHNcLzIwMjRcLzA3XC82LTMud2VicCJ9\"><br \/>\n\t\t\t\t\t\t\t<img loading=\"lazy\" decoding=\"async\" width=\"1726\" height=\"1000\" src=\"https:\/\/www.rizoma.com\/wp-content\/uploads\/2024\/07\/6-3.webp\" alt=\"\" srcset=\"https:\/\/www.rizoma.com\/wp-content\/uploads\/2024\/07\/6-3.webp 1726w, https:\/\/www.rizoma.com\/wp-content\/uploads\/2024\/07\/6-3-300x174.webp 300w, https:\/\/www.rizoma.com\/wp-content\/uploads\/2024\/07\/6-3-1024x593.webp 1024w, https:\/\/www.rizoma.com\/wp-content\/uploads\/2024\/07\/6-3-768x445.webp 768w, https:\/\/www.rizoma.com\/wp-content\/uploads\/2024\/07\/6-3-1536x890.webp 1536w, https:\/\/www.rizoma.com\/wp-content\/uploads\/2024\/07\/6-3-600x348.webp 600w\" sizes=\"auto, (max-width: 1726px) 100vw, 1726px\" \/>\t\t\t\t\t\t\t\t<\/a><br \/>\n\t\t\t\t\t\t\t\t\t\t\t\t\t\t<a href=\"https:\/\/rizoma.com\/wp-content\/uploads\/2024\/06\/vespa-desktop-7-1.webp\" data-elementor-open-lightbox=\"yes\" data-e-action-hash=\"#elementor-action%3Aaction%3Dlightbox%26settings%3DeyJpZCI6IjEwNDM4MCIsInVybCI6Imh0dHBzOlwvXC93d3cucml6b21hLmNvbVwvd3AtY29udGVudFwvdXBsb2Fkc1wvMjAyNFwvMDZcL3Zlc3BhLWRlc2t0b3AtNy0xLndlYnAifQ%3D%3D\"><br \/>\n\t\t\t\t\t\t\t<img loading=\"lazy\" decoding=\"async\" width=\"914\" height=\"1000\" src=\"https:\/\/www.rizoma.com\/wp-content\/uploads\/2024\/06\/vespa-desktop-7-1.webp\" alt=\"\" srcset=\"https:\/\/www.rizoma.com\/wp-content\/uploads\/2024\/06\/vespa-desktop-7-1.webp 914w, https:\/\/www.rizoma.com\/wp-content\/uploads\/2024\/06\/vespa-desktop-7-1-274x300.webp 274w, https:\/\/www.rizoma.com\/wp-content\/uploads\/2024\/06\/vespa-desktop-7-1-768x840.webp 768w, https:\/\/www.rizoma.com\/wp-content\/uploads\/2024\/06\/vespa-desktop-7-1-600x656.webp 600w\" sizes=\"auto, (max-width: 914px) 100vw, 914px\" \/>\t\t\t\t\t\t\t\t<\/a><br \/>\n\t\t\t\t\t\t\t\t\t\t\t\t\t\t<a href=\"https:\/\/rizoma.com\/wp-content\/uploads\/2024\/07\/8-2.webp\" data-elementor-open-lightbox=\"yes\" data-e-action-hash=\"#elementor-action%3Aaction%3Dlightbox%26settings%3DeyJpZCI6MTA0NzM1LCJ1cmwiOiJodHRwczpcL1wvd3d3LnJpem9tYS5jb21cL3dwLWNvbnRlbnRcL3VwbG9hZHNcLzIwMjRcLzA3XC84LTIud2VicCJ9\"><br \/>\n\t\t\t\t\t\t\t<img loading=\"lazy\" decoding=\"async\" width=\"770\" height=\"1000\" src=\"https:\/\/www.rizoma.com\/wp-content\/uploads\/2024\/07\/8-2.webp\" alt=\"\" srcset=\"https:\/\/www.rizoma.com\/wp-content\/uploads\/2024\/07\/8-2.webp 770w, https:\/\/www.rizoma.com\/wp-content\/uploads\/2024\/07\/8-2-231x300.webp 231w, https:\/\/www.rizoma.com\/wp-content\/uploads\/2024\/07\/8-2-768x997.webp 768w, https:\/\/www.rizoma.com\/wp-content\/uploads\/2024\/07\/8-2-600x779.webp 600w\" sizes=\"auto, (max-width: 770px) 100vw, 770px\" \/>\t\t\t\t\t\t\t\t<\/a><br \/>\n\t\t\t\t\t\t\t\t\t\t\t\t\t\t<a href=\"https:\/\/rizoma.com\/wp-content\/uploads\/2024\/07\/6-mobile.webp\" data-elementor-open-lightbox=\"yes\" data-e-action-hash=\"#elementor-action%3Aaction%3Dlightbox%26settings%3DeyJpZCI6MTA0NzQ2LCJ1cmwiOiJodHRwczpcL1wvd3d3LnJpem9tYS5jb21cL3dwLWNvbnRlbnRcL3VwbG9hZHNcLzIwMjRcLzA3XC82LW1vYmlsZS53ZWJwIn0%3D\"><br \/>\n\t\t\t\t\t\t\t<img loading=\"lazy\" decoding=\"async\" width=\"767\" height=\"444\" src=\"https:\/\/www.rizoma.com\/wp-content\/uploads\/2024\/07\/6-mobile.webp\" alt=\"\" srcset=\"https:\/\/www.rizoma.com\/wp-content\/uploads\/2024\/07\/6-mobile.webp 767w, https:\/\/www.rizoma.com\/wp-content\/uploads\/2024\/07\/6-mobile-300x174.webp 300w, https:\/\/www.rizoma.com\/wp-content\/uploads\/2024\/07\/6-mobile-600x347.webp 600w\" sizes=\"auto, (max-width: 767px) 100vw, 767px\" \/>\t\t\t\t\t\t\t\t<\/a><br \/>\n\t\t\t\t\t\t\t\t\t\t\t\t\t\t<a href=\"https:\/\/rizoma.com\/wp-content\/uploads\/2024\/06\/vespa-mobile-7-1.webp\" data-elementor-open-lightbox=\"yes\" data-e-action-hash=\"#elementor-action%3Aaction%3Dlightbox%26settings%3DeyJpZCI6IjEwNDM5NSIsInVybCI6Imh0dHBzOlwvXC93d3cucml6b21hLmNvbVwvd3AtY29udGVudFwvdXBsb2Fkc1wvMjAyNFwvMDZcL3Zlc3BhLW1vYmlsZS03LTEud2VicCJ9\"><br \/>\n\t\t\t\t\t\t\t<img loading=\"lazy\" decoding=\"async\" width=\"457\" height=\"500\" src=\"https:\/\/www.rizoma.com\/wp-content\/uploads\/2024\/06\/vespa-mobile-7-1.webp\" alt=\"\" srcset=\"https:\/\/www.rizoma.com\/wp-content\/uploads\/2024\/06\/vespa-mobile-7-1.webp 457w, https:\/\/www.rizoma.com\/wp-content\/uploads\/2024\/06\/vespa-mobile-7-1-274x300.webp 274w\" sizes=\"auto, (max-width: 457px) 100vw, 457px\" \/>\t\t\t\t\t\t\t\t<\/a><br \/>\n\t\t\t\t\t\t\t\t\t\t\t\t\t\t<a href=\"https:\/\/rizoma.com\/wp-content\/uploads\/2024\/07\/8-mobile.webp\" data-elementor-open-lightbox=\"yes\" data-e-action-hash=\"#elementor-action%3Aaction%3Dlightbox%26settings%3DeyJpZCI6MTA0NzUxLCJ1cmwiOiJodHRwczpcL1wvd3d3LnJpem9tYS5jb21cL3dwLWNvbnRlbnRcL3VwbG9hZHNcLzIwMjRcLzA3XC84LW1vYmlsZS53ZWJwIn0%3D\"><br \/>\n\t\t\t\t\t\t\t<img loading=\"lazy\" decoding=\"async\" width=\"767\" height=\"996\" src=\"https:\/\/www.rizoma.com\/wp-content\/uploads\/2024\/07\/8-mobile.webp\" alt=\"\" srcset=\"https:\/\/www.rizoma.com\/wp-content\/uploads\/2024\/07\/8-mobile.webp 767w, https:\/\/www.rizoma.com\/wp-content\/uploads\/2024\/07\/8-mobile-231x300.webp 231w, https:\/\/www.rizoma.com\/wp-content\/uploads\/2024\/07\/8-mobile-600x779.webp 600w\" sizes=\"auto, (max-width: 767px) 100vw, 767px\" \/>\t\t\t\t\t\t\t\t<\/a><br \/>\n\t\t[rizoma_bike_product_slider bike=&#8221;&#8221; sku=&#8221;BS120,ZVP052,ZVP036,ZVP043,ZVP011,ZVP012,ZVP033,ZVP026,ZVP038,ZVP015,PE740,PT812&#8243;]<br \/>\n[bike_filter_lightbox bike=&#8221;38775&#8243; title=&#8221;ELIGE TU VESPA&#8221; sub_title=&#8221;Y VIVE UNA EXPERIENCIA RIZOMA PERSONALIZADA&#8221;<br \/>\n target=&#8221;product&#8221; ]<\/p>\n<p>Rizoma S.r.l. es una empresa independiente que no tiene ning\u00fan v\u00ednculo comercial con Piaggio &amp; C. S.p.A., ni es licenciataria de las marcas &#8216;Vespa&#8217; y &#8216;Piaggio&#8217;, que son de titularidad exclusiva de Piaggio &amp; C. S.p.A.<\/p>\n","protected":false},"excerpt":{"rendered":"<p>FROM SPACE TO GET SPACE Hemos fusionado el encanto vintage con el minimalismo futurista, creando la nueva l\u00ednea de accesorios para Vespa. Este proyecto es una fusi\u00f3n de pasado y futuro, donde cada detalle encarna elegancia e innovaci\u00f3n. Experimenta una transformaci\u00f3n que se destaca, ofreciendo una mezcla perfecta de herencia y dise\u00f1o vanguardista. [rzm_bike_brand_slider desktop=&#8221;4&#8243; [&hellip;]<\/p>\n","protected":false},"author":26,"featured_media":0,"parent":0,"menu_order":0,"comment_status":"closed","ping_status":"closed","template":"","meta":{"_acf_changed":false,"footnotes":""},"class_list":["post-103746","page","type-page","status-publish","hentry"],"acf":[],"_links":{"self":[{"href":"https:\/\/www.rizoma.com\/es\/wp-json\/wp\/v2\/pages\/103746","targetHints":{"allow":["GET"]}}],"collection":[{"href":"https:\/\/www.rizoma.com\/es\/wp-json\/wp\/v2\/pages"}],"about":[{"href":"https:\/\/www.rizoma.com\/es\/wp-json\/wp\/v2\/types\/page"}],"author":[{"embeddable":true,"href":"https:\/\/www.rizoma.com\/es\/wp-json\/wp\/v2\/users\/26"}],"replies":[{"embeddable":true,"href":"https:\/\/www.rizoma.com\/es\/wp-json\/wp\/v2\/comments?post=103746"}],"version-history":[{"count":0,"href":"https:\/\/www.rizoma.com\/es\/wp-json\/wp\/v2\/pages\/103746\/revisions"}],"wp:attachment":[{"href":"https:\/\/www.rizoma.com\/es\/wp-json\/wp\/v2\/media?parent=103746"}],"curies":[{"name":"wp","href":"https:\/\/api.w.org\/{rel}","templated":true}]}}