{"id":345223,"date":"2026-04-08T04:05:32","date_gmt":"2026-04-08T02:05:32","guid":{"rendered":"http:\/\/rwp.rizoma.com\/negozio\/stealth-max-bss272\/"},"modified":"2026-04-08T04:06:36","modified_gmt":"2026-04-08T02:06:36","slug":"stealth-max-bss272","status":"publish","type":"product","link":"https:\/\/www.rizoma.com\/de\/negozio\/spiegel\/BSS272\/stealth-max-bss272\/","title":{"rendered":"Stealth Max"},"content":{"rendered":"<p>Stealth Max f\u00fcr Supersport-Motorr\u00e4der: das Erwartete wird Realit\u00e4t. Entwickelt, um den Charakter der sportlichsten Motorr\u00e4der zu unterstreichen, interpretiert Stealth Sport Max die Rizoma-Vision durch ein weiterentwickeltes aerodynamisches Design und h\u00f6chste Verarbeitungsqualit\u00e4t. Ein Zubeh\u00f6r, das \u00c4sthetik, Performance und europ\u00e4ische Homologation vereint und die gesamte konstruktive und fertigungstechnische Pr\u00e4zision von Rizoma auf die Stra\u00dfe bringt.<\/p>\n","protected":false},"excerpt":{"rendered":"<p>Stealth Max f\u00fcr Supersport-Motorr\u00e4der: das Erwartete wird Realit\u00e4t. Entwickelt, um den Charakter der sportlichsten Motorr\u00e4der zu unterstreichen, interpretiert Stealth Sport Max die Rizoma-Vision durch ein weiterentwickeltes aerodynamisches Design und h\u00f6chste Verarbeitungsqualit\u00e4t. Ein Zubeh\u00f6r, das \u00c4sthetik, Performance und europ\u00e4ische Homologation vereint und die gesamte konstruktive und fertigungstechnische Pr\u00e4zision von Rizoma auf die Stra\u00dfe bringt.<\/p>\n","protected":false},"featured_media":339280,"template":"","meta":{"_acf_changed":false},"rizoma_assembly_time":[42664],"rizoma_bike":[42233,44361,42573,44362,42497,42354,44364,42355,44363,42576],"rizoma_division":[42652],"rizoma_family":[42971],"rizoma_model_category":[],"rizoma_product_template":[],"product_brand":[],"product_cat":[42673],"product_tag":[],"class_list":{"0":"post-345223","1":"product","2":"type-product","3":"status-publish","4":"has-post-thumbnail","6":"rizoma_bike-rs-660-2020-24","7":"rizoma_bike-rs-660-2025-26","8":"rizoma_bike-rs-660-extrema-2023-24","9":"rizoma_bike-rs-660-factory-2025-26","10":"rizoma_bike-rs-660-limited-edition-2020-23","11":"rizoma_bike-rsv4-1100-2021-24","12":"rizoma_bike-rsv4-1100-2025-26","13":"rizoma_bike-rsv4-1100-factory-2021-24","14":"rizoma_bike-rsv4-1100-factory-2025-26","15":"rizoma_bike-rsv4-1100-factory-speed-white-2023-24","16":"product_cat-spiegel","18":"first","19":"outofstock","20":"taxable","21":"shipping-taxable","22":"purchasable","23":"product-type-variable"},"acf":[],"_links":{"self":[{"href":"https:\/\/www.rizoma.com\/de\/wp-json\/wp\/v2\/product\/345223","targetHints":{"allow":["GET"]}}],"collection":[{"href":"https:\/\/www.rizoma.com\/de\/wp-json\/wp\/v2\/product"}],"about":[{"href":"https:\/\/www.rizoma.com\/de\/wp-json\/wp\/v2\/types\/product"}],"wp:featuredmedia":[{"embeddable":true,"href":"https:\/\/www.rizoma.com\/de\/wp-json\/wp\/v2\/media\/339280"}],"wp:attachment":[{"href":"https:\/\/www.rizoma.com\/de\/wp-json\/wp\/v2\/media?parent=345223"}],"wp:term":[{"taxonomy":"rizoma_assembly_time","embeddable":true,"href":"https:\/\/www.rizoma.com\/de\/wp-json\/wp\/v2\/rizoma_assembly_time?post=345223"},{"taxonomy":"rizoma_bike","embeddable":true,"href":"https:\/\/www.rizoma.com\/de\/wp-json\/wp\/v2\/rizoma_bike?post=345223"},{"taxonomy":"rizoma_division","embeddable":true,"href":"https:\/\/www.rizoma.com\/de\/wp-json\/wp\/v2\/rizoma_division?post=345223"},{"taxonomy":"rizoma_family","embeddable":true,"href":"https:\/\/www.rizoma.com\/de\/wp-json\/wp\/v2\/rizoma_family?post=345223"},{"taxonomy":"rizoma_model_category","embeddable":true,"href":"https:\/\/www.rizoma.com\/de\/wp-json\/wp\/v2\/rizoma_model_category?post=345223"},{"taxonomy":"rizoma_product_template","embeddable":true,"href":"https:\/\/www.rizoma.com\/de\/wp-json\/wp\/v2\/rizoma_product_template?post=345223"},{"taxonomy":"product_brand","embeddable":true,"href":"https:\/\/www.rizoma.com\/de\/wp-json\/wp\/v2\/product_brand?post=345223"},{"taxonomy":"product_cat","embeddable":true,"href":"https:\/\/www.rizoma.com\/de\/wp-json\/wp\/v2\/product_cat?post=345223"},{"taxonomy":"product_tag","embeddable":true,"href":"https:\/\/www.rizoma.com\/de\/wp-json\/wp\/v2\/product_tag?post=345223"}],"curies":[{"name":"wp","href":"https:\/\/api.w.org\/{rel}","templated":true}]}}