{"id":343249,"date":"2026-02-27T14:05:17","date_gmt":"2026-02-27T13:05:17","guid":{"rendered":"http:\/\/rwp.rizoma.com\/negozio\/stealth-max-bss202\/"},"modified":"2026-02-27T14:05:36","modified_gmt":"2026-02-27T13:05:36","slug":"stealth-max-bss202","status":"publish","type":"product","link":"https:\/\/www.rizoma.com\/de\/negozio\/spiegel\/BSS202\/stealth-max-bss202\/","title":{"rendered":"Stealth Max"},"content":{"rendered":"<p>Stealth Max: das Erwartete wird Realit\u00e4t. Entwickelt, um den Charakter deines T-Max 560 zu unterstreichen, interpretiert Stealth Sport Max die Rizoma-Vision durch ein weiterentwickeltes aerodynamisches Design und h\u00f6chste Verarbeitungsqualit\u00e4t. Ein Zubeh\u00f6r, das \u00c4sthetik, Performance und europ\u00e4ische Homologation vereint und die gesamte konstruktive und fertigungstechnische Pr\u00e4zision von Rizoma auf die Stra\u00dfe bringt.<\/p>\n","protected":false},"excerpt":{"rendered":"<p>Stealth Max: das Erwartete wird Realit\u00e4t. Entwickelt, um den Charakter deines T-Max 560 zu unterstreichen, interpretiert Stealth Sport Max die Rizoma-Vision durch ein weiterentwickeltes aerodynamisches Design und h\u00f6chste Verarbeitungsqualit\u00e4t. Ein Zubeh\u00f6r, das \u00c4sthetik, Performance und europ\u00e4ische Homologation vereint und die gesamte konstruktive und fertigungstechnische Pr\u00e4zision von Rizoma auf die Stra\u00dfe bringt.<\/p>\n","protected":false},"featured_media":343235,"template":"","meta":{"_acf_changed":false},"rizoma_assembly_time":[42664],"rizoma_bike":[43421,44422,43422],"rizoma_division":[42652],"rizoma_family":[42971],"rizoma_model_category":[],"rizoma_product_template":[],"product_brand":[],"product_cat":[42673],"product_tag":[],"class_list":{"0":"post-343249","1":"product","2":"type-product","3":"status-publish","4":"has-post-thumbnail","6":"rizoma_bike-t-max-560-2025-26","7":"rizoma_bike-t-max-560-25th-anniversary-2026","8":"rizoma_bike-t-max-560-tech-max-2025-26","9":"product_cat-spiegel","11":"first","12":"instock","13":"taxable","14":"shipping-taxable","15":"purchasable","16":"product-type-variable"},"acf":[],"_links":{"self":[{"href":"https:\/\/www.rizoma.com\/de\/wp-json\/wp\/v2\/product\/343249","targetHints":{"allow":["GET"]}}],"collection":[{"href":"https:\/\/www.rizoma.com\/de\/wp-json\/wp\/v2\/product"}],"about":[{"href":"https:\/\/www.rizoma.com\/de\/wp-json\/wp\/v2\/types\/product"}],"wp:featuredmedia":[{"embeddable":true,"href":"https:\/\/www.rizoma.com\/de\/wp-json\/wp\/v2\/media\/343235"}],"wp:attachment":[{"href":"https:\/\/www.rizoma.com\/de\/wp-json\/wp\/v2\/media?parent=343249"}],"wp:term":[{"taxonomy":"rizoma_assembly_time","embeddable":true,"href":"https:\/\/www.rizoma.com\/de\/wp-json\/wp\/v2\/rizoma_assembly_time?post=343249"},{"taxonomy":"rizoma_bike","embeddable":true,"href":"https:\/\/www.rizoma.com\/de\/wp-json\/wp\/v2\/rizoma_bike?post=343249"},{"taxonomy":"rizoma_division","embeddable":true,"href":"https:\/\/www.rizoma.com\/de\/wp-json\/wp\/v2\/rizoma_division?post=343249"},{"taxonomy":"rizoma_family","embeddable":true,"href":"https:\/\/www.rizoma.com\/de\/wp-json\/wp\/v2\/rizoma_family?post=343249"},{"taxonomy":"rizoma_model_category","embeddable":true,"href":"https:\/\/www.rizoma.com\/de\/wp-json\/wp\/v2\/rizoma_model_category?post=343249"},{"taxonomy":"rizoma_product_template","embeddable":true,"href":"https:\/\/www.rizoma.com\/de\/wp-json\/wp\/v2\/rizoma_product_template?post=343249"},{"taxonomy":"product_brand","embeddable":true,"href":"https:\/\/www.rizoma.com\/de\/wp-json\/wp\/v2\/product_brand?post=343249"},{"taxonomy":"product_cat","embeddable":true,"href":"https:\/\/www.rizoma.com\/de\/wp-json\/wp\/v2\/product_cat?post=343249"},{"taxonomy":"product_tag","embeddable":true,"href":"https:\/\/www.rizoma.com\/de\/wp-json\/wp\/v2\/product_tag?post=343249"}],"curies":[{"name":"wp","href":"https:\/\/api.w.org\/{rel}","templated":true}]}}