{"id":342678,"date":"2026-02-20T04:05:14","date_gmt":"2026-02-20T03:05:14","guid":{"rendered":"http:\/\/rwp.rizoma.com\/negozio\/rizoma-light-unit-blinkerkit-vordere-fr855\/"},"modified":"2026-04-13T20:46:44","modified_gmt":"2026-04-13T18:46:44","slug":"rizoma-light-unit-blinkerkit-vordere-fr855","status":"publish","type":"product","link":"https:\/\/www.rizoma.com\/de\/negozio\/blinker\/FR855\/rizoma-light-unit-blinkerkit-vordere-fr855\/","title":{"rendered":"Rizoma Light Unit Blinkerkit (Vordere)"},"content":{"rendered":"<p>Im Falle des Austauschs von OEM-R\u00fcckspiegeln, die serienm\u00e4\u00dfig mit integriertem Blinker ausgestattet sind, mit Rizoma Spiegeln ohne integrierten Blinker kann diese Funktion mit dem Rizoma Light Unit vorderen kit wiederhergestellt werden.<br \/>Das Blinker-kit von Rizoma ist die perfekte Erweiterung f\u00fcr alle S 1000 RR-Fahrer, die ihrem Fahrzeug eine innovative und sportliche Note verleihen wollen. <br \/>Das Kit ist Plug &#038; Play und wird komplett mit allem Zubeh\u00f6r geliefert, um die Vorderseite Ihrer BMW anzupassen.Mit E-Zulassung k\u00f6nnen Sie sich auf eine einfache und schnelle Installation und eine gesetzeskonforme Nutzung verlassen.<\/p>\n","protected":false},"excerpt":{"rendered":"<p>Im Falle des Austauschs von OEM-R\u00fcckspiegeln, die serienm\u00e4\u00dfig mit integriertem Blinker ausgestattet sind, mit Rizoma Spiegeln ohne integrierten Blinker kann diese Funktion mit dem Rizoma Light Unit vorderen kit wiederhergestellt werden.Das Blinker-kit von Rizoma ist die perfekte Erweiterung f\u00fcr alle S 1000 RR-Fahrer, die ihrem Fahrzeug eine innovative und sportliche Note verleihen wollen. Das Kit [&hellip;]<\/p>\n","protected":false},"featured_media":339023,"template":"","meta":{"_acf_changed":false},"rizoma_assembly_time":[42675],"rizoma_bike":[42498,42167,42302,42574],"rizoma_division":[42652],"rizoma_family":[43884],"rizoma_model_category":[],"rizoma_product_template":[],"product_brand":[],"product_cat":[42715],"product_tag":[],"class_list":{"0":"post-342678","1":"product","2":"type-product","3":"status-publish","4":"has-post-thumbnail","6":"rizoma_bike-m-1000-rr-50-years-m-2022","7":"rizoma_bike-s-1000-rr-2019-20","8":"rizoma_bike-s-1000-rr-2021-22","9":"rizoma_bike-s-1000-rr-2023-24","10":"product_cat-blinker","12":"first","13":"instock","14":"taxable","15":"shipping-taxable","16":"purchasable","17":"product-type-variable"},"acf":[],"_links":{"self":[{"href":"https:\/\/www.rizoma.com\/de\/wp-json\/wp\/v2\/product\/342678","targetHints":{"allow":["GET"]}}],"collection":[{"href":"https:\/\/www.rizoma.com\/de\/wp-json\/wp\/v2\/product"}],"about":[{"href":"https:\/\/www.rizoma.com\/de\/wp-json\/wp\/v2\/types\/product"}],"wp:featuredmedia":[{"embeddable":true,"href":"https:\/\/www.rizoma.com\/de\/wp-json\/wp\/v2\/media\/339023"}],"wp:attachment":[{"href":"https:\/\/www.rizoma.com\/de\/wp-json\/wp\/v2\/media?parent=342678"}],"wp:term":[{"taxonomy":"rizoma_assembly_time","embeddable":true,"href":"https:\/\/www.rizoma.com\/de\/wp-json\/wp\/v2\/rizoma_assembly_time?post=342678"},{"taxonomy":"rizoma_bike","embeddable":true,"href":"https:\/\/www.rizoma.com\/de\/wp-json\/wp\/v2\/rizoma_bike?post=342678"},{"taxonomy":"rizoma_division","embeddable":true,"href":"https:\/\/www.rizoma.com\/de\/wp-json\/wp\/v2\/rizoma_division?post=342678"},{"taxonomy":"rizoma_family","embeddable":true,"href":"https:\/\/www.rizoma.com\/de\/wp-json\/wp\/v2\/rizoma_family?post=342678"},{"taxonomy":"rizoma_model_category","embeddable":true,"href":"https:\/\/www.rizoma.com\/de\/wp-json\/wp\/v2\/rizoma_model_category?post=342678"},{"taxonomy":"rizoma_product_template","embeddable":true,"href":"https:\/\/www.rizoma.com\/de\/wp-json\/wp\/v2\/rizoma_product_template?post=342678"},{"taxonomy":"product_brand","embeddable":true,"href":"https:\/\/www.rizoma.com\/de\/wp-json\/wp\/v2\/product_brand?post=342678"},{"taxonomy":"product_cat","embeddable":true,"href":"https:\/\/www.rizoma.com\/de\/wp-json\/wp\/v2\/product_cat?post=342678"},{"taxonomy":"product_tag","embeddable":true,"href":"https:\/\/www.rizoma.com\/de\/wp-json\/wp\/v2\/product_tag?post=342678"}],"curies":[{"name":"wp","href":"https:\/\/api.w.org\/{rel}","templated":true}]}}