{"id":342556,"date":"2026-02-15T04:05:17","date_gmt":"2026-02-15T03:05:17","guid":{"rendered":"http:\/\/rwp.rizoma.com\/negozio\/variator-luftforderer-zvp054\/"},"modified":"2026-02-15T04:05:25","modified_gmt":"2026-02-15T03:05:25","slug":"variator-luftforderer-zvp054","status":"publish","type":"product","link":"https:\/\/www.rizoma.com\/de\/negozio\/mehr-fur-ihre-vespa\/ZVP054\/variator-luftforderer-zvp054\/","title":{"rendered":"Variator Luftf\u00f6rderer"},"content":{"rendered":"<p>Rizoma bereichert sein Angebot f\u00fcr die Vespa GTS mit einem neuen, ikonischen Zubeh\u00f6rteil, das die unverwechselbare Designphilosophie von Rizoma widerspiegelt: der Luftf\u00f6rderer f\u00fcr den Variator. <br \/>Die aus einem Aluminiumblock gefr\u00e4ste Abdeckung verbindet ein exklusives Finish mit einem eleganten und innovativen Design: der randlose Au\u00dfenring mit vollst\u00e4ndig verdeckten Befestigungselementen verf\u00fcgt \u00fcber ein transparentes Hightech-Fenster aus Lexan, das es erm\u00f6glicht, die technische Sch\u00f6nheit der Variatoreinheit in Bewegung zu sehen und zu bewundern.<br \/>Neben der \u00c4sthetik sind in die Abdeckung seitliche K\u00fchllufteinl\u00e4sse integriert, die den Luftstrom sinnvoll kanalisieren und die Leistung des Variators insbesondere unter anspruchsvollen Bedingungen optimieren.<br \/>Das Produkt wurde als Plug-and-Play-Teil entwickelt, das eine einfache und unkomplizierte Installation ohne Modifikationen erm\u00f6glicht.<\/p>\n","protected":false},"excerpt":{"rendered":"<p>Rizoma bereichert sein Angebot f\u00fcr die Vespa GTS mit einem neuen, ikonischen Zubeh\u00f6rteil, das die unverwechselbare Designphilosophie von Rizoma widerspiegelt: der Luftf\u00f6rderer f\u00fcr den Variator. Die aus einem Aluminiumblock gefr\u00e4ste Abdeckung verbindet ein exklusives Finish mit einem eleganten und innovativen Design: der randlose Au\u00dfenring mit vollst\u00e4ndig verdeckten Befestigungselementen verf\u00fcgt \u00fcber ein transparentes Hightech-Fenster aus Lexan, [&hellip;]<\/p>\n","protected":false},"featured_media":341641,"template":"","meta":{"_acf_changed":false},"rizoma_assembly_time":[42675],"rizoma_bike":[42557,42556,42560,42559,42636,42566],"rizoma_division":[42652],"rizoma_family":[],"rizoma_model_category":[],"rizoma_product_template":[],"product_brand":[],"product_cat":[42946],"product_tag":[],"class_list":{"0":"post-342556","1":"product","2":"type-product","3":"status-publish","4":"has-post-thumbnail","6":"rizoma_bike-gts-2018-2022","7":"rizoma_bike-gts-2023-2025","8":"rizoma_bike-gts-super-2018-2022","9":"rizoma_bike-gts-super-2023-2025","10":"rizoma_bike-gtv-2023-2024","11":"rizoma_bike-sei-giorni-2018-2022","12":"product_cat-mehr-fur-ihre-vespa","14":"first","15":"instock","16":"taxable","17":"shipping-taxable","18":"purchasable","19":"product-type-variable"},"acf":[],"_links":{"self":[{"href":"https:\/\/www.rizoma.com\/de\/wp-json\/wp\/v2\/product\/342556","targetHints":{"allow":["GET"]}}],"collection":[{"href":"https:\/\/www.rizoma.com\/de\/wp-json\/wp\/v2\/product"}],"about":[{"href":"https:\/\/www.rizoma.com\/de\/wp-json\/wp\/v2\/types\/product"}],"wp:featuredmedia":[{"embeddable":true,"href":"https:\/\/www.rizoma.com\/de\/wp-json\/wp\/v2\/media\/341641"}],"wp:attachment":[{"href":"https:\/\/www.rizoma.com\/de\/wp-json\/wp\/v2\/media?parent=342556"}],"wp:term":[{"taxonomy":"rizoma_assembly_time","embeddable":true,"href":"https:\/\/www.rizoma.com\/de\/wp-json\/wp\/v2\/rizoma_assembly_time?post=342556"},{"taxonomy":"rizoma_bike","embeddable":true,"href":"https:\/\/www.rizoma.com\/de\/wp-json\/wp\/v2\/rizoma_bike?post=342556"},{"taxonomy":"rizoma_division","embeddable":true,"href":"https:\/\/www.rizoma.com\/de\/wp-json\/wp\/v2\/rizoma_division?post=342556"},{"taxonomy":"rizoma_family","embeddable":true,"href":"https:\/\/www.rizoma.com\/de\/wp-json\/wp\/v2\/rizoma_family?post=342556"},{"taxonomy":"rizoma_model_category","embeddable":true,"href":"https:\/\/www.rizoma.com\/de\/wp-json\/wp\/v2\/rizoma_model_category?post=342556"},{"taxonomy":"rizoma_product_template","embeddable":true,"href":"https:\/\/www.rizoma.com\/de\/wp-json\/wp\/v2\/rizoma_product_template?post=342556"},{"taxonomy":"product_brand","embeddable":true,"href":"https:\/\/www.rizoma.com\/de\/wp-json\/wp\/v2\/product_brand?post=342556"},{"taxonomy":"product_cat","embeddable":true,"href":"https:\/\/www.rizoma.com\/de\/wp-json\/wp\/v2\/product_cat?post=342556"},{"taxonomy":"product_tag","embeddable":true,"href":"https:\/\/www.rizoma.com\/de\/wp-json\/wp\/v2\/product_tag?post=342556"}],"curies":[{"name":"wp","href":"https:\/\/api.w.org\/{rel}","templated":true}]}}