{"id":341094,"date":"2025-12-09T17:24:36","date_gmt":"2025-12-09T16:24:36","guid":{"rendered":"https:\/\/www.rizoma.com\/negozio\/scheinwerferschutz-zbw119\/"},"modified":"2026-02-26T11:42:25","modified_gmt":"2026-02-26T10:42:25","slug":"scheinwerferschutz-zbw119","status":"publish","type":"product","link":"https:\/\/www.rizoma.com\/de\/negozio\/mehr-fur-ihre-bmw\/ZBW119\/scheinwerferschutz-zbw119\/","title":{"rendered":"Scheinwerferschutz"},"content":{"rendered":"<p>Die besten Langstreckeneins\u00e4tze erfordern ein H\u00f6chstma\u00df an Komfort und Sicherheit. Rizoma hat den vorderen Scheinwerferschutz entwickelt und dabei das richtige Gleichgewicht zwischen \u00c4sthetik und Funktionalit\u00e4t gesucht. Der Schutz bietet eine angemessene Abdeckung der Scheinwerfergruppe und kombiniert ein eloxiertes Aluminiumgitter mit einem kratzfesten Polycarbonatschild. Achtung: Der Scheinwerferschutz ZBW119 wurde f\u00fcr den Offroad-Einsatz entwickelt.<\/p>\n","protected":false},"excerpt":{"rendered":"<p>Die besten Langstreckeneins\u00e4tze erfordern ein H\u00f6chstma\u00df an Komfort und Sicherheit. Rizoma hat den vorderen Scheinwerferschutz entwickelt und dabei das richtige Gleichgewicht zwischen \u00c4sthetik und Funktionalit\u00e4t gesucht. Der Schutz bietet eine angemessene Abdeckung der Scheinwerfergruppe und kombiniert ein eloxiertes Aluminiumgitter mit einem kratzfesten Polycarbonatschild. Achtung: Der Scheinwerferschutz ZBW119 wurde f\u00fcr den Offroad-Einsatz entwickelt.<\/p>\n","protected":false},"featured_media":340879,"template":"","meta":{"_acf_changed":false},"rizoma_assembly_time":[42664],"rizoma_bike":[43897],"rizoma_division":[42652],"rizoma_family":[],"rizoma_model_category":[],"rizoma_product_template":[],"product_brand":[],"product_cat":[42782],"product_tag":[],"class_list":{"0":"post-341094","1":"product","2":"type-product","3":"status-publish","4":"has-post-thumbnail","6":"rizoma_bike-r-12-g-s-2026","7":"product_cat-mehr-fur-ihre-bmw","9":"first","10":"instock","11":"taxable","12":"shipping-taxable","13":"purchasable","14":"product-type-variable"},"acf":[],"_links":{"self":[{"href":"https:\/\/www.rizoma.com\/de\/wp-json\/wp\/v2\/product\/341094","targetHints":{"allow":["GET"]}}],"collection":[{"href":"https:\/\/www.rizoma.com\/de\/wp-json\/wp\/v2\/product"}],"about":[{"href":"https:\/\/www.rizoma.com\/de\/wp-json\/wp\/v2\/types\/product"}],"wp:featuredmedia":[{"embeddable":true,"href":"https:\/\/www.rizoma.com\/de\/wp-json\/wp\/v2\/media\/340879"}],"wp:attachment":[{"href":"https:\/\/www.rizoma.com\/de\/wp-json\/wp\/v2\/media?parent=341094"}],"wp:term":[{"taxonomy":"rizoma_assembly_time","embeddable":true,"href":"https:\/\/www.rizoma.com\/de\/wp-json\/wp\/v2\/rizoma_assembly_time?post=341094"},{"taxonomy":"rizoma_bike","embeddable":true,"href":"https:\/\/www.rizoma.com\/de\/wp-json\/wp\/v2\/rizoma_bike?post=341094"},{"taxonomy":"rizoma_division","embeddable":true,"href":"https:\/\/www.rizoma.com\/de\/wp-json\/wp\/v2\/rizoma_division?post=341094"},{"taxonomy":"rizoma_family","embeddable":true,"href":"https:\/\/www.rizoma.com\/de\/wp-json\/wp\/v2\/rizoma_family?post=341094"},{"taxonomy":"rizoma_model_category","embeddable":true,"href":"https:\/\/www.rizoma.com\/de\/wp-json\/wp\/v2\/rizoma_model_category?post=341094"},{"taxonomy":"rizoma_product_template","embeddable":true,"href":"https:\/\/www.rizoma.com\/de\/wp-json\/wp\/v2\/rizoma_product_template?post=341094"},{"taxonomy":"product_brand","embeddable":true,"href":"https:\/\/www.rizoma.com\/de\/wp-json\/wp\/v2\/product_brand?post=341094"},{"taxonomy":"product_cat","embeddable":true,"href":"https:\/\/www.rizoma.com\/de\/wp-json\/wp\/v2\/product_cat?post=341094"},{"taxonomy":"product_tag","embeddable":true,"href":"https:\/\/www.rizoma.com\/de\/wp-json\/wp\/v2\/product_tag?post=341094"}],"curies":[{"name":"wp","href":"https:\/\/api.w.org\/{rel}","templated":true}]}}