{"id":339063,"date":"2025-10-15T04:06:04","date_gmt":"2025-10-15T02:06:04","guid":{"rendered":"https:\/\/www.rizoma.com\/negozio\/americana-brems-und-kupplungshebel-kit-lbh100\/"},"modified":"2026-03-20T15:02:52","modified_gmt":"2026-03-20T14:02:52","slug":"americana-brems-und-kupplungshebel-kit-lbh100","status":"publish","type":"product","link":"https:\/\/www.rizoma.com\/de\/negozio\/brems-kupplungshebel\/LBH100\/americana-brems-und-kupplungshebel-kit-lbh100\/motorbike\/115\/ducati\/748\/","title":{"rendered":"AMERICANA Brems- und Kupplungshebel kit"},"content":{"rendered":"<p>Pr\u00e4zise CNC-gefr\u00e4ste Hebel aus massivem Billet-Aluminium verk\u00f6rpern den Geist amerikanischer V-Twins mit un\u00fcbertroffener Ergonomie, Haltbarkeit und Designreinheit.<\/p>\n<p>Ein millimetrischer Griffweiteneinsteller erm\u00f6glicht dem Fahrer die Feinabstimmung des Hebelgef\u00fchls mit hochpr\u00e4zisen Schritten und bietet optimale Kontrolle und Komfort. Abgerundete Kanten und eine erh\u00f6hte Griffdicke verbessern die Griffergonomie, minimieren Druckstellen und verteilen die Last gleichm\u00e4\u00dfig, um Erm\u00fcdungserscheinungen zu verringern &#8211; ob auf langen Fahrten oder im Stop-and-Go-Verkehr.<\/p>\n<p>Die AMERICANA-Hebel sind auf Festigkeit und Langlebigkeit ausgelegt und widerstehen Verschlei\u00df, Vibrationen und den Elementen, so dass sie Kilometer f\u00fcr Kilometer einwandfrei funktionieren und makellos aussehen.<\/p>\n","protected":false},"excerpt":{"rendered":"<p>Pr\u00e4zise CNC-gefr\u00e4ste Hebel aus massivem Billet-Aluminium verk\u00f6rpern den Geist amerikanischer V-Twins mit un\u00fcbertroffener Ergonomie, Haltbarkeit und Designreinheit. Ein millimetrischer Griffweiteneinsteller erm\u00f6glicht dem Fahrer die Feinabstimmung des Hebelgef\u00fchls mit hochpr\u00e4zisen Schritten und bietet optimale Kontrolle und Komfort. Abgerundete Kanten und eine erh\u00f6hte Griffdicke verbessern die Griffergonomie, minimieren Druckstellen und verteilen die Last gleichm\u00e4\u00dfig, um Erm\u00fcdungserscheinungen zu [&hellip;]<\/p>\n","protected":false},"featured_media":338998,"template":"","meta":{"_acf_changed":false},"rizoma_assembly_time":[42691],"rizoma_bike":[44075,44076,44074,44300,44134,44299,44298,44305,44304],"rizoma_division":[42652],"rizoma_family":[],"rizoma_model_category":[],"rizoma_product_template":[],"product_brand":[],"product_cat":[42808],"product_tag":[],"class_list":{"0":"post-339063","1":"product","2":"type-product","3":"status-publish","4":"has-post-thumbnail","6":"rizoma_bike-114-electra-glide-revival-2021-22","7":"rizoma_bike-114-electra-glide-ultra-limited-2021-22-flhtk","8":"rizoma_bike-electra-glide-highway-king-2023","9":"rizoma_bike-freewheeler-2021-26","10":"rizoma_bike-road-king-classic-2021-22","11":"rizoma_bike-tri-glide-ultra-2021-26","12":"rizoma_bike-tri-glide-ultra-anniversary-2023","13":"rizoma_bike-ultra-limited-2022-25","14":"rizoma_bike-ultra-limited-anniversary-2023","15":"product_cat-brems-kupplungshebel","17":"first","18":"instock","19":"taxable","20":"shipping-taxable","21":"purchasable","22":"product-type-variable"},"acf":[],"_links":{"self":[{"href":"https:\/\/www.rizoma.com\/de\/wp-json\/wp\/v2\/product\/339063","targetHints":{"allow":["GET"]}}],"collection":[{"href":"https:\/\/www.rizoma.com\/de\/wp-json\/wp\/v2\/product"}],"about":[{"href":"https:\/\/www.rizoma.com\/de\/wp-json\/wp\/v2\/types\/product"}],"wp:featuredmedia":[{"embeddable":true,"href":"https:\/\/www.rizoma.com\/de\/wp-json\/wp\/v2\/media\/338998"}],"wp:attachment":[{"href":"https:\/\/www.rizoma.com\/de\/wp-json\/wp\/v2\/media?parent=339063"}],"wp:term":[{"taxonomy":"rizoma_assembly_time","embeddable":true,"href":"https:\/\/www.rizoma.com\/de\/wp-json\/wp\/v2\/rizoma_assembly_time?post=339063"},{"taxonomy":"rizoma_bike","embeddable":true,"href":"https:\/\/www.rizoma.com\/de\/wp-json\/wp\/v2\/rizoma_bike?post=339063"},{"taxonomy":"rizoma_division","embeddable":true,"href":"https:\/\/www.rizoma.com\/de\/wp-json\/wp\/v2\/rizoma_division?post=339063"},{"taxonomy":"rizoma_family","embeddable":true,"href":"https:\/\/www.rizoma.com\/de\/wp-json\/wp\/v2\/rizoma_family?post=339063"},{"taxonomy":"rizoma_model_category","embeddable":true,"href":"https:\/\/www.rizoma.com\/de\/wp-json\/wp\/v2\/rizoma_model_category?post=339063"},{"taxonomy":"rizoma_product_template","embeddable":true,"href":"https:\/\/www.rizoma.com\/de\/wp-json\/wp\/v2\/rizoma_product_template?post=339063"},{"taxonomy":"product_brand","embeddable":true,"href":"https:\/\/www.rizoma.com\/de\/wp-json\/wp\/v2\/product_brand?post=339063"},{"taxonomy":"product_cat","embeddable":true,"href":"https:\/\/www.rizoma.com\/de\/wp-json\/wp\/v2\/product_cat?post=339063"},{"taxonomy":"product_tag","embeddable":true,"href":"https:\/\/www.rizoma.com\/de\/wp-json\/wp\/v2\/product_tag?post=339063"}],"curies":[{"name":"wp","href":"https:\/\/api.w.org\/{rel}","templated":true}]}}