{"id":338854,"date":"2025-10-09T04:36:58","date_gmt":"2025-10-09T02:36:58","guid":{"rendered":"https:\/\/www.rizoma.com\/negozio\/widerstands-kit-fur-rizoma-blinker-ee035\/"},"modified":"2025-10-09T04:37:12","modified_gmt":"2025-10-09T02:37:12","slug":"widerstands-kit-fur-rizoma-blinker-ee035","status":"publish","type":"product","link":"https:\/\/www.rizoma.com\/de\/negozio\/blinker\/EE035\/widerstands-kit-fur-rizoma-blinker-ee035\/","title":{"rendered":"Widerstands-Kit f\u00fcr Rizoma-Blinker"},"content":{"rendered":"<p>Widerstands-Kit f\u00fcr Rizoma-Blinker, bestehend aus zwei Widerst\u00e4nden. Widerst\u00e4nde zu je 10 W \/ 15 \u2126.<\/p>\n","protected":false},"excerpt":{"rendered":"<p>Widerstands-Kit f\u00fcr Rizoma-Blinker, bestehend aus zwei Widerst\u00e4nden. Widerst\u00e4nde zu je 10 W \/ 15 \u2126.<\/p>\n","protected":false},"featured_media":298452,"template":"","meta":{"_acf_changed":false},"rizoma_assembly_time":[42664],"rizoma_bike":[],"rizoma_division":[42652],"rizoma_family":[42848],"rizoma_model_category":[],"rizoma_product_template":[],"product_brand":[],"product_cat":[42715],"product_tag":[],"class_list":{"0":"post-338854","1":"product","2":"type-product","3":"status-publish","4":"has-post-thumbnail","6":"product_cat-blinker","8":"first","9":"outofstock","10":"taxable","11":"shipping-taxable","12":"purchasable","13":"product-type-variable"},"acf":[],"_links":{"self":[{"href":"https:\/\/www.rizoma.com\/de\/wp-json\/wp\/v2\/product\/338854","targetHints":{"allow":["GET"]}}],"collection":[{"href":"https:\/\/www.rizoma.com\/de\/wp-json\/wp\/v2\/product"}],"about":[{"href":"https:\/\/www.rizoma.com\/de\/wp-json\/wp\/v2\/types\/product"}],"wp:featuredmedia":[{"embeddable":true,"href":"https:\/\/www.rizoma.com\/de\/wp-json\/wp\/v2\/media\/298452"}],"wp:attachment":[{"href":"https:\/\/www.rizoma.com\/de\/wp-json\/wp\/v2\/media?parent=338854"}],"wp:term":[{"taxonomy":"rizoma_assembly_time","embeddable":true,"href":"https:\/\/www.rizoma.com\/de\/wp-json\/wp\/v2\/rizoma_assembly_time?post=338854"},{"taxonomy":"rizoma_bike","embeddable":true,"href":"https:\/\/www.rizoma.com\/de\/wp-json\/wp\/v2\/rizoma_bike?post=338854"},{"taxonomy":"rizoma_division","embeddable":true,"href":"https:\/\/www.rizoma.com\/de\/wp-json\/wp\/v2\/rizoma_division?post=338854"},{"taxonomy":"rizoma_family","embeddable":true,"href":"https:\/\/www.rizoma.com\/de\/wp-json\/wp\/v2\/rizoma_family?post=338854"},{"taxonomy":"rizoma_model_category","embeddable":true,"href":"https:\/\/www.rizoma.com\/de\/wp-json\/wp\/v2\/rizoma_model_category?post=338854"},{"taxonomy":"rizoma_product_template","embeddable":true,"href":"https:\/\/www.rizoma.com\/de\/wp-json\/wp\/v2\/rizoma_product_template?post=338854"},{"taxonomy":"product_brand","embeddable":true,"href":"https:\/\/www.rizoma.com\/de\/wp-json\/wp\/v2\/product_brand?post=338854"},{"taxonomy":"product_cat","embeddable":true,"href":"https:\/\/www.rizoma.com\/de\/wp-json\/wp\/v2\/product_cat?post=338854"},{"taxonomy":"product_tag","embeddable":true,"href":"https:\/\/www.rizoma.com\/de\/wp-json\/wp\/v2\/product_tag?post=338854"}],"curies":[{"name":"wp","href":"https:\/\/api.w.org\/{rel}","templated":true}]}}