{"id":336857,"date":"2025-07-08T14:53:19","date_gmt":"2025-07-08T12:53:19","guid":{"rendered":"https:\/\/www.rizoma.com\/negozio\/r21-bs125\/"},"modified":"2025-12-11T21:41:40","modified_gmt":"2025-12-11T20:41:40","slug":"r21-bs125","status":"publish","type":"product","link":"https:\/\/www.rizoma.com\/de\/negozio\/spiegel\/BS125\/r21-bs125\/","title":{"rendered":"R21"},"content":{"rendered":"<p>Kein Spiegel: eine unsichtbare R\u00fccksichtlinse. Nur 18\u202fg, unzerbrechliche ZEISS\u00ae-Linse, magnetische Befestigung.<br \/>R21 erm\u00f6glicht dir den Blick nach hinten, ohne den Kopf zu drehen &#8211; bleib im Flow.<\/p>\n<p>Entwickelt f\u00fcr alle, die sehen wollen, ohne sich umzudrehen, die im Rhythmus bleiben und bewusster fahren m\u00f6chten.<br \/>Die ZEISS\u00ae-Linse bietet eine klare, verzerrungsfreie Sicht, ist unzerbrechlich und kratzfest. Ihr aerodynamisches Profil wurde im Windkanal getestet.<br \/>Das magnetische System sorgt f\u00fcr sicheren Halt und eine schnelle Entfernung mit nur einer Bewegung.<\/p>\n<p>Im Inneren des Lenkers befindet sich die Einstelleinheit: eine integrierte Kugel f\u00fcr fl\u00fcssige und pr\u00e4zise Anpassung an unterschiedliche Positionen und Konfigurationen.<br \/>Auf dieser unsichtbaren Basis sitzt die optische Einheit, welche die R\u00fccksichtlinse integriert \u2013 kompakt, funktional, minimalistisch.<br \/>R21 ist f\u00fcr alle, die einen kompromisslosen Vorteil suchen.<br \/>Unsichtbare Technologie, erh\u00f6hte Sicherheit, durchgehende Sicht.<br \/>F\u00fcr alle, die nie wieder zur\u00fcckblicken wollen.<\/p>\n","protected":false},"excerpt":{"rendered":"<p>Kein Spiegel: eine unsichtbare R\u00fccksichtlinse. Nur 18\u202fg, unzerbrechliche ZEISS\u00ae-Linse, magnetische Befestigung.R21 erm\u00f6glicht dir den Blick nach hinten, ohne den Kopf zu drehen &#8211; bleib im Flow. Entwickelt f\u00fcr alle, die sehen wollen, ohne sich umzudrehen, die im Rhythmus bleiben und bewusster fahren m\u00f6chten.Die ZEISS\u00ae-Linse bietet eine klare, verzerrungsfreie Sicht, ist unzerbrechlich und kratzfest. Ihr aerodynamisches [&hellip;]<\/p>\n","protected":false},"featured_media":336812,"template":"","meta":{"_acf_changed":false},"rizoma_assembly_time":[42664],"rizoma_bike":[],"rizoma_division":[43901],"rizoma_family":[42926],"rizoma_model_category":[],"rizoma_product_template":[],"product_brand":[],"product_cat":[42673],"product_tag":[],"class_list":{"0":"post-336857","1":"product","2":"type-product","3":"status-publish","4":"has-post-thumbnail","6":"product_cat-spiegel","8":"first","9":"instock","10":"taxable","11":"shipping-taxable","12":"purchasable","13":"product-type-variable"},"acf":[],"_links":{"self":[{"href":"https:\/\/www.rizoma.com\/de\/wp-json\/wp\/v2\/product\/336857","targetHints":{"allow":["GET"]}}],"collection":[{"href":"https:\/\/www.rizoma.com\/de\/wp-json\/wp\/v2\/product"}],"about":[{"href":"https:\/\/www.rizoma.com\/de\/wp-json\/wp\/v2\/types\/product"}],"wp:featuredmedia":[{"embeddable":true,"href":"https:\/\/www.rizoma.com\/de\/wp-json\/wp\/v2\/media\/336812"}],"wp:attachment":[{"href":"https:\/\/www.rizoma.com\/de\/wp-json\/wp\/v2\/media?parent=336857"}],"wp:term":[{"taxonomy":"rizoma_assembly_time","embeddable":true,"href":"https:\/\/www.rizoma.com\/de\/wp-json\/wp\/v2\/rizoma_assembly_time?post=336857"},{"taxonomy":"rizoma_bike","embeddable":true,"href":"https:\/\/www.rizoma.com\/de\/wp-json\/wp\/v2\/rizoma_bike?post=336857"},{"taxonomy":"rizoma_division","embeddable":true,"href":"https:\/\/www.rizoma.com\/de\/wp-json\/wp\/v2\/rizoma_division?post=336857"},{"taxonomy":"rizoma_family","embeddable":true,"href":"https:\/\/www.rizoma.com\/de\/wp-json\/wp\/v2\/rizoma_family?post=336857"},{"taxonomy":"rizoma_model_category","embeddable":true,"href":"https:\/\/www.rizoma.com\/de\/wp-json\/wp\/v2\/rizoma_model_category?post=336857"},{"taxonomy":"rizoma_product_template","embeddable":true,"href":"https:\/\/www.rizoma.com\/de\/wp-json\/wp\/v2\/rizoma_product_template?post=336857"},{"taxonomy":"product_brand","embeddable":true,"href":"https:\/\/www.rizoma.com\/de\/wp-json\/wp\/v2\/product_brand?post=336857"},{"taxonomy":"product_cat","embeddable":true,"href":"https:\/\/www.rizoma.com\/de\/wp-json\/wp\/v2\/product_cat?post=336857"},{"taxonomy":"product_tag","embeddable":true,"href":"https:\/\/www.rizoma.com\/de\/wp-json\/wp\/v2\/product_tag?post=336857"}],"curies":[{"name":"wp","href":"https:\/\/api.w.org\/{rel}","templated":true}]}}